{"id":6731,"date":"2022-06-21T10:08:19","date_gmt":"2022-06-21T08:08:19","guid":{"rendered":"https:\/\/harte.sk\/abfallenden-aluminium-pergolen-mit-pvc-schiebedach\/"},"modified":"2025-01-12T17:29:16","modified_gmt":"2025-01-12T16:29:16","slug":"abfallenden-aluminium-pergolen-mit-pvc-schiebedach","status":"publish","type":"page","link":"https:\/\/harte.sk\/de\/rahmenlose-schiebeverglasung\/abfallenden-aluminium-pergolen-mit-pvc-schiebedach\/","title":{"rendered":"Abfallenden Aluminium-Pergolen mit PVC-Schiebedach"},"content":{"rendered":"\t\t<div data-elementor-type=\"wp-page\" data-elementor-id=\"6731\" class=\"elementor elementor-6731 elementor-6101\" data-elementor-post-type=\"page\">\n\t\t\t\t\t\t<section class=\"elementor-section elementor-top-section elementor-element elementor-element-c3e287f elementor-section-boxed elementor-section-height-default elementor-section-height-default\" data-id=\"c3e287f\" data-element_type=\"section\" data-settings=\"{&quot;jet_parallax_layout_list&quot;:[]}\">\n\t\t\t\t\t\t<div class=\"elementor-container elementor-column-gap-default\">\n\t\t\t\t\t<div class=\"elementor-column elementor-col-100 elementor-top-column elementor-element elementor-element-7dcb0e7 ot-flex-column-vertical\" data-id=\"7dcb0e7\" data-element_type=\"column\">\n\t\t\t<div class=\"elementor-widget-wrap elementor-element-populated\">\n\t\t\t\t\t\t<div class=\"elementor-element elementor-element-b400b61 elementor-widget elementor-widget-heading\" data-id=\"b400b61\" data-element_type=\"widget\" data-widget_type=\"heading.default\">\n\t\t\t\t<div class=\"elementor-widget-container\">\n\t\t\t<h2 class=\"elementor-heading-title elementor-size-default\">Produkte<\/h2>\t\t<\/div>\n\t\t\t\t<\/div>\n\t\t\t\t\t<\/div>\n\t\t<\/div>\n\t\t\t\t\t<\/div>\n\t\t<\/section>\n\t\t\t\t<section class=\"elementor-section elementor-top-section elementor-element elementor-element-bac45ec elementor-section-content-space-between elementor-section-boxed elementor-section-height-default elementor-section-height-default\" data-id=\"bac45ec\" data-element_type=\"section\" data-settings=\"{&quot;jet_parallax_layout_list&quot;:[]}\">\n\t\t\t\t\t\t<div class=\"elementor-container elementor-column-gap-default\">\n\t\t\t\t\t<div class=\"elementor-column elementor-col-33 elementor-top-column elementor-element elementor-element-a8a28f7 ot-flex-column-vertical\" data-id=\"a8a28f7\" data-element_type=\"column\">\n\t\t\t<div class=\"elementor-widget-wrap elementor-element-populated\">\n\t\t\t\t\t\t<div class=\"elementor-element elementor-element-d798b18 elementor-widget elementor-widget-image\" data-id=\"d798b18\" data-element_type=\"widget\" data-widget_type=\"image.default\">\n\t\t\t\t<div class=\"elementor-widget-container\">\n\t\t\t\t\t\t\t\t\t\t\t\t\t<img decoding=\"async\" src=\"https:\/\/harte.sk\/wp-content\/uploads\/elementor\/thumbs\/level-auto-beallo-305-1-qzr6fv18ftl8lcegfcqyebtikswcmy6at4152rq5rg.jpg\" title=\"level auto beallo -305\" alt=\"level auto beallo -305\" loading=\"lazy\" \/>\t\t\t\t\t\t\t\t\t\t\t\t\t<\/div>\n\t\t\t\t<\/div>\n\t\t\t\t<div class=\"elementor-element elementor-element-a16acfb elementor-widget elementor-widget-heading\" data-id=\"a16acfb\" data-element_type=\"widget\" data-widget_type=\"heading.default\">\n\t\t\t\t<div class=\"elementor-widget-container\">\n\t\t\t<h2 class=\"elementor-heading-title elementor-size-default\">Pergola Live<\/h2>\t\t<\/div>\n\t\t\t\t<\/div>\n\t\t\t\t<div class=\"elementor-element elementor-element-18a722d elementor-widget elementor-widget-button\" data-id=\"18a722d\" data-element_type=\"widget\" data-widget_type=\"button.default\">\n\t\t\t\t<div class=\"elementor-widget-container\">\n\t\t\t\t\t<div class=\"elementor-button-wrapper\">\n\t\t\t<a class=\"elementor-button elementor-button-link elementor-size-sm\" href=\"https:\/\/harte.sk\/de\/rahmenlose-schiebeverglasung\/abfallenden-aluminium-pergolen-mit-pvc-schiebedach\/pergola-live\/\">\n\t\t\t\t\t\t<span class=\"elementor-button-content-wrapper\">\n\t\t\t\t\t\t<span class=\"elementor-button-text\">Mehr Informationen<\/span>\n\t\t<\/span>\n\t\t\t\t\t<\/a>\n\t\t<\/div>\n\t\t\t\t<\/div>\n\t\t\t\t<\/div>\n\t\t\t\t\t<\/div>\n\t\t<\/div>\n\t\t\t\t<div class=\"elementor-column elementor-col-33 elementor-top-column elementor-element elementor-element-e20b1cb ot-flex-column-vertical\" data-id=\"e20b1cb\" data-element_type=\"column\">\n\t\t\t<div class=\"elementor-widget-wrap\">\n\t\t\t\t\t\t\t<\/div>\n\t\t<\/div>\n\t\t\t\t<div class=\"elementor-column elementor-col-33 elementor-top-column elementor-element elementor-element-f319ff6 ot-flex-column-vertical\" data-id=\"f319ff6\" data-element_type=\"column\">\n\t\t\t<div class=\"elementor-widget-wrap\">\n\t\t\t\t\t\t\t<\/div>\n\t\t<\/div>\n\t\t\t\t\t<\/div>\n\t\t<\/section>\n\t\t\t\t<\/div>\n\t\t","protected":false},"excerpt":{"rendered":"<p>Produkte Pergola Live Mehr Informationen<\/p>\n","protected":false},"author":1,"featured_media":0,"parent":6765,"menu_order":0,"comment_status":"closed","ping_status":"closed","template":"elementor_header_footer","meta":{"_mi_skip_tracking":false,"footnotes":""},"class_list":["post-6731","page","type-page","status-publish","hentry"],"yoast_head":"<!-- This site is optimized with the Yoast SEO plugin v20.5 - https:\/\/yoast.com\/wordpress\/plugins\/seo\/ -->\n<title>Abfallenden Aluminium-Pergolen mit PVC-Schiebedach<\/title>\n<meta name=\"description\" content=\"Pergolen mit einem Schiebedach aus PVC sch\u00fctzen Terrassen bei sch\u00f6nem und schlechtem Wetter vor Sonneneinstrahlung. Sie bestehen aus einer stabilen Aluminiumkonstruktion...\" \/>\n<meta name=\"robots\" content=\"index, follow, max-snippet:-1, max-image-preview:large, max-video-preview:-1\" \/>\n<link rel=\"canonical\" href=\"https:\/\/harte.sk\/de\/rahmenlose-schiebeverglasung\/abfallenden-aluminium-pergolen-mit-pvc-schiebedach\/\" \/>\n<meta property=\"og:locale\" content=\"de_DE\" \/>\n<meta property=\"og:type\" content=\"article\" \/>\n<meta property=\"og:title\" content=\"Abfallenden Aluminium-Pergolen mit PVC-Schiebedach\" \/>\n<meta property=\"og:description\" content=\"Pergolen mit einem Schiebedach aus PVC sch\u00fctzen Terrassen bei sch\u00f6nem und schlechtem Wetter vor Sonneneinstrahlung. Sie bestehen aus einer stabilen Aluminiumkonstruktion...\" \/>\n<meta property=\"og:url\" content=\"https:\/\/harte.sk\/de\/rahmenlose-schiebeverglasung\/abfallenden-aluminium-pergolen-mit-pvc-schiebedach\/\" \/>\n<meta property=\"og:site_name\" content=\"Harte.sk\" \/>\n<meta property=\"article:modified_time\" content=\"2025-01-12T16:29:16+00:00\" \/>\n<meta property=\"og:image\" content=\"https:\/\/harte.sk\/wp-content\/uploads\/elementor\/thumbs\/level-auto-beallo-305-1-qzr6fv18ftl8lcegfcqyebtikswcmy6at4152rq5rg.jpg\" \/>\n<meta name=\"twitter:card\" content=\"summary_large_image\" \/>\n<meta name=\"twitter:label1\" content=\"Gesch\u00e4tzte Lesezeit\" \/>\n\t<meta name=\"twitter:data1\" content=\"1\u00a0Minute\" \/>\n<script type=\"application\/ld+json\" class=\"yoast-schema-graph\">{\"@context\":\"https:\/\/schema.org\",\"@graph\":[{\"@type\":\"WebPage\",\"@id\":\"https:\/\/harte.sk\/de\/rahmenlose-schiebeverglasung\/abfallenden-aluminium-pergolen-mit-pvc-schiebedach\/\",\"url\":\"https:\/\/harte.sk\/de\/rahmenlose-schiebeverglasung\/abfallenden-aluminium-pergolen-mit-pvc-schiebedach\/\",\"name\":\"Abfallenden Aluminium-Pergolen mit PVC-Schiebedach\",\"isPartOf\":{\"@id\":\"https:\/\/harte.sk\/de\/#website\"},\"datePublished\":\"2022-06-21T08:08:19+00:00\",\"dateModified\":\"2025-01-12T16:29:16+00:00\",\"description\":\"Pergolen mit einem Schiebedach aus PVC sch\u00fctzen Terrassen bei sch\u00f6nem und schlechtem Wetter vor Sonneneinstrahlung. Sie bestehen aus einer stabilen Aluminiumkonstruktion...\",\"breadcrumb\":{\"@id\":\"https:\/\/harte.sk\/de\/rahmenlose-schiebeverglasung\/abfallenden-aluminium-pergolen-mit-pvc-schiebedach\/#breadcrumb\"},\"inLanguage\":\"de\",\"potentialAction\":[{\"@type\":\"ReadAction\",\"target\":[\"https:\/\/harte.sk\/de\/rahmenlose-schiebeverglasung\/abfallenden-aluminium-pergolen-mit-pvc-schiebedach\/\"]}]},{\"@type\":\"BreadcrumbList\",\"@id\":\"https:\/\/harte.sk\/de\/rahmenlose-schiebeverglasung\/abfallenden-aluminium-pergolen-mit-pvc-schiebedach\/#breadcrumb\",\"itemListElement\":[{\"@type\":\"ListItem\",\"position\":1,\"name\":\"Domovsk\u00e1 str\u00e1nka\",\"item\":\"https:\/\/harte.sk\/de\/\"},{\"@type\":\"ListItem\",\"position\":2,\"name\":\"Produkte\",\"item\":\"https:\/\/harte.sk\/de\/products\/\"},{\"@type\":\"ListItem\",\"position\":3,\"name\":\"Abfallenden Aluminium-Pergolen mit PVC-Schiebedach\"}]},{\"@type\":\"WebSite\",\"@id\":\"https:\/\/harte.sk\/de\/#website\",\"url\":\"https:\/\/harte.sk\/de\/\",\"name\":\"Harte.sk\",\"description\":\"Len \u010fal\u0161ia WordPress str\u00e1nka\",\"publisher\":{\"@id\":\"https:\/\/harte.sk\/de\/#organization\"},\"potentialAction\":[{\"@type\":\"SearchAction\",\"target\":{\"@type\":\"EntryPoint\",\"urlTemplate\":\"https:\/\/harte.sk\/de\/?s={search_term_string}\"},\"query-input\":\"required name=search_term_string\"}],\"inLanguage\":\"de\"},{\"@type\":\"Organization\",\"@id\":\"https:\/\/harte.sk\/de\/#organization\",\"name\":\"Harte.sk\",\"url\":\"https:\/\/harte.sk\/de\/\",\"logo\":{\"@type\":\"ImageObject\",\"inLanguage\":\"de\",\"@id\":\"https:\/\/harte.sk\/de\/#\/schema\/logo\/image\/\",\"url\":\"https:\/\/harte.sk\/wp-content\/uploads\/2020\/06\/harte-black.svg\",\"contentUrl\":\"https:\/\/harte.sk\/wp-content\/uploads\/2020\/06\/harte-black.svg\",\"width\":282,\"height\":103,\"caption\":\"Harte.sk\"},\"image\":{\"@id\":\"https:\/\/harte.sk\/de\/#\/schema\/logo\/image\/\"}}]}<\/script>\n<!-- \/ Yoast SEO plugin. -->","yoast_head_json":{"title":"Abfallenden Aluminium-Pergolen mit PVC-Schiebedach","description":"Pergolen mit einem Schiebedach aus PVC sch\u00fctzen Terrassen bei sch\u00f6nem und schlechtem Wetter vor Sonneneinstrahlung. Sie bestehen aus einer stabilen Aluminiumkonstruktion...","robots":{"index":"index","follow":"follow","max-snippet":"max-snippet:-1","max-image-preview":"max-image-preview:large","max-video-preview":"max-video-preview:-1"},"canonical":"https:\/\/harte.sk\/de\/rahmenlose-schiebeverglasung\/abfallenden-aluminium-pergolen-mit-pvc-schiebedach\/","og_locale":"de_DE","og_type":"article","og_title":"Abfallenden Aluminium-Pergolen mit PVC-Schiebedach","og_description":"Pergolen mit einem Schiebedach aus PVC sch\u00fctzen Terrassen bei sch\u00f6nem und schlechtem Wetter vor Sonneneinstrahlung. Sie bestehen aus einer stabilen Aluminiumkonstruktion...","og_url":"https:\/\/harte.sk\/de\/rahmenlose-schiebeverglasung\/abfallenden-aluminium-pergolen-mit-pvc-schiebedach\/","og_site_name":"Harte.sk","article_modified_time":"2025-01-12T16:29:16+00:00","og_image":[{"url":"https:\/\/harte.sk\/wp-content\/uploads\/elementor\/thumbs\/level-auto-beallo-305-1-qzr6fv18ftl8lcegfcqyebtikswcmy6at4152rq5rg.jpg"}],"twitter_card":"summary_large_image","twitter_misc":{"Gesch\u00e4tzte Lesezeit":"1\u00a0Minute"},"schema":{"@context":"https:\/\/schema.org","@graph":[{"@type":"WebPage","@id":"https:\/\/harte.sk\/de\/rahmenlose-schiebeverglasung\/abfallenden-aluminium-pergolen-mit-pvc-schiebedach\/","url":"https:\/\/harte.sk\/de\/rahmenlose-schiebeverglasung\/abfallenden-aluminium-pergolen-mit-pvc-schiebedach\/","name":"Abfallenden Aluminium-Pergolen mit PVC-Schiebedach","isPartOf":{"@id":"https:\/\/harte.sk\/de\/#website"},"datePublished":"2022-06-21T08:08:19+00:00","dateModified":"2025-01-12T16:29:16+00:00","description":"Pergolen mit einem Schiebedach aus PVC sch\u00fctzen Terrassen bei sch\u00f6nem und schlechtem Wetter vor Sonneneinstrahlung. Sie bestehen aus einer stabilen Aluminiumkonstruktion...","breadcrumb":{"@id":"https:\/\/harte.sk\/de\/rahmenlose-schiebeverglasung\/abfallenden-aluminium-pergolen-mit-pvc-schiebedach\/#breadcrumb"},"inLanguage":"de","potentialAction":[{"@type":"ReadAction","target":["https:\/\/harte.sk\/de\/rahmenlose-schiebeverglasung\/abfallenden-aluminium-pergolen-mit-pvc-schiebedach\/"]}]},{"@type":"BreadcrumbList","@id":"https:\/\/harte.sk\/de\/rahmenlose-schiebeverglasung\/abfallenden-aluminium-pergolen-mit-pvc-schiebedach\/#breadcrumb","itemListElement":[{"@type":"ListItem","position":1,"name":"Domovsk\u00e1 str\u00e1nka","item":"https:\/\/harte.sk\/de\/"},{"@type":"ListItem","position":2,"name":"Produkte","item":"https:\/\/harte.sk\/de\/products\/"},{"@type":"ListItem","position":3,"name":"Abfallenden Aluminium-Pergolen mit PVC-Schiebedach"}]},{"@type":"WebSite","@id":"https:\/\/harte.sk\/de\/#website","url":"https:\/\/harte.sk\/de\/","name":"Harte.sk","description":"Len \u010fal\u0161ia WordPress str\u00e1nka","publisher":{"@id":"https:\/\/harte.sk\/de\/#organization"},"potentialAction":[{"@type":"SearchAction","target":{"@type":"EntryPoint","urlTemplate":"https:\/\/harte.sk\/de\/?s={search_term_string}"},"query-input":"required name=search_term_string"}],"inLanguage":"de"},{"@type":"Organization","@id":"https:\/\/harte.sk\/de\/#organization","name":"Harte.sk","url":"https:\/\/harte.sk\/de\/","logo":{"@type":"ImageObject","inLanguage":"de","@id":"https:\/\/harte.sk\/de\/#\/schema\/logo\/image\/","url":"https:\/\/harte.sk\/wp-content\/uploads\/2020\/06\/harte-black.svg","contentUrl":"https:\/\/harte.sk\/wp-content\/uploads\/2020\/06\/harte-black.svg","width":282,"height":103,"caption":"Harte.sk"},"image":{"@id":"https:\/\/harte.sk\/de\/#\/schema\/logo\/image\/"}}]}},"_links":{"self":[{"href":"https:\/\/harte.sk\/de\/wp-json\/wp\/v2\/pages\/6731","targetHints":{"allow":["GET"]}}],"collection":[{"href":"https:\/\/harte.sk\/de\/wp-json\/wp\/v2\/pages"}],"about":[{"href":"https:\/\/harte.sk\/de\/wp-json\/wp\/v2\/types\/page"}],"author":[{"embeddable":true,"href":"https:\/\/harte.sk\/de\/wp-json\/wp\/v2\/users\/1"}],"replies":[{"embeddable":true,"href":"https:\/\/harte.sk\/de\/wp-json\/wp\/v2\/comments?post=6731"}],"version-history":[{"count":8,"href":"https:\/\/harte.sk\/de\/wp-json\/wp\/v2\/pages\/6731\/revisions"}],"predecessor-version":[{"id":8643,"href":"https:\/\/harte.sk\/de\/wp-json\/wp\/v2\/pages\/6731\/revisions\/8643"}],"up":[{"embeddable":true,"href":"https:\/\/harte.sk\/de\/wp-json\/wp\/v2\/pages\/6765"}],"wp:attachment":[{"href":"https:\/\/harte.sk\/de\/wp-json\/wp\/v2\/media?parent=6731"}],"curies":[{"name":"wp","href":"https:\/\/api.w.org\/{rel}","templated":true}]}}