{"id":6735,"date":"2022-06-21T11:20:42","date_gmt":"2022-06-21T09:20:42","guid":{"rendered":"https:\/\/harte.sk\/verglasungssysteme\/"},"modified":"2025-01-12T17:33:07","modified_gmt":"2025-01-12T16:33:07","slug":"verglasungssysteme","status":"publish","type":"page","link":"https:\/\/harte.sk\/de\/rahmenlose-schiebeverglasung\/verglasungssysteme\/","title":{"rendered":"Verglasungssysteme"},"content":{"rendered":"\t\t<div data-elementor-type=\"wp-page\" data-elementor-id=\"6735\" class=\"elementor elementor-6735 elementor-6180\" data-elementor-post-type=\"page\">\n\t\t\t\t\t\t<section class=\"elementor-section elementor-top-section elementor-element elementor-element-95390ea elementor-section-boxed elementor-section-height-default elementor-section-height-default\" data-id=\"95390ea\" data-element_type=\"section\" data-settings=\"{&quot;jet_parallax_layout_list&quot;:[]}\">\n\t\t\t\t\t\t<div class=\"elementor-container elementor-column-gap-default\">\n\t\t\t\t\t<div class=\"elementor-column elementor-col-100 elementor-top-column elementor-element elementor-element-f9636eb ot-flex-column-vertical\" data-id=\"f9636eb\" data-element_type=\"column\">\n\t\t\t<div class=\"elementor-widget-wrap elementor-element-populated\">\n\t\t\t\t\t\t<div class=\"elementor-element elementor-element-2b44031 elementor-widget elementor-widget-text-editor\" data-id=\"2b44031\" data-element_type=\"widget\" data-widget_type=\"text-editor.default\">\n\t\t\t\t<div class=\"elementor-widget-container\">\n\t\t\t\t\t\t\t<p>Mit Schiebe- und Festverglasungen k\u00f6nnen Sie die Seiten von Pavillons, Pergolen und anderen Geb\u00e4ude\u00f6ffnungen schnell und einfach schlie\u00dfen. Durch die Verglasung von Pergolen erhalten Sie mehr Komfort und steigern den Wert Ihres Sommergartens. Schiebeverglasungen eignen sich sowohl f\u00fcr Einfamilienh\u00e4user als auch f\u00fcr Restaurants und Hotels und bieten eine praktische und sichere L\u00f6sung.<\/p>\n\t\t\t\t\t\t<\/div>\n\t\t\t\t<\/div>\n\t\t\t\t\t<\/div>\n\t\t<\/div>\n\t\t\t\t\t<\/div>\n\t\t<\/section>\n\t\t\t\t<section class=\"elementor-section elementor-top-section elementor-element elementor-element-c3e287f elementor-section-boxed elementor-section-height-default elementor-section-height-default\" data-id=\"c3e287f\" data-element_type=\"section\" data-settings=\"{&quot;jet_parallax_layout_list&quot;:[]}\">\n\t\t\t\t\t\t<div class=\"elementor-container elementor-column-gap-default\">\n\t\t\t\t\t<div class=\"elementor-column elementor-col-100 elementor-top-column elementor-element elementor-element-7dcb0e7 ot-flex-column-vertical\" data-id=\"7dcb0e7\" data-element_type=\"column\">\n\t\t\t<div class=\"elementor-widget-wrap elementor-element-populated\">\n\t\t\t\t\t\t<div class=\"elementor-element elementor-element-b400b61 elementor-widget elementor-widget-heading\" data-id=\"b400b61\" data-element_type=\"widget\" data-widget_type=\"heading.default\">\n\t\t\t\t<div class=\"elementor-widget-container\">\n\t\t\t<h2 class=\"elementor-heading-title elementor-size-default\">Produkte<\/h2>\t\t<\/div>\n\t\t\t\t<\/div>\n\t\t\t\t\t<\/div>\n\t\t<\/div>\n\t\t\t\t\t<\/div>\n\t\t<\/section>\n\t\t\t\t<section class=\"elementor-section elementor-top-section elementor-element elementor-element-bac45ec elementor-section-content-space-between elementor-section-boxed elementor-section-height-default elementor-section-height-default\" data-id=\"bac45ec\" data-element_type=\"section\" data-settings=\"{&quot;jet_parallax_layout_list&quot;:[]}\">\n\t\t\t\t\t\t<div class=\"elementor-container elementor-column-gap-default\">\n\t\t\t\t\t<div class=\"elementor-column elementor-col-33 elementor-top-column elementor-element elementor-element-a8a28f7 ot-flex-column-vertical\" data-id=\"a8a28f7\" data-element_type=\"column\">\n\t\t\t<div class=\"elementor-widget-wrap elementor-element-populated\">\n\t\t\t\t\t\t<div class=\"elementor-element elementor-element-d798b18 elementor-widget elementor-widget-image\" data-id=\"d798b18\" data-element_type=\"widget\" data-widget_type=\"image.default\">\n\t\t\t\t<div class=\"elementor-widget-container\">\n\t\t\t\t\t\t\t\t\t\t\t\t\t<img decoding=\"async\" src=\"https:\/\/harte.sk\/wp-content\/uploads\/elementor\/thumbs\/level-auto-beallo-430-qzr6y9pga0sdyfnvxt6xq6lhdg64dk92c7ygeuflws.jpg\" title=\"level auto beallo -430\" alt=\"level auto beallo -430\" loading=\"lazy\" \/>\t\t\t\t\t\t\t\t\t\t\t\t\t<\/div>\n\t\t\t\t<\/div>\n\t\t\t\t<div class=\"elementor-element elementor-element-a16acfb elementor-widget elementor-widget-heading\" data-id=\"a16acfb\" data-element_type=\"widget\" data-widget_type=\"heading.default\">\n\t\t\t\t<div class=\"elementor-widget-container\">\n\t\t\t<h2 class=\"elementor-heading-title elementor-size-default\">Slide Glance\n<\/h2>\t\t<\/div>\n\t\t\t\t<\/div>\n\t\t\t\t<div class=\"elementor-element elementor-element-30507e1 elementor-widget elementor-widget-heading\" data-id=\"30507e1\" data-element_type=\"widget\" data-widget_type=\"heading.default\">\n\t\t\t\t<div class=\"elementor-widget-container\">\n\t\t\t<p class=\"elementor-heading-title elementor-size-default\">Rahmenlose Schiebeverglasung\n<\/p>\t\t<\/div>\n\t\t\t\t<\/div>\n\t\t\t\t<div class=\"elementor-element elementor-element-18a722d elementor-widget elementor-widget-button\" data-id=\"18a722d\" data-element_type=\"widget\" data-widget_type=\"button.default\">\n\t\t\t\t<div class=\"elementor-widget-container\">\n\t\t\t\t\t<div class=\"elementor-button-wrapper\">\n\t\t\t<a class=\"elementor-button elementor-button-link elementor-size-sm\" href=\"https:\/\/harte.sk\/de\/rahmenlose-schiebeverglasung\/verglasungssysteme\/slide-glance\/\">\n\t\t\t\t\t\t<span class=\"elementor-button-content-wrapper\">\n\t\t\t\t\t\t<span class=\"elementor-button-text\">Mehr Informationen<\/span>\n\t\t<\/span>\n\t\t\t\t\t<\/a>\n\t\t<\/div>\n\t\t\t\t<\/div>\n\t\t\t\t<\/div>\n\t\t\t\t\t<\/div>\n\t\t<\/div>\n\t\t\t\t<div class=\"elementor-column elementor-col-33 elementor-top-column elementor-element elementor-element-e20b1cb ot-flex-column-vertical\" data-id=\"e20b1cb\" data-element_type=\"column\">\n\t\t\t<div class=\"elementor-widget-wrap elementor-element-populated\">\n\t\t\t\t\t\t<div class=\"elementor-element elementor-element-4570ab7 elementor-widget elementor-widget-image\" data-id=\"4570ab7\" data-element_type=\"widget\" data-widget_type=\"image.default\">\n\t\t\t\t<div class=\"elementor-widget-container\">\n\t\t\t\t\t\t\t\t\t\t\t\t\t<img decoding=\"async\" src=\"https:\/\/harte.sk\/wp-content\/uploads\/elementor\/thumbs\/level-auto-beallo-310-1-qzr6zogqj2pvddm5pf4sgtsdg97xx7ukj76obsccks.jpg\" title=\"level auto beallo -310\" alt=\"level auto beallo -310\" loading=\"lazy\" \/>\t\t\t\t\t\t\t\t\t\t\t\t\t<\/div>\n\t\t\t\t<\/div>\n\t\t\t\t<div class=\"elementor-element elementor-element-173a6d6 elementor-widget elementor-widget-heading\" data-id=\"173a6d6\" data-element_type=\"widget\" data-widget_type=\"heading.default\">\n\t\t\t\t<div class=\"elementor-widget-container\">\n\t\t\t<h2 class=\"elementor-heading-title elementor-size-default\">Slide Frame <\/h2>\t\t<\/div>\n\t\t\t\t<\/div>\n\t\t\t\t<div class=\"elementor-element elementor-element-ab8f63e elementor-widget elementor-widget-heading\" data-id=\"ab8f63e\" data-element_type=\"widget\" data-widget_type=\"heading.default\">\n\t\t\t\t<div class=\"elementor-widget-container\">\n\t\t\t<p class=\"elementor-heading-title elementor-size-default\">Rahmenschiebeverglasung<\/p>\t\t<\/div>\n\t\t\t\t<\/div>\n\t\t\t\t<div class=\"elementor-element elementor-element-54e98c0 elementor-widget elementor-widget-button\" data-id=\"54e98c0\" data-element_type=\"widget\" data-widget_type=\"button.default\">\n\t\t\t\t<div class=\"elementor-widget-container\">\n\t\t\t\t\t<div class=\"elementor-button-wrapper\">\n\t\t\t<a class=\"elementor-button elementor-button-link elementor-size-sm\" href=\"https:\/\/harte.sk\/de\/rahmenlose-schiebeverglasung\/verglasungssysteme\/slide-frame\/\">\n\t\t\t\t\t\t<span class=\"elementor-button-content-wrapper\">\n\t\t\t\t\t\t<span class=\"elementor-button-text\">Mehr Informationen<\/span>\n\t\t<\/span>\n\t\t\t\t\t<\/a>\n\t\t<\/div>\n\t\t\t\t<\/div>\n\t\t\t\t<\/div>\n\t\t\t\t\t<\/div>\n\t\t<\/div>\n\t\t\t\t<div class=\"elementor-column elementor-col-33 elementor-top-column elementor-element elementor-element-f319ff6 ot-flex-column-vertical\" data-id=\"f319ff6\" data-element_type=\"column\">\n\t\t\t<div class=\"elementor-widget-wrap elementor-element-populated\">\n\t\t\t\t\t\t<div class=\"elementor-element elementor-element-645e298 elementor-widget elementor-widget-image\" data-id=\"645e298\" data-element_type=\"widget\" data-widget_type=\"image.default\">\n\t\t\t\t<div class=\"elementor-widget-container\">\n\t\t\t\t\t\t\t\t\t\t\t\t\t<img decoding=\"async\" src=\"https:\/\/harte.sk\/wp-content\/uploads\/elementor\/thumbs\/level-auto-beallo-432-1-qzr80e1tg4z0t4ahcae8ukago0a0jnl68wfd2twtkc.jpg\" title=\"level auto beallo -432\" alt=\"level auto beallo -432\" loading=\"lazy\" \/>\t\t\t\t\t\t\t\t\t\t\t\t\t<\/div>\n\t\t\t\t<\/div>\n\t\t\t\t<div class=\"elementor-element elementor-element-4cfa79b elementor-widget elementor-widget-heading\" data-id=\"4cfa79b\" data-element_type=\"widget\" data-widget_type=\"heading.default\">\n\t\t\t\t<div class=\"elementor-widget-container\">\n\t\t\t<h2 class=\"elementor-heading-title elementor-size-default\">Slide Frame Thermo \n<\/h2>\t\t<\/div>\n\t\t\t\t<\/div>\n\t\t\t\t<div class=\"elementor-element elementor-element-4661b49 elementor-widget elementor-widget-heading\" data-id=\"4661b49\" data-element_type=\"widget\" data-widget_type=\"heading.default\">\n\t\t\t\t<div class=\"elementor-widget-container\">\n\t\t\t<p class=\"elementor-heading-title elementor-size-default\">Schieberahmenverglasung mit PTM <\/p>\t\t<\/div>\n\t\t\t\t<\/div>\n\t\t\t\t<div class=\"elementor-element elementor-element-4e38fac elementor-widget elementor-widget-button\" data-id=\"4e38fac\" data-element_type=\"widget\" data-widget_type=\"button.default\">\n\t\t\t\t<div class=\"elementor-widget-container\">\n\t\t\t\t\t<div class=\"elementor-button-wrapper\">\n\t\t\t<a class=\"elementor-button elementor-button-link elementor-size-sm\" href=\"https:\/\/harte.sk\/de\/rahmenlose-schiebeverglasung\/verglasungssysteme\/slide-frame-thermo\/\">\n\t\t\t\t\t\t<span class=\"elementor-button-content-wrapper\">\n\t\t\t\t\t\t<span class=\"elementor-button-text\">Mehr Informationen<\/span>\n\t\t<\/span>\n\t\t\t\t\t<\/a>\n\t\t<\/div>\n\t\t\t\t<\/div>\n\t\t\t\t<\/div>\n\t\t\t\t\t<\/div>\n\t\t<\/div>\n\t\t\t\t\t<\/div>\n\t\t<\/section>\n\t\t\t\t<section class=\"elementor-section elementor-top-section elementor-element elementor-element-c0646c8 elementor-section-content-space-between elementor-section-boxed elementor-section-height-default elementor-section-height-default\" data-id=\"c0646c8\" data-element_type=\"section\" data-settings=\"{&quot;jet_parallax_layout_list&quot;:[]}\">\n\t\t\t\t\t\t<div class=\"elementor-container elementor-column-gap-default\">\n\t\t\t\t\t<div class=\"elementor-column elementor-col-33 elementor-top-column elementor-element elementor-element-2e3870c ot-flex-column-vertical\" data-id=\"2e3870c\" data-element_type=\"column\">\n\t\t\t<div class=\"elementor-widget-wrap elementor-element-populated\">\n\t\t\t\t\t\t<div class=\"elementor-element elementor-element-ef7057e elementor-widget elementor-widget-image\" data-id=\"ef7057e\" data-element_type=\"widget\" data-widget_type=\"image.default\">\n\t\t\t\t<div class=\"elementor-widget-container\">\n\t\t\t\t\t\t\t\t\t\t\t\t\t<img decoding=\"async\" src=\"https:\/\/harte.sk\/wp-content\/uploads\/elementor\/thumbs\/level-auto-beallo-296-2-qzr85cn5inri3132dfld0b81j7tr65a69gdm9ek0q4.jpg\" title=\"level auto beallo -296\" alt=\"level auto beallo -296\" loading=\"lazy\" \/>\t\t\t\t\t\t\t\t\t\t\t\t\t<\/div>\n\t\t\t\t<\/div>\n\t\t\t\t<div class=\"elementor-element elementor-element-52c6f22 elementor-widget elementor-widget-heading\" data-id=\"52c6f22\" data-element_type=\"widget\" data-widget_type=\"heading.default\">\n\t\t\t\t<div class=\"elementor-widget-container\">\n\t\t\t<h2 class=\"elementor-heading-title elementor-size-default\">Frame Fix\n<\/h2>\t\t<\/div>\n\t\t\t\t<\/div>\n\t\t\t\t<div class=\"elementor-element elementor-element-0f6c5c6 elementor-widget elementor-widget-heading\" data-id=\"0f6c5c6\" data-element_type=\"widget\" data-widget_type=\"heading.default\">\n\t\t\t\t<div class=\"elementor-widget-container\">\n\t\t\t<p class=\"elementor-heading-title elementor-size-default\">Rahmenfestverglasung<\/p>\t\t<\/div>\n\t\t\t\t<\/div>\n\t\t\t\t<div class=\"elementor-element elementor-element-3b07fcc elementor-widget elementor-widget-button\" data-id=\"3b07fcc\" data-element_type=\"widget\" data-widget_type=\"button.default\">\n\t\t\t\t<div class=\"elementor-widget-container\">\n\t\t\t\t\t<div class=\"elementor-button-wrapper\">\n\t\t\t<a class=\"elementor-button elementor-button-link elementor-size-sm\" href=\"https:\/\/harte.sk\/de\/rahmenlose-schiebeverglasung\/verglasungssysteme\/frame-fix\/\">\n\t\t\t\t\t\t<span class=\"elementor-button-content-wrapper\">\n\t\t\t\t\t\t<span class=\"elementor-button-text\">Mehr Informationen<\/span>\n\t\t<\/span>\n\t\t\t\t\t<\/a>\n\t\t<\/div>\n\t\t\t\t<\/div>\n\t\t\t\t<\/div>\n\t\t\t\t\t<\/div>\n\t\t<\/div>\n\t\t\t\t<div class=\"elementor-column elementor-col-33 elementor-top-column elementor-element elementor-element-240dd02 ot-flex-column-vertical\" data-id=\"240dd02\" data-element_type=\"column\">\n\t\t\t<div class=\"elementor-widget-wrap elementor-element-populated\">\n\t\t\t\t\t\t<div class=\"elementor-element elementor-element-6872fd0 elementor-widget elementor-widget-image\" data-id=\"6872fd0\" data-element_type=\"widget\" data-widget_type=\"image.default\">\n\t\t\t\t<div class=\"elementor-widget-container\">\n\t\t\t\t\t\t\t\t\t\t\t\t\t<img decoding=\"async\" src=\"https:\/\/harte.sk\/wp-content\/uploads\/elementor\/thumbs\/level-auto-beallo-440-qzr7e49highfpqn4e5th9om9yc1x5u64uny6psxmzw.jpg\" title=\"level auto beallo -440\" alt=\"level auto beallo -440\" loading=\"lazy\" \/>\t\t\t\t\t\t\t\t\t\t\t\t\t<\/div>\n\t\t\t\t<\/div>\n\t\t\t\t<div class=\"elementor-element elementor-element-2b7c67c elementor-widget elementor-widget-heading\" data-id=\"2b7c67c\" data-element_type=\"widget\" data-widget_type=\"heading.default\">\n\t\t\t\t<div class=\"elementor-widget-container\">\n\t\t\t<h2 class=\"elementor-heading-title elementor-size-default\">Frame Fix Thermo\n<\/h2>\t\t<\/div>\n\t\t\t\t<\/div>\n\t\t\t\t<div class=\"elementor-element elementor-element-ac0224d elementor-widget elementor-widget-heading\" data-id=\"ac0224d\" data-element_type=\"widget\" data-widget_type=\"heading.default\">\n\t\t\t\t<div class=\"elementor-widget-container\">\n\t\t\t<p class=\"elementor-heading-title elementor-size-default\">Rahmenfestverglasung mit PTM<\/p>\t\t<\/div>\n\t\t\t\t<\/div>\n\t\t\t\t<div class=\"elementor-element elementor-element-b710566 elementor-widget elementor-widget-button\" data-id=\"b710566\" data-element_type=\"widget\" data-widget_type=\"button.default\">\n\t\t\t\t<div class=\"elementor-widget-container\">\n\t\t\t\t\t<div class=\"elementor-button-wrapper\">\n\t\t\t<a class=\"elementor-button elementor-button-link elementor-size-sm\" href=\"https:\/\/harte.sk\/de\/rahmenlose-schiebeverglasung\/verglasungssysteme\/frame-fix-thermo\/\">\n\t\t\t\t\t\t<span class=\"elementor-button-content-wrapper\">\n\t\t\t\t\t\t<span class=\"elementor-button-text\">Mehr Informationen<\/span>\n\t\t<\/span>\n\t\t\t\t\t<\/a>\n\t\t<\/div>\n\t\t\t\t<\/div>\n\t\t\t\t<\/div>\n\t\t\t\t\t<\/div>\n\t\t<\/div>\n\t\t\t\t<div class=\"elementor-column elementor-col-33 elementor-top-column elementor-element elementor-element-7c16d0c ot-flex-column-vertical\" data-id=\"7c16d0c\" data-element_type=\"column\">\n\t\t\t<div class=\"elementor-widget-wrap\">\n\t\t\t\t\t\t\t<\/div>\n\t\t<\/div>\n\t\t\t\t\t<\/div>\n\t\t<\/section>\n\t\t\t\t<\/div>\n\t\t","protected":false},"excerpt":{"rendered":"<p>Mit Schiebe- und Festverglasungen k\u00f6nnen Sie die Seiten von Pavillons, Pergolen und anderen Geb\u00e4ude\u00f6ffnungen schnell und einfach schlie\u00dfen. Durch die Verglasung von Pergolen erhalten Sie mehr Komfort und steigern den Wert Ihres Sommergartens. Schiebeverglasungen eignen sich sowohl f\u00fcr Einfamilienh\u00e4user als auch f\u00fcr Restaurants und Hotels und bieten eine praktische und sichere L\u00f6sung. Produkte Slide Glance [&hellip;]<\/p>\n","protected":false},"author":1,"featured_media":0,"parent":6765,"menu_order":0,"comment_status":"closed","ping_status":"closed","template":"elementor_header_footer","meta":{"_mi_skip_tracking":false,"footnotes":""},"class_list":["post-6735","page","type-page","status-publish","hentry"],"yoast_head":"<!-- This site is optimized with the Yoast SEO plugin v20.5 - https:\/\/yoast.com\/wordpress\/plugins\/seo\/ -->\n<title>Verglasungssysteme - Harte.sk<\/title>\n<meta name=\"description\" content=\"Mit Schiebe- und Festverglasungen k\u00f6nnen Sie die Seiten von Pavillons, Pergolen und anderen Geb\u00e4ude\u00f6ffnungen schnell und einfach schlie\u00dfen.\" \/>\n<meta name=\"robots\" content=\"index, follow, max-snippet:-1, max-image-preview:large, max-video-preview:-1\" \/>\n<link rel=\"canonical\" href=\"https:\/\/harte.sk\/de\/rahmenlose-schiebeverglasung\/verglasungssysteme\/\" \/>\n<meta property=\"og:locale\" content=\"de_DE\" \/>\n<meta property=\"og:type\" content=\"article\" \/>\n<meta property=\"og:title\" content=\"Verglasungssysteme - Harte.sk\" \/>\n<meta property=\"og:description\" content=\"Mit Schiebe- und Festverglasungen k\u00f6nnen Sie die Seiten von Pavillons, Pergolen und anderen Geb\u00e4ude\u00f6ffnungen schnell und einfach schlie\u00dfen.\" \/>\n<meta property=\"og:url\" content=\"https:\/\/harte.sk\/de\/rahmenlose-schiebeverglasung\/verglasungssysteme\/\" \/>\n<meta property=\"og:site_name\" content=\"Harte.sk\" \/>\n<meta property=\"article:modified_time\" content=\"2025-01-12T16:33:07+00:00\" \/>\n<meta property=\"og:image\" content=\"https:\/\/harte.sk\/wp-content\/uploads\/elementor\/thumbs\/level-auto-beallo-430-qzr6y9pga0sdyfnvxt6xq6lhdg64dk92c7ygeuflws.jpg\" \/>\n<meta name=\"twitter:card\" content=\"summary_large_image\" \/>\n<meta name=\"twitter:label1\" content=\"Gesch\u00e4tzte Lesezeit\" \/>\n\t<meta name=\"twitter:data1\" content=\"2\u00a0Minuten\" \/>\n<script type=\"application\/ld+json\" class=\"yoast-schema-graph\">{\"@context\":\"https:\/\/schema.org\",\"@graph\":[{\"@type\":\"WebPage\",\"@id\":\"https:\/\/harte.sk\/de\/rahmenlose-schiebeverglasung\/verglasungssysteme\/\",\"url\":\"https:\/\/harte.sk\/de\/rahmenlose-schiebeverglasung\/verglasungssysteme\/\",\"name\":\"Verglasungssysteme - Harte.sk\",\"isPartOf\":{\"@id\":\"https:\/\/harte.sk\/de\/#website\"},\"datePublished\":\"2022-06-21T09:20:42+00:00\",\"dateModified\":\"2025-01-12T16:33:07+00:00\",\"description\":\"Mit Schiebe- und Festverglasungen k\u00f6nnen Sie die Seiten von Pavillons, Pergolen und anderen Geb\u00e4ude\u00f6ffnungen schnell und einfach schlie\u00dfen.\",\"breadcrumb\":{\"@id\":\"https:\/\/harte.sk\/de\/rahmenlose-schiebeverglasung\/verglasungssysteme\/#breadcrumb\"},\"inLanguage\":\"de\",\"potentialAction\":[{\"@type\":\"ReadAction\",\"target\":[\"https:\/\/harte.sk\/de\/rahmenlose-schiebeverglasung\/verglasungssysteme\/\"]}]},{\"@type\":\"BreadcrumbList\",\"@id\":\"https:\/\/harte.sk\/de\/rahmenlose-schiebeverglasung\/verglasungssysteme\/#breadcrumb\",\"itemListElement\":[{\"@type\":\"ListItem\",\"position\":1,\"name\":\"Domovsk\u00e1 str\u00e1nka\",\"item\":\"https:\/\/harte.sk\/de\/\"},{\"@type\":\"ListItem\",\"position\":2,\"name\":\"Produkte\",\"item\":\"https:\/\/harte.sk\/de\/products\/\"},{\"@type\":\"ListItem\",\"position\":3,\"name\":\"Verglasungssysteme\"}]},{\"@type\":\"WebSite\",\"@id\":\"https:\/\/harte.sk\/de\/#website\",\"url\":\"https:\/\/harte.sk\/de\/\",\"name\":\"Harte.sk\",\"description\":\"Len \u010fal\u0161ia WordPress str\u00e1nka\",\"publisher\":{\"@id\":\"https:\/\/harte.sk\/de\/#organization\"},\"potentialAction\":[{\"@type\":\"SearchAction\",\"target\":{\"@type\":\"EntryPoint\",\"urlTemplate\":\"https:\/\/harte.sk\/de\/?s={search_term_string}\"},\"query-input\":\"required name=search_term_string\"}],\"inLanguage\":\"de\"},{\"@type\":\"Organization\",\"@id\":\"https:\/\/harte.sk\/de\/#organization\",\"name\":\"Harte.sk\",\"url\":\"https:\/\/harte.sk\/de\/\",\"logo\":{\"@type\":\"ImageObject\",\"inLanguage\":\"de\",\"@id\":\"https:\/\/harte.sk\/de\/#\/schema\/logo\/image\/\",\"url\":\"https:\/\/harte.sk\/wp-content\/uploads\/2020\/06\/harte-black.svg\",\"contentUrl\":\"https:\/\/harte.sk\/wp-content\/uploads\/2020\/06\/harte-black.svg\",\"width\":282,\"height\":103,\"caption\":\"Harte.sk\"},\"image\":{\"@id\":\"https:\/\/harte.sk\/de\/#\/schema\/logo\/image\/\"}}]}<\/script>\n<!-- \/ Yoast SEO plugin. -->","yoast_head_json":{"title":"Verglasungssysteme - Harte.sk","description":"Mit Schiebe- und Festverglasungen k\u00f6nnen Sie die Seiten von Pavillons, Pergolen und anderen Geb\u00e4ude\u00f6ffnungen schnell und einfach schlie\u00dfen.","robots":{"index":"index","follow":"follow","max-snippet":"max-snippet:-1","max-image-preview":"max-image-preview:large","max-video-preview":"max-video-preview:-1"},"canonical":"https:\/\/harte.sk\/de\/rahmenlose-schiebeverglasung\/verglasungssysteme\/","og_locale":"de_DE","og_type":"article","og_title":"Verglasungssysteme - Harte.sk","og_description":"Mit Schiebe- und Festverglasungen k\u00f6nnen Sie die Seiten von Pavillons, Pergolen und anderen Geb\u00e4ude\u00f6ffnungen schnell und einfach schlie\u00dfen.","og_url":"https:\/\/harte.sk\/de\/rahmenlose-schiebeverglasung\/verglasungssysteme\/","og_site_name":"Harte.sk","article_modified_time":"2025-01-12T16:33:07+00:00","og_image":[{"url":"https:\/\/harte.sk\/wp-content\/uploads\/elementor\/thumbs\/level-auto-beallo-430-qzr6y9pga0sdyfnvxt6xq6lhdg64dk92c7ygeuflws.jpg"}],"twitter_card":"summary_large_image","twitter_misc":{"Gesch\u00e4tzte Lesezeit":"2\u00a0Minuten"},"schema":{"@context":"https:\/\/schema.org","@graph":[{"@type":"WebPage","@id":"https:\/\/harte.sk\/de\/rahmenlose-schiebeverglasung\/verglasungssysteme\/","url":"https:\/\/harte.sk\/de\/rahmenlose-schiebeverglasung\/verglasungssysteme\/","name":"Verglasungssysteme - Harte.sk","isPartOf":{"@id":"https:\/\/harte.sk\/de\/#website"},"datePublished":"2022-06-21T09:20:42+00:00","dateModified":"2025-01-12T16:33:07+00:00","description":"Mit Schiebe- und Festverglasungen k\u00f6nnen Sie die Seiten von Pavillons, Pergolen und anderen Geb\u00e4ude\u00f6ffnungen schnell und einfach schlie\u00dfen.","breadcrumb":{"@id":"https:\/\/harte.sk\/de\/rahmenlose-schiebeverglasung\/verglasungssysteme\/#breadcrumb"},"inLanguage":"de","potentialAction":[{"@type":"ReadAction","target":["https:\/\/harte.sk\/de\/rahmenlose-schiebeverglasung\/verglasungssysteme\/"]}]},{"@type":"BreadcrumbList","@id":"https:\/\/harte.sk\/de\/rahmenlose-schiebeverglasung\/verglasungssysteme\/#breadcrumb","itemListElement":[{"@type":"ListItem","position":1,"name":"Domovsk\u00e1 str\u00e1nka","item":"https:\/\/harte.sk\/de\/"},{"@type":"ListItem","position":2,"name":"Produkte","item":"https:\/\/harte.sk\/de\/products\/"},{"@type":"ListItem","position":3,"name":"Verglasungssysteme"}]},{"@type":"WebSite","@id":"https:\/\/harte.sk\/de\/#website","url":"https:\/\/harte.sk\/de\/","name":"Harte.sk","description":"Len \u010fal\u0161ia WordPress str\u00e1nka","publisher":{"@id":"https:\/\/harte.sk\/de\/#organization"},"potentialAction":[{"@type":"SearchAction","target":{"@type":"EntryPoint","urlTemplate":"https:\/\/harte.sk\/de\/?s={search_term_string}"},"query-input":"required name=search_term_string"}],"inLanguage":"de"},{"@type":"Organization","@id":"https:\/\/harte.sk\/de\/#organization","name":"Harte.sk","url":"https:\/\/harte.sk\/de\/","logo":{"@type":"ImageObject","inLanguage":"de","@id":"https:\/\/harte.sk\/de\/#\/schema\/logo\/image\/","url":"https:\/\/harte.sk\/wp-content\/uploads\/2020\/06\/harte-black.svg","contentUrl":"https:\/\/harte.sk\/wp-content\/uploads\/2020\/06\/harte-black.svg","width":282,"height":103,"caption":"Harte.sk"},"image":{"@id":"https:\/\/harte.sk\/de\/#\/schema\/logo\/image\/"}}]}},"_links":{"self":[{"href":"https:\/\/harte.sk\/de\/wp-json\/wp\/v2\/pages\/6735","targetHints":{"allow":["GET"]}}],"collection":[{"href":"https:\/\/harte.sk\/de\/wp-json\/wp\/v2\/pages"}],"about":[{"href":"https:\/\/harte.sk\/de\/wp-json\/wp\/v2\/types\/page"}],"author":[{"embeddable":true,"href":"https:\/\/harte.sk\/de\/wp-json\/wp\/v2\/users\/1"}],"replies":[{"embeddable":true,"href":"https:\/\/harte.sk\/de\/wp-json\/wp\/v2\/comments?post=6735"}],"version-history":[{"count":10,"href":"https:\/\/harte.sk\/de\/wp-json\/wp\/v2\/pages\/6735\/revisions"}],"predecessor-version":[{"id":8649,"href":"https:\/\/harte.sk\/de\/wp-json\/wp\/v2\/pages\/6735\/revisions\/8649"}],"up":[{"embeddable":true,"href":"https:\/\/harte.sk\/de\/wp-json\/wp\/v2\/pages\/6765"}],"wp:attachment":[{"href":"https:\/\/harte.sk\/de\/wp-json\/wp\/v2\/media?parent=6735"}],"curies":[{"name":"wp","href":"https:\/\/api.w.org\/{rel}","templated":true}]}}