{"id":6770,"date":"2022-06-14T08:48:36","date_gmt":"2022-06-14T06:48:36","guid":{"rendered":"https:\/\/harte.sk\/geschuetzter-inhalt\/"},"modified":"2022-08-17T15:52:04","modified_gmt":"2022-08-17T13:52:04","slug":"geschuetzter-inhalt","status":"publish","type":"page","link":"https:\/\/harte.sk\/de\/geschuetzter-inhalt\/","title":{"rendered":"Gesch\u00fctzter Inhalt"},"content":{"rendered":"\t\t<div data-elementor-type=\"wp-page\" data-elementor-id=\"6770\" class=\"elementor elementor-6770 elementor-4929\" data-elementor-post-type=\"page\">\n\t\t\t\t\t\t<section class=\"elementor-section elementor-top-section elementor-element elementor-element-756c0fe elementor-section-boxed elementor-section-height-default elementor-section-height-default\" data-id=\"756c0fe\" data-element_type=\"section\" data-settings=\"{&quot;jet_parallax_layout_list&quot;:[]}\">\n\t\t\t\t\t\t<div class=\"elementor-container elementor-column-gap-default\">\n\t\t\t\t\t<div class=\"elementor-column elementor-col-100 elementor-top-column elementor-element elementor-element-c0cb328 ot-flex-column-vertical\" data-id=\"c0cb328\" data-element_type=\"column\">\n\t\t\t<div class=\"elementor-widget-wrap elementor-element-populated\">\n\t\t\t\t\t\t<div class=\"elementor-element elementor-element-8c009b2 elementor-align-center elementor-widget elementor-widget-lottie\" data-id=\"8c009b2\" data-element_type=\"widget\" data-settings=\"{&quot;source_json&quot;:{&quot;url&quot;:&quot;https:\\\/\\\/harte.sk\\\/wp-content\\\/uploads\\\/2022\\\/06\\\/77964-lock.json&quot;,&quot;id&quot;:4934,&quot;size&quot;:&quot;&quot;,&quot;alt&quot;:&quot;&quot;,&quot;source&quot;:&quot;library&quot;},&quot;start_point&quot;:{&quot;unit&quot;:&quot;%&quot;,&quot;size&quot;:16,&quot;sizes&quot;:[]},&quot;end_point&quot;:{&quot;unit&quot;:&quot;%&quot;,&quot;size&quot;:80,&quot;sizes&quot;:[]},&quot;source&quot;:&quot;media_file&quot;,&quot;caption_source&quot;:&quot;none&quot;,&quot;link_to&quot;:&quot;none&quot;,&quot;trigger&quot;:&quot;arriving_to_viewport&quot;,&quot;viewport&quot;:{&quot;unit&quot;:&quot;%&quot;,&quot;size&quot;:&quot;&quot;,&quot;sizes&quot;:{&quot;start&quot;:0,&quot;end&quot;:100}},&quot;play_speed&quot;:{&quot;unit&quot;:&quot;px&quot;,&quot;size&quot;:1,&quot;sizes&quot;:[]},&quot;renderer&quot;:&quot;svg&quot;}\" data-widget_type=\"lottie.default\">\n\t\t\t\t<div class=\"elementor-widget-container\">\n\t\t\t<div class=\"e-lottie__container\"><div class=\"e-lottie__animation\"><\/div><\/div>\t\t<\/div>\n\t\t\t\t<\/div>\n\t\t\t\t<div class=\"elementor-element elementor-element-3f3fad1 elementor-widget elementor-widget-heading\" data-id=\"3f3fad1\" data-element_type=\"widget\" data-widget_type=\"heading.default\">\n\t\t\t\t<div class=\"elementor-widget-container\">\n\t\t\t<h2 class=\"elementor-heading-title elementor-size-default\">Gesch\u00fctzter Inhalt \n\n<\/h2>\t\t<\/div>\n\t\t\t\t<\/div>\n\t\t\t\t<div class=\"elementor-element elementor-element-5f40565 elementor-widget elementor-widget-heading\" data-id=\"5f40565\" data-element_type=\"widget\" data-widget_type=\"heading.default\">\n\t\t\t\t<div class=\"elementor-widget-container\">\n\t\t\t<p class=\"elementor-heading-title elementor-size-default\">Der Inhalt, den Sie sehen m\u00f6chten, ist leider nur fu\u0308r Mitglieder verfu\u0308gbar.<\/p>\t\t<\/div>\n\t\t\t\t<\/div>\n\t\t\t\t<div class=\"elementor-element elementor-element-e934199 elementor-widget elementor-widget-spacer\" data-id=\"e934199\" data-element_type=\"widget\" data-widget_type=\"spacer.default\">\n\t\t\t\t<div class=\"elementor-widget-container\">\n\t\t\t\t\t<div class=\"elementor-spacer\">\n\t\t\t<div class=\"elementor-spacer-inner\"><\/div>\n\t\t<\/div>\n\t\t\t\t<\/div>\n\t\t\t\t<\/div>\n\t\t\t\t<div class=\"elementor-element elementor-element-018a9ec elementor-widget__width-auto elementor-widget elementor-widget-button\" data-id=\"018a9ec\" data-element_type=\"widget\" data-widget_type=\"button.default\">\n\t\t\t\t<div class=\"elementor-widget-container\">\n\t\t\t\t\t<div class=\"elementor-button-wrapper\">\n\t\t\t<a class=\"elementor-button elementor-button-link elementor-size-sm\" href=\"https:\/\/harte.sk\/de\/anmelden\/\">\n\t\t\t\t\t\t<span class=\"elementor-button-content-wrapper\">\n\t\t\t\t\t\t<span class=\"elementor-button-text\">Anmelden<\/span>\n\t\t<\/span>\n\t\t\t\t\t<\/a>\n\t\t<\/div>\n\t\t\t\t<\/div>\n\t\t\t\t<\/div>\n\t\t\t\t<div class=\"elementor-element elementor-element-9dbec20 elementor-widget__width-auto elementor-widget elementor-widget-button\" data-id=\"9dbec20\" data-element_type=\"widget\" data-widget_type=\"button.default\">\n\t\t\t\t<div class=\"elementor-widget-container\">\n\t\t\t\t\t<div class=\"elementor-button-wrapper\">\n\t\t\t<a class=\"elementor-button elementor-button-link elementor-size-sm\" href=\"https:\/\/harte.sk\/de\/registrieren\/\">\n\t\t\t\t\t\t<span class=\"elementor-button-content-wrapper\">\n\t\t\t\t\t\t<span class=\"elementor-button-text\">Registrieren<\/span>\n\t\t<\/span>\n\t\t\t\t\t<\/a>\n\t\t<\/div>\n\t\t\t\t<\/div>\n\t\t\t\t<\/div>\n\t\t\t\t\t<\/div>\n\t\t<\/div>\n\t\t\t\t\t<\/div>\n\t\t<\/section>\n\t\t\t\t<\/div>\n\t\t","protected":false},"excerpt":{"rendered":"<p>Gesch\u00fctzter Inhalt Der Inhalt, den Sie sehen m\u00f6chten, ist leider nur fu\u0308r Mitglieder verfu\u0308gbar. Anmelden Registrieren<\/p>\n","protected":false},"author":1,"featured_media":0,"parent":0,"menu_order":0,"comment_status":"closed","ping_status":"closed","template":"elementor_header_footer","meta":{"_mi_skip_tracking":false,"footnotes":""},"class_list":["post-6770","page","type-page","status-publish","hentry"],"yoast_head":"<!-- This site is optimized with the Yoast SEO plugin v20.5 - https:\/\/yoast.com\/wordpress\/plugins\/seo\/ -->\n<title>Gesch\u00fctzter Inhalt - Harte.sk<\/title>\n<meta name=\"robots\" content=\"noindex, nofollow\" \/>\n<meta property=\"og:locale\" content=\"de_DE\" \/>\n<meta property=\"og:type\" content=\"article\" \/>\n<meta property=\"og:title\" content=\"Gesch\u00fctzter Inhalt - Harte.sk\" \/>\n<meta property=\"og:description\" content=\"Gesch\u00fctzter Inhalt Der Inhalt, den Sie sehen m\u00f6chten, ist leider nur fu\u0308r Mitglieder verfu\u0308gbar. Anmelden Registrieren\" \/>\n<meta property=\"og:url\" content=\"https:\/\/harte.sk\/de\/geschuetzter-inhalt\/\" \/>\n<meta property=\"og:site_name\" content=\"Harte.sk\" \/>\n<meta property=\"article:modified_time\" content=\"2022-08-17T13:52:04+00:00\" \/>\n<meta name=\"twitter:card\" content=\"summary_large_image\" \/>\n<meta name=\"twitter:label1\" content=\"Gesch\u00e4tzte Lesezeit\" \/>\n\t<meta name=\"twitter:data1\" content=\"1\u00a0Minute\" \/>\n<script type=\"application\/ld+json\" class=\"yoast-schema-graph\">{\"@context\":\"https:\/\/schema.org\",\"@graph\":[{\"@type\":\"WebPage\",\"@id\":\"https:\/\/harte.sk\/de\/geschuetzter-inhalt\/\",\"url\":\"https:\/\/harte.sk\/de\/geschuetzter-inhalt\/\",\"name\":\"Gesch\u00fctzter Inhalt - Harte.sk\",\"isPartOf\":{\"@id\":\"https:\/\/harte.sk\/de\/#website\"},\"datePublished\":\"2022-06-14T06:48:36+00:00\",\"dateModified\":\"2022-08-17T13:52:04+00:00\",\"breadcrumb\":{\"@id\":\"https:\/\/harte.sk\/de\/geschuetzter-inhalt\/#breadcrumb\"},\"inLanguage\":\"de\",\"potentialAction\":[{\"@type\":\"ReadAction\",\"target\":[\"https:\/\/harte.sk\/de\/geschuetzter-inhalt\/\"]}]},{\"@type\":\"BreadcrumbList\",\"@id\":\"https:\/\/harte.sk\/de\/geschuetzter-inhalt\/#breadcrumb\",\"itemListElement\":[{\"@type\":\"ListItem\",\"position\":1,\"name\":\"Domovsk\u00e1 str\u00e1nka\",\"item\":\"https:\/\/harte.sk\/de\/\"},{\"@type\":\"ListItem\",\"position\":2,\"name\":\"Gesch\u00fctzter Inhalt\"}]},{\"@type\":\"WebSite\",\"@id\":\"https:\/\/harte.sk\/de\/#website\",\"url\":\"https:\/\/harte.sk\/de\/\",\"name\":\"Harte.sk\",\"description\":\"Len \u010fal\u0161ia WordPress str\u00e1nka\",\"publisher\":{\"@id\":\"https:\/\/harte.sk\/de\/#organization\"},\"potentialAction\":[{\"@type\":\"SearchAction\",\"target\":{\"@type\":\"EntryPoint\",\"urlTemplate\":\"https:\/\/harte.sk\/de\/?s={search_term_string}\"},\"query-input\":\"required name=search_term_string\"}],\"inLanguage\":\"de\"},{\"@type\":\"Organization\",\"@id\":\"https:\/\/harte.sk\/de\/#organization\",\"name\":\"Harte.sk\",\"url\":\"https:\/\/harte.sk\/de\/\",\"logo\":{\"@type\":\"ImageObject\",\"inLanguage\":\"de\",\"@id\":\"https:\/\/harte.sk\/de\/#\/schema\/logo\/image\/\",\"url\":\"https:\/\/harte.sk\/wp-content\/uploads\/2020\/06\/harte-black.svg\",\"contentUrl\":\"https:\/\/harte.sk\/wp-content\/uploads\/2020\/06\/harte-black.svg\",\"width\":282,\"height\":103,\"caption\":\"Harte.sk\"},\"image\":{\"@id\":\"https:\/\/harte.sk\/de\/#\/schema\/logo\/image\/\"}}]}<\/script>\n<!-- \/ Yoast SEO plugin. -->","yoast_head_json":{"title":"Gesch\u00fctzter Inhalt - Harte.sk","robots":{"index":"noindex","follow":"nofollow"},"og_locale":"de_DE","og_type":"article","og_title":"Gesch\u00fctzter Inhalt - Harte.sk","og_description":"Gesch\u00fctzter Inhalt Der Inhalt, den Sie sehen m\u00f6chten, ist leider nur fu\u0308r Mitglieder verfu\u0308gbar. Anmelden Registrieren","og_url":"https:\/\/harte.sk\/de\/geschuetzter-inhalt\/","og_site_name":"Harte.sk","article_modified_time":"2022-08-17T13:52:04+00:00","twitter_card":"summary_large_image","twitter_misc":{"Gesch\u00e4tzte Lesezeit":"1\u00a0Minute"},"schema":{"@context":"https:\/\/schema.org","@graph":[{"@type":"WebPage","@id":"https:\/\/harte.sk\/de\/geschuetzter-inhalt\/","url":"https:\/\/harte.sk\/de\/geschuetzter-inhalt\/","name":"Gesch\u00fctzter Inhalt - Harte.sk","isPartOf":{"@id":"https:\/\/harte.sk\/de\/#website"},"datePublished":"2022-06-14T06:48:36+00:00","dateModified":"2022-08-17T13:52:04+00:00","breadcrumb":{"@id":"https:\/\/harte.sk\/de\/geschuetzter-inhalt\/#breadcrumb"},"inLanguage":"de","potentialAction":[{"@type":"ReadAction","target":["https:\/\/harte.sk\/de\/geschuetzter-inhalt\/"]}]},{"@type":"BreadcrumbList","@id":"https:\/\/harte.sk\/de\/geschuetzter-inhalt\/#breadcrumb","itemListElement":[{"@type":"ListItem","position":1,"name":"Domovsk\u00e1 str\u00e1nka","item":"https:\/\/harte.sk\/de\/"},{"@type":"ListItem","position":2,"name":"Gesch\u00fctzter Inhalt"}]},{"@type":"WebSite","@id":"https:\/\/harte.sk\/de\/#website","url":"https:\/\/harte.sk\/de\/","name":"Harte.sk","description":"Len \u010fal\u0161ia WordPress str\u00e1nka","publisher":{"@id":"https:\/\/harte.sk\/de\/#organization"},"potentialAction":[{"@type":"SearchAction","target":{"@type":"EntryPoint","urlTemplate":"https:\/\/harte.sk\/de\/?s={search_term_string}"},"query-input":"required name=search_term_string"}],"inLanguage":"de"},{"@type":"Organization","@id":"https:\/\/harte.sk\/de\/#organization","name":"Harte.sk","url":"https:\/\/harte.sk\/de\/","logo":{"@type":"ImageObject","inLanguage":"de","@id":"https:\/\/harte.sk\/de\/#\/schema\/logo\/image\/","url":"https:\/\/harte.sk\/wp-content\/uploads\/2020\/06\/harte-black.svg","contentUrl":"https:\/\/harte.sk\/wp-content\/uploads\/2020\/06\/harte-black.svg","width":282,"height":103,"caption":"Harte.sk"},"image":{"@id":"https:\/\/harte.sk\/de\/#\/schema\/logo\/image\/"}}]}},"_links":{"self":[{"href":"https:\/\/harte.sk\/de\/wp-json\/wp\/v2\/pages\/6770","targetHints":{"allow":["GET"]}}],"collection":[{"href":"https:\/\/harte.sk\/de\/wp-json\/wp\/v2\/pages"}],"about":[{"href":"https:\/\/harte.sk\/de\/wp-json\/wp\/v2\/types\/page"}],"author":[{"embeddable":true,"href":"https:\/\/harte.sk\/de\/wp-json\/wp\/v2\/users\/1"}],"replies":[{"embeddable":true,"href":"https:\/\/harte.sk\/de\/wp-json\/wp\/v2\/comments?post=6770"}],"version-history":[{"count":6,"href":"https:\/\/harte.sk\/de\/wp-json\/wp\/v2\/pages\/6770\/revisions"}],"predecessor-version":[{"id":7224,"href":"https:\/\/harte.sk\/de\/wp-json\/wp\/v2\/pages\/6770\/revisions\/7224"}],"wp:attachment":[{"href":"https:\/\/harte.sk\/de\/wp-json\/wp\/v2\/media?parent=6770"}],"curies":[{"name":"wp","href":"https:\/\/api.w.org\/{rel}","templated":true}]}}