{"id":8700,"date":"2025-01-09T07:45:23","date_gmt":"2025-01-09T06:45:23","guid":{"rendered":"https:\/\/harte.sk\/rahmenlose-schiebeverglasung\/pergola-with-retractable-blades\/"},"modified":"2025-01-13T12:34:40","modified_gmt":"2025-01-13T11:34:40","slug":"pergola-with-retractable-blades","status":"publish","type":"page","link":"https:\/\/harte.sk\/de\/rahmenlose-schiebeverglasung\/pergola-with-retractable-blades\/","title":{"rendered":"Pergola mit einziehbaren Lamellen"},"content":{"rendered":"\t\t<div data-elementor-type=\"wp-page\" data-elementor-id=\"8700\" class=\"elementor elementor-8700 elementor-8078\" data-elementor-post-type=\"page\">\n\t\t\t\t\t\t<section class=\"elementor-section elementor-top-section elementor-element elementor-element-69fed63 elementor-section-boxed elementor-section-height-default elementor-section-height-default\" data-id=\"69fed63\" data-element_type=\"section\" data-settings=\"{&quot;jet_parallax_layout_list&quot;:[]}\">\n\t\t\t\t\t\t<div class=\"elementor-container elementor-column-gap-default\">\n\t\t\t\t\t<div class=\"elementor-column elementor-col-100 elementor-top-column elementor-element elementor-element-c18355a ot-flex-column-vertical\" data-id=\"c18355a\" data-element_type=\"column\">\n\t\t\t<div class=\"elementor-widget-wrap elementor-element-populated\">\n\t\t\t\t\t\t<div class=\"elementor-element elementor-element-b1b17bc elementor-widget elementor-widget-heading\" data-id=\"b1b17bc\" data-element_type=\"widget\" data-widget_type=\"heading.default\">\n\t\t\t\t<div class=\"elementor-widget-container\">\n\t\t\t<h2 class=\"elementor-heading-title elementor-size-default\">Produkte<\/h2>\t\t<\/div>\n\t\t\t\t<\/div>\n\t\t\t\t\t<\/div>\n\t\t<\/div>\n\t\t\t\t\t<\/div>\n\t\t<\/section>\n\t\t\t\t<section class=\"elementor-section elementor-top-section elementor-element elementor-element-f84a415 elementor-section-boxed elementor-section-height-default elementor-section-height-default\" data-id=\"f84a415\" data-element_type=\"section\" data-settings=\"{&quot;jet_parallax_layout_list&quot;:[]}\">\n\t\t\t\t\t\t<div class=\"elementor-container elementor-column-gap-default\">\n\t\t\t\t\t<div class=\"elementor-column elementor-col-33 elementor-top-column elementor-element elementor-element-52423c8 ot-flex-column-vertical\" data-id=\"52423c8\" data-element_type=\"column\">\n\t\t\t<div class=\"elementor-widget-wrap elementor-element-populated\">\n\t\t\t\t\t\t<div class=\"elementor-element elementor-element-d66ddb0 elementor-widget elementor-widget-image\" data-id=\"d66ddb0\" data-element_type=\"widget\" data-widget_type=\"image.default\">\n\t\t\t\t<div class=\"elementor-widget-container\">\n\t\t\t\t\t\t\t\t\t\t\t\t\t<img decoding=\"async\" src=\"https:\/\/harte.sk\/wp-content\/uploads\/elementor\/thumbs\/level-auto-beallo-283-qzqryqchdi79s7deglc6ic0i7bhe42bo5r8zl2etgs.jpg\" title=\"level auto beallo -283\" alt=\"level auto beallo -283\" loading=\"lazy\" \/>\t\t\t\t\t\t\t\t\t\t\t\t\t<\/div>\n\t\t\t\t<\/div>\n\t\t\t\t<div class=\"elementor-element elementor-element-05b8ba3 elementor-widget elementor-widget-heading\" data-id=\"05b8ba3\" data-element_type=\"widget\" data-widget_type=\"heading.default\">\n\t\t\t\t<div class=\"elementor-widget-container\">\n\t\t\t<h2 class=\"elementor-heading-title elementor-size-default\">Pergola Rela<\/h2>\t\t<\/div>\n\t\t\t\t<\/div>\n\t\t\t\t<div class=\"elementor-element elementor-element-4a90b82 elementor-widget elementor-widget-button\" data-id=\"4a90b82\" data-element_type=\"widget\" data-widget_type=\"button.default\">\n\t\t\t\t<div class=\"elementor-widget-container\">\n\t\t\t\t\t<div class=\"elementor-button-wrapper\">\n\t\t\t<a class=\"elementor-button elementor-button-link elementor-size-sm\" href=\"https:\/\/harte.sk\/de\/rahmenlose-schiebeverglasung\/pergola-with-retractable-blades\/pergola-rela\/\">\n\t\t\t\t\t\t<span class=\"elementor-button-content-wrapper\">\n\t\t\t\t\t\t<span class=\"elementor-button-text\">Mehr Informationen<\/span>\n\t\t<\/span>\n\t\t\t\t\t<\/a>\n\t\t<\/div>\n\t\t\t\t<\/div>\n\t\t\t\t<\/div>\n\t\t\t\t\t<\/div>\n\t\t<\/div>\n\t\t\t\t<div class=\"elementor-column elementor-col-33 elementor-top-column elementor-element elementor-element-0e74318 ot-flex-column-vertical\" data-id=\"0e74318\" data-element_type=\"column\">\n\t\t\t<div class=\"elementor-widget-wrap\">\n\t\t\t\t\t\t\t<\/div>\n\t\t<\/div>\n\t\t\t\t<div class=\"elementor-column elementor-col-33 elementor-top-column elementor-element elementor-element-d5c7a0c ot-flex-column-vertical\" data-id=\"d5c7a0c\" data-element_type=\"column\">\n\t\t\t<div class=\"elementor-widget-wrap\">\n\t\t\t\t\t\t\t<\/div>\n\t\t<\/div>\n\t\t\t\t\t<\/div>\n\t\t<\/section>\n\t\t\t\t<\/div>\n\t\t","protected":false},"excerpt":{"rendered":"<p>Produkte Pergola Rela Mehr Informationen<\/p>\n","protected":false},"author":11,"featured_media":0,"parent":6765,"menu_order":0,"comment_status":"closed","ping_status":"closed","template":"elementor_header_footer","meta":{"_mi_skip_tracking":false,"footnotes":""},"class_list":["post-8700","page","type-page","status-publish","hentry"],"yoast_head":"<!-- This site is optimized with the Yoast SEO plugin v20.5 - https:\/\/yoast.com\/wordpress\/plugins\/seo\/ -->\n<title>Pergola mit einziehbaren Lamellen - Harte.sk<\/title>\n<meta name=\"description\" content=\"Horizontale Aluminium-Pergolen mit ihren modernen Designs und einziehbaren Lamellen geh\u00f6ren zu den elegantesten Terrassen\u00fcberdachungen.\" \/>\n<meta name=\"robots\" content=\"index, follow, max-snippet:-1, max-image-preview:large, max-video-preview:-1\" \/>\n<link rel=\"canonical\" href=\"https:\/\/harte.sk\/de\/rahmenlose-schiebeverglasung\/pergola-with-retractable-blades\/\" \/>\n<meta property=\"og:locale\" content=\"de_DE\" \/>\n<meta property=\"og:type\" content=\"article\" \/>\n<meta property=\"og:title\" content=\"Pergola mit einziehbaren Lamellen - Harte.sk\" \/>\n<meta property=\"og:description\" content=\"Horizontale Aluminium-Pergolen mit ihren modernen Designs und einziehbaren Lamellen geh\u00f6ren zu den elegantesten Terrassen\u00fcberdachungen.\" \/>\n<meta property=\"og:url\" content=\"https:\/\/harte.sk\/de\/rahmenlose-schiebeverglasung\/pergola-with-retractable-blades\/\" \/>\n<meta property=\"og:site_name\" content=\"Harte.sk\" \/>\n<meta property=\"article:modified_time\" content=\"2025-01-13T11:34:40+00:00\" \/>\n<meta property=\"og:image\" content=\"https:\/\/harte.sk\/wp-content\/uploads\/elementor\/thumbs\/level-auto-beallo-283-qzqryqchdi79s7deglc6ic0i7bhe42bo5r8zl2etgs.jpg\" \/>\n<meta name=\"twitter:card\" content=\"summary_large_image\" \/>\n<meta name=\"twitter:label1\" content=\"Gesch\u00e4tzte Lesezeit\" \/>\n\t<meta name=\"twitter:data1\" content=\"1\u00a0Minute\" \/>\n<script type=\"application\/ld+json\" class=\"yoast-schema-graph\">{\"@context\":\"https:\/\/schema.org\",\"@graph\":[{\"@type\":\"WebPage\",\"@id\":\"https:\/\/harte.sk\/de\/rahmenlose-schiebeverglasung\/pergola-with-retractable-blades\/\",\"url\":\"https:\/\/harte.sk\/de\/rahmenlose-schiebeverglasung\/pergola-with-retractable-blades\/\",\"name\":\"Pergola mit einziehbaren Lamellen - Harte.sk\",\"isPartOf\":{\"@id\":\"https:\/\/harte.sk\/de\/#website\"},\"datePublished\":\"2025-01-09T06:45:23+00:00\",\"dateModified\":\"2025-01-13T11:34:40+00:00\",\"description\":\"Horizontale Aluminium-Pergolen mit ihren modernen Designs und einziehbaren Lamellen geh\u00f6ren zu den elegantesten Terrassen\u00fcberdachungen.\",\"breadcrumb\":{\"@id\":\"https:\/\/harte.sk\/de\/rahmenlose-schiebeverglasung\/pergola-with-retractable-blades\/#breadcrumb\"},\"inLanguage\":\"de\",\"potentialAction\":[{\"@type\":\"ReadAction\",\"target\":[\"https:\/\/harte.sk\/de\/rahmenlose-schiebeverglasung\/pergola-with-retractable-blades\/\"]}]},{\"@type\":\"BreadcrumbList\",\"@id\":\"https:\/\/harte.sk\/de\/rahmenlose-schiebeverglasung\/pergola-with-retractable-blades\/#breadcrumb\",\"itemListElement\":[{\"@type\":\"ListItem\",\"position\":1,\"name\":\"Domovsk\u00e1 str\u00e1nka\",\"item\":\"https:\/\/harte.sk\/de\/\"},{\"@type\":\"ListItem\",\"position\":2,\"name\":\"Produkte\",\"item\":\"https:\/\/harte.sk\/de\/products\/\"},{\"@type\":\"ListItem\",\"position\":3,\"name\":\"Pergola mit einziehbaren Lamellen\"}]},{\"@type\":\"WebSite\",\"@id\":\"https:\/\/harte.sk\/de\/#website\",\"url\":\"https:\/\/harte.sk\/de\/\",\"name\":\"Harte.sk\",\"description\":\"Len \u010fal\u0161ia WordPress str\u00e1nka\",\"publisher\":{\"@id\":\"https:\/\/harte.sk\/de\/#organization\"},\"potentialAction\":[{\"@type\":\"SearchAction\",\"target\":{\"@type\":\"EntryPoint\",\"urlTemplate\":\"https:\/\/harte.sk\/de\/?s={search_term_string}\"},\"query-input\":\"required name=search_term_string\"}],\"inLanguage\":\"de\"},{\"@type\":\"Organization\",\"@id\":\"https:\/\/harte.sk\/de\/#organization\",\"name\":\"Harte.sk\",\"url\":\"https:\/\/harte.sk\/de\/\",\"logo\":{\"@type\":\"ImageObject\",\"inLanguage\":\"de\",\"@id\":\"https:\/\/harte.sk\/de\/#\/schema\/logo\/image\/\",\"url\":\"https:\/\/harte.sk\/wp-content\/uploads\/2020\/06\/harte-black.svg\",\"contentUrl\":\"https:\/\/harte.sk\/wp-content\/uploads\/2020\/06\/harte-black.svg\",\"width\":282,\"height\":103,\"caption\":\"Harte.sk\"},\"image\":{\"@id\":\"https:\/\/harte.sk\/de\/#\/schema\/logo\/image\/\"}}]}<\/script>\n<!-- \/ Yoast SEO plugin. -->","yoast_head_json":{"title":"Pergola mit einziehbaren Lamellen - Harte.sk","description":"Horizontale Aluminium-Pergolen mit ihren modernen Designs und einziehbaren Lamellen geh\u00f6ren zu den elegantesten Terrassen\u00fcberdachungen.","robots":{"index":"index","follow":"follow","max-snippet":"max-snippet:-1","max-image-preview":"max-image-preview:large","max-video-preview":"max-video-preview:-1"},"canonical":"https:\/\/harte.sk\/de\/rahmenlose-schiebeverglasung\/pergola-with-retractable-blades\/","og_locale":"de_DE","og_type":"article","og_title":"Pergola mit einziehbaren Lamellen - Harte.sk","og_description":"Horizontale Aluminium-Pergolen mit ihren modernen Designs und einziehbaren Lamellen geh\u00f6ren zu den elegantesten Terrassen\u00fcberdachungen.","og_url":"https:\/\/harte.sk\/de\/rahmenlose-schiebeverglasung\/pergola-with-retractable-blades\/","og_site_name":"Harte.sk","article_modified_time":"2025-01-13T11:34:40+00:00","og_image":[{"url":"https:\/\/harte.sk\/wp-content\/uploads\/elementor\/thumbs\/level-auto-beallo-283-qzqryqchdi79s7deglc6ic0i7bhe42bo5r8zl2etgs.jpg"}],"twitter_card":"summary_large_image","twitter_misc":{"Gesch\u00e4tzte Lesezeit":"1\u00a0Minute"},"schema":{"@context":"https:\/\/schema.org","@graph":[{"@type":"WebPage","@id":"https:\/\/harte.sk\/de\/rahmenlose-schiebeverglasung\/pergola-with-retractable-blades\/","url":"https:\/\/harte.sk\/de\/rahmenlose-schiebeverglasung\/pergola-with-retractable-blades\/","name":"Pergola mit einziehbaren Lamellen - Harte.sk","isPartOf":{"@id":"https:\/\/harte.sk\/de\/#website"},"datePublished":"2025-01-09T06:45:23+00:00","dateModified":"2025-01-13T11:34:40+00:00","description":"Horizontale Aluminium-Pergolen mit ihren modernen Designs und einziehbaren Lamellen geh\u00f6ren zu den elegantesten Terrassen\u00fcberdachungen.","breadcrumb":{"@id":"https:\/\/harte.sk\/de\/rahmenlose-schiebeverglasung\/pergola-with-retractable-blades\/#breadcrumb"},"inLanguage":"de","potentialAction":[{"@type":"ReadAction","target":["https:\/\/harte.sk\/de\/rahmenlose-schiebeverglasung\/pergola-with-retractable-blades\/"]}]},{"@type":"BreadcrumbList","@id":"https:\/\/harte.sk\/de\/rahmenlose-schiebeverglasung\/pergola-with-retractable-blades\/#breadcrumb","itemListElement":[{"@type":"ListItem","position":1,"name":"Domovsk\u00e1 str\u00e1nka","item":"https:\/\/harte.sk\/de\/"},{"@type":"ListItem","position":2,"name":"Produkte","item":"https:\/\/harte.sk\/de\/products\/"},{"@type":"ListItem","position":3,"name":"Pergola mit einziehbaren Lamellen"}]},{"@type":"WebSite","@id":"https:\/\/harte.sk\/de\/#website","url":"https:\/\/harte.sk\/de\/","name":"Harte.sk","description":"Len \u010fal\u0161ia WordPress str\u00e1nka","publisher":{"@id":"https:\/\/harte.sk\/de\/#organization"},"potentialAction":[{"@type":"SearchAction","target":{"@type":"EntryPoint","urlTemplate":"https:\/\/harte.sk\/de\/?s={search_term_string}"},"query-input":"required name=search_term_string"}],"inLanguage":"de"},{"@type":"Organization","@id":"https:\/\/harte.sk\/de\/#organization","name":"Harte.sk","url":"https:\/\/harte.sk\/de\/","logo":{"@type":"ImageObject","inLanguage":"de","@id":"https:\/\/harte.sk\/de\/#\/schema\/logo\/image\/","url":"https:\/\/harte.sk\/wp-content\/uploads\/2020\/06\/harte-black.svg","contentUrl":"https:\/\/harte.sk\/wp-content\/uploads\/2020\/06\/harte-black.svg","width":282,"height":103,"caption":"Harte.sk"},"image":{"@id":"https:\/\/harte.sk\/de\/#\/schema\/logo\/image\/"}}]}},"_links":{"self":[{"href":"https:\/\/harte.sk\/de\/wp-json\/wp\/v2\/pages\/8700","targetHints":{"allow":["GET"]}}],"collection":[{"href":"https:\/\/harte.sk\/de\/wp-json\/wp\/v2\/pages"}],"about":[{"href":"https:\/\/harte.sk\/de\/wp-json\/wp\/v2\/types\/page"}],"author":[{"embeddable":true,"href":"https:\/\/harte.sk\/de\/wp-json\/wp\/v2\/users\/11"}],"replies":[{"embeddable":true,"href":"https:\/\/harte.sk\/de\/wp-json\/wp\/v2\/comments?post=8700"}],"version-history":[{"count":7,"href":"https:\/\/harte.sk\/de\/wp-json\/wp\/v2\/pages\/8700\/revisions"}],"predecessor-version":[{"id":9008,"href":"https:\/\/harte.sk\/de\/wp-json\/wp\/v2\/pages\/8700\/revisions\/9008"}],"up":[{"embeddable":true,"href":"https:\/\/harte.sk\/de\/wp-json\/wp\/v2\/pages\/6765"}],"wp:attachment":[{"href":"https:\/\/harte.sk\/de\/wp-json\/wp\/v2\/media?parent=8700"}],"curies":[{"name":"wp","href":"https:\/\/api.w.org\/{rel}","templated":true}]}}