{"id":6383,"date":"2022-06-17T08:02:22","date_gmt":"2022-06-17T06:02:22","guid":{"rendered":"https:\/\/harte.sk\/horizontal-aluminium-pergolas-with-fixed-roof\/"},"modified":"2025-03-21T14:50:41","modified_gmt":"2025-03-21T13:50:41","slug":"horizontal-aluminium-pergolas-with-fixed-roof","status":"publish","type":"page","link":"https:\/\/harte.sk\/en\/products\/horizontal-aluminium-pergolas-with-fixed-roof\/","title":{"rendered":"Horizontal aluminium pergolas with fixed roof"},"content":{"rendered":"\t\t<div data-elementor-type=\"wp-page\" data-elementor-id=\"6383\" class=\"elementor elementor-6383 elementor-5211\" data-elementor-post-type=\"page\">\n\t\t\t\t\t\t<section class=\"elementor-section elementor-top-section elementor-element elementor-element-95390ea elementor-section-boxed elementor-section-height-default elementor-section-height-default\" data-id=\"95390ea\" data-element_type=\"section\" data-settings=\"{&quot;jet_parallax_layout_list&quot;:[]}\">\n\t\t\t\t\t\t<div class=\"elementor-container elementor-column-gap-default\">\n\t\t\t\t\t<div class=\"elementor-column elementor-col-100 elementor-top-column elementor-element elementor-element-f9636eb ot-flex-column-vertical\" data-id=\"f9636eb\" data-element_type=\"column\">\n\t\t\t<div class=\"elementor-widget-wrap elementor-element-populated\">\n\t\t\t\t\t\t<div class=\"elementor-element elementor-element-2b44031 elementor-widget elementor-widget-text-editor\" data-id=\"2b44031\" data-element_type=\"widget\" data-widget_type=\"text-editor.default\">\n\t\t\t\t<div class=\"elementor-widget-container\">\n\t\t\t\t\t\t\t<p>Horizontal aluminium pergolas Level with their modern designs and integrated drainage systems belong to the most elegant terrace coverings. The joint system of pergolas are designed in such a way that the individual joints of the profiles fit together perfectly without the joints being visible after assembly. By glazing the side walls of the pergola you can create an outdoor living room. Glazing can also be installed additionally in the future. Thanks to the horizontal design, the glazing on the side walls are rectangular in shape &#8211; without fixed triangles. Shading is also easier and therefore more subtle.<\/p>\t\t\t\t\t\t<\/div>\n\t\t\t\t<\/div>\n\t\t\t\t\t<\/div>\n\t\t<\/div>\n\t\t\t\t\t<\/div>\n\t\t<\/section>\n\t\t\t\t<section class=\"elementor-section elementor-top-section elementor-element elementor-element-c3e287f elementor-section-boxed elementor-section-height-default elementor-section-height-default\" data-id=\"c3e287f\" data-element_type=\"section\" data-settings=\"{&quot;jet_parallax_layout_list&quot;:[]}\">\n\t\t\t\t\t\t<div class=\"elementor-container elementor-column-gap-default\">\n\t\t\t\t\t<div class=\"elementor-column elementor-col-100 elementor-top-column elementor-element elementor-element-7dcb0e7 ot-flex-column-vertical\" data-id=\"7dcb0e7\" data-element_type=\"column\">\n\t\t\t<div class=\"elementor-widget-wrap elementor-element-populated\">\n\t\t\t\t\t\t<div class=\"elementor-element elementor-element-b400b61 elementor-widget elementor-widget-heading\" data-id=\"b400b61\" data-element_type=\"widget\" data-widget_type=\"heading.default\">\n\t\t\t\t<div class=\"elementor-widget-container\">\n\t\t\t<h2 class=\"elementor-heading-title elementor-size-default\">Products<\/h2>\t\t<\/div>\n\t\t\t\t<\/div>\n\t\t\t\t\t<\/div>\n\t\t<\/div>\n\t\t\t\t\t<\/div>\n\t\t<\/section>\n\t\t\t\t<section class=\"elementor-section elementor-top-section elementor-element elementor-element-bac45ec elementor-section-content-space-between elementor-section-boxed elementor-section-height-default elementor-section-height-default\" data-id=\"bac45ec\" data-element_type=\"section\" data-settings=\"{&quot;jet_parallax_layout_list&quot;:[]}\">\n\t\t\t\t\t\t<div class=\"elementor-container elementor-column-gap-default\">\n\t\t\t\t\t<div class=\"elementor-column elementor-col-33 elementor-top-column elementor-element elementor-element-a8a28f7 ot-flex-column-vertical\" data-id=\"a8a28f7\" data-element_type=\"column\">\n\t\t\t<div class=\"elementor-widget-wrap elementor-element-populated\">\n\t\t\t\t\t\t<div class=\"elementor-element elementor-element-d798b18 elementor-widget elementor-widget-image\" data-id=\"d798b18\" data-element_type=\"widget\" data-widget_type=\"image.default\">\n\t\t\t\t<div class=\"elementor-widget-container\">\n\t\t\t\t\t\t\t\t\t\t\t\t\t<img decoding=\"async\" src=\"https:\/\/harte.sk\/wp-content\/uploads\/elementor\/thumbs\/24-2_20-Photofinal-2-scaled-r36tbhjs0klsxh0x9ut27xoropm14hmcy0vlscp57w.jpg\" title=\"24-2_20&#8212;Photofinal-2\" alt=\"24-2_20---Photofinal-2\" loading=\"lazy\" \/>\t\t\t\t\t\t\t\t\t\t\t\t\t<\/div>\n\t\t\t\t<\/div>\n\t\t\t\t<div class=\"elementor-element elementor-element-a16acfb elementor-widget elementor-widget-heading\" data-id=\"a16acfb\" data-element_type=\"widget\" data-widget_type=\"heading.default\">\n\t\t\t\t<div class=\"elementor-widget-container\">\n\t\t\t<h2 class=\"elementor-heading-title elementor-size-default\">Pergola Level Glass <\/h2>\t\t<\/div>\n\t\t\t\t<\/div>\n\t\t\t\t<div class=\"elementor-element elementor-element-30507e1 elementor-widget elementor-widget-heading\" data-id=\"30507e1\" data-element_type=\"widget\" data-widget_type=\"heading.default\">\n\t\t\t\t<div class=\"elementor-widget-container\">\n\t\t\t<p class=\"elementor-heading-title elementor-size-default\">Pergola Level Glass - Pergola with glass roof<\/p>\t\t<\/div>\n\t\t\t\t<\/div>\n\t\t\t\t<div class=\"elementor-element elementor-element-18a722d elementor-widget elementor-widget-button\" data-id=\"18a722d\" data-element_type=\"widget\" data-widget_type=\"button.default\">\n\t\t\t\t<div class=\"elementor-widget-container\">\n\t\t\t\t\t<div class=\"elementor-button-wrapper\">\n\t\t\t<a class=\"elementor-button elementor-button-link elementor-size-sm\" href=\"https:\/\/harte.sk\/en\/products\/horizontal-aluminium-pergolas-with-fixed-roof\/pergola-level-glass\/\">\n\t\t\t\t\t\t<span class=\"elementor-button-content-wrapper\">\n\t\t\t\t\t\t<span class=\"elementor-button-text\">More information<\/span>\n\t\t<\/span>\n\t\t\t\t\t<\/a>\n\t\t<\/div>\n\t\t\t\t<\/div>\n\t\t\t\t<\/div>\n\t\t\t\t\t<\/div>\n\t\t<\/div>\n\t\t\t\t<div class=\"elementor-column elementor-col-33 elementor-top-column elementor-element elementor-element-e20b1cb ot-flex-column-vertical\" data-id=\"e20b1cb\" data-element_type=\"column\">\n\t\t\t<div class=\"elementor-widget-wrap elementor-element-populated\">\n\t\t\t\t\t\t<div class=\"elementor-element elementor-element-4570ab7 elementor-widget elementor-widget-image\" data-id=\"4570ab7\" data-element_type=\"widget\" data-widget_type=\"image.default\">\n\t\t\t\t<div class=\"elementor-widget-container\">\n\t\t\t\t\t\t\t\t\t\t\t\t\t<img decoding=\"async\" src=\"https:\/\/harte.sk\/wp-content\/uploads\/elementor\/thumbs\/24-2_22-Photofinal-2-scaled-r36tcmwoda6f4bcukcon9n91tny6j66jrpkywiztm4.jpg\" title=\"24-2_22&#8212;Photofinal-2\" alt=\"24-2_22---Photofinal-2\" loading=\"lazy\" \/>\t\t\t\t\t\t\t\t\t\t\t\t\t<\/div>\n\t\t\t\t<\/div>\n\t\t\t\t<div class=\"elementor-element elementor-element-173a6d6 elementor-widget elementor-widget-heading\" data-id=\"173a6d6\" data-element_type=\"widget\" data-widget_type=\"heading.default\">\n\t\t\t\t<div class=\"elementor-widget-container\">\n\t\t\t<h2 class=\"elementor-heading-title elementor-size-default\">Pergola Level Poly <\/h2>\t\t<\/div>\n\t\t\t\t<\/div>\n\t\t\t\t<div class=\"elementor-element elementor-element-ab8f63e elementor-widget elementor-widget-heading\" data-id=\"ab8f63e\" data-element_type=\"widget\" data-widget_type=\"heading.default\">\n\t\t\t\t<div class=\"elementor-widget-container\">\n\t\t\t<p class=\"elementor-heading-title elementor-size-default\">Pergola Level Poly - Pergola with polycarbonate roof\n<\/p>\t\t<\/div>\n\t\t\t\t<\/div>\n\t\t\t\t<div class=\"elementor-element elementor-element-54e98c0 elementor-widget elementor-widget-button\" data-id=\"54e98c0\" data-element_type=\"widget\" data-widget_type=\"button.default\">\n\t\t\t\t<div class=\"elementor-widget-container\">\n\t\t\t\t\t<div class=\"elementor-button-wrapper\">\n\t\t\t<a class=\"elementor-button elementor-button-link elementor-size-sm\" href=\"https:\/\/harte.sk\/en\/products\/horizontal-aluminium-pergolas-with-fixed-roof\/pergola-level-poly\/\">\n\t\t\t\t\t\t<span class=\"elementor-button-content-wrapper\">\n\t\t\t\t\t\t<span class=\"elementor-button-text\">More information<\/span>\n\t\t<\/span>\n\t\t\t\t\t<\/a>\n\t\t<\/div>\n\t\t\t\t<\/div>\n\t\t\t\t<\/div>\n\t\t\t\t\t<\/div>\n\t\t<\/div>\n\t\t\t\t<div class=\"elementor-column elementor-col-33 elementor-top-column elementor-element elementor-element-f319ff6 ot-flex-column-vertical\" data-id=\"f319ff6\" data-element_type=\"column\">\n\t\t\t<div class=\"elementor-widget-wrap elementor-element-populated\">\n\t\t\t\t\t\t<div class=\"elementor-element elementor-element-645e298 elementor-widget elementor-widget-image\" data-id=\"645e298\" data-element_type=\"widget\" data-widget_type=\"image.default\">\n\t\t\t\t<div class=\"elementor-widget-container\">\n\t\t\t\t\t\t\t\t\t\t\t\t\t<img decoding=\"async\" src=\"https:\/\/harte.sk\/wp-content\/uploads\/elementor\/thumbs\/level-auto-beallo-282-qzr59kaow7oq51ubf2jc702s8ldq9a94zr6jmifxrg.jpg\" title=\"level auto beallo -282\" alt=\"level auto beallo -282\" loading=\"lazy\" \/>\t\t\t\t\t\t\t\t\t\t\t\t\t<\/div>\n\t\t\t\t<\/div>\n\t\t\t\t<div class=\"elementor-element elementor-element-4cfa79b elementor-widget elementor-widget-heading\" data-id=\"4cfa79b\" data-element_type=\"widget\" data-widget_type=\"heading.default\">\n\t\t\t\t<div class=\"elementor-widget-container\">\n\t\t\t<h2 class=\"elementor-heading-title elementor-size-default\">Pergola Level Panel<\/h2>\t\t<\/div>\n\t\t\t\t<\/div>\n\t\t\t\t<div class=\"elementor-element elementor-element-4661b49 elementor-widget elementor-widget-heading\" data-id=\"4661b49\" data-element_type=\"widget\" data-widget_type=\"heading.default\">\n\t\t\t\t<div class=\"elementor-widget-container\">\n\t\t\t<p class=\"elementor-heading-title elementor-size-default\"> Pergola Level Panel - Pergola with sandwich panel roof\n<\/p>\t\t<\/div>\n\t\t\t\t<\/div>\n\t\t\t\t<div class=\"elementor-element elementor-element-4e38fac elementor-widget elementor-widget-button\" data-id=\"4e38fac\" data-element_type=\"widget\" data-widget_type=\"button.default\">\n\t\t\t\t<div class=\"elementor-widget-container\">\n\t\t\t\t\t<div class=\"elementor-button-wrapper\">\n\t\t\t<a class=\"elementor-button elementor-button-link elementor-size-sm\" href=\"https:\/\/harte.sk\/en\/products\/horizontal-aluminium-pergolas-with-fixed-roof\/pergola-level-panel\/\">\n\t\t\t\t\t\t<span class=\"elementor-button-content-wrapper\">\n\t\t\t\t\t\t<span class=\"elementor-button-text\">More information<\/span>\n\t\t<\/span>\n\t\t\t\t\t<\/a>\n\t\t<\/div>\n\t\t\t\t<\/div>\n\t\t\t\t<\/div>\n\t\t\t\t\t<\/div>\n\t\t<\/div>\n\t\t\t\t\t<\/div>\n\t\t<\/section>\n\t\t\t\t<\/div>\n\t\t","protected":false},"excerpt":{"rendered":"<p>Horizontal aluminium pergolas Level with their modern designs and integrated drainage systems belong to the most elegant terrace coverings. The joint system of pergolas are designed in such a way that the individual joints of the profiles fit together perfectly without the joints being visible after assembly. By glazing the side walls of the pergola [&hellip;]<\/p>\n","protected":false},"author":1,"featured_media":0,"parent":6457,"menu_order":0,"comment_status":"closed","ping_status":"closed","template":"elementor_header_footer","meta":{"_mi_skip_tracking":false,"footnotes":""},"class_list":["post-6383","page","type-page","status-publish","hentry"],"yoast_head":"<!-- This site is optimized with the Yoast SEO plugin v20.5 - https:\/\/yoast.com\/wordpress\/plugins\/seo\/ -->\n<title>Horizontal aluminium pergolas with fixed roof - Harte.sk<\/title>\n<meta name=\"description\" content=\"Horizontal aluminium pergolas Level with their modern designs and integrated drainage systems belong to the most elegant terrace coverings.\" \/>\n<meta name=\"robots\" content=\"index, follow, max-snippet:-1, max-image-preview:large, max-video-preview:-1\" \/>\n<link rel=\"canonical\" href=\"https:\/\/harte.sk\/en\/products\/horizontal-aluminium-pergolas-with-fixed-roof\/\" \/>\n<meta property=\"og:locale\" content=\"en_US\" \/>\n<meta property=\"og:type\" content=\"article\" \/>\n<meta property=\"og:title\" content=\"Horizontal aluminium pergolas with fixed roof - Harte.sk\" \/>\n<meta property=\"og:description\" content=\"Horizontal aluminium pergolas Level with their modern designs and integrated drainage systems belong to the most elegant terrace coverings.\" \/>\n<meta property=\"og:url\" content=\"https:\/\/harte.sk\/en\/products\/horizontal-aluminium-pergolas-with-fixed-roof\/\" \/>\n<meta property=\"og:site_name\" content=\"Harte.sk\" \/>\n<meta property=\"article:modified_time\" content=\"2025-03-21T13:50:41+00:00\" \/>\n<meta property=\"og:image\" content=\"https:\/\/harte.sk\/wp-content\/uploads\/elementor\/thumbs\/24-2_20-Photofinal-2-scaled-r36tbhjs0klsxh0x9ut27xoropm14hmcy0vlscp57w.jpg\" \/>\n<meta name=\"twitter:card\" content=\"summary_large_image\" \/>\n<meta name=\"twitter:label1\" content=\"Est. reading time\" \/>\n\t<meta name=\"twitter:data1\" content=\"1 minute\" \/>\n<script type=\"application\/ld+json\" class=\"yoast-schema-graph\">{\"@context\":\"https:\/\/schema.org\",\"@graph\":[{\"@type\":\"WebPage\",\"@id\":\"https:\/\/harte.sk\/en\/products\/horizontal-aluminium-pergolas-with-fixed-roof\/\",\"url\":\"https:\/\/harte.sk\/en\/products\/horizontal-aluminium-pergolas-with-fixed-roof\/\",\"name\":\"Horizontal aluminium pergolas with fixed roof - Harte.sk\",\"isPartOf\":{\"@id\":\"https:\/\/harte.sk\/en\/#website\"},\"datePublished\":\"2022-06-17T06:02:22+00:00\",\"dateModified\":\"2025-03-21T13:50:41+00:00\",\"description\":\"Horizontal aluminium pergolas Level with their modern designs and integrated drainage systems belong to the most elegant terrace coverings.\",\"breadcrumb\":{\"@id\":\"https:\/\/harte.sk\/en\/products\/horizontal-aluminium-pergolas-with-fixed-roof\/#breadcrumb\"},\"inLanguage\":\"en-US\",\"potentialAction\":[{\"@type\":\"ReadAction\",\"target\":[\"https:\/\/harte.sk\/en\/products\/horizontal-aluminium-pergolas-with-fixed-roof\/\"]}]},{\"@type\":\"BreadcrumbList\",\"@id\":\"https:\/\/harte.sk\/en\/products\/horizontal-aluminium-pergolas-with-fixed-roof\/#breadcrumb\",\"itemListElement\":[{\"@type\":\"ListItem\",\"position\":1,\"name\":\"Domovsk\u00e1 str\u00e1nka\",\"item\":\"https:\/\/harte.sk\/en\/\"},{\"@type\":\"ListItem\",\"position\":2,\"name\":\"Products\",\"item\":\"https:\/\/harte.sk\/en\/products\/\"},{\"@type\":\"ListItem\",\"position\":3,\"name\":\"Horizontal aluminium pergolas with fixed roof\"}]},{\"@type\":\"WebSite\",\"@id\":\"https:\/\/harte.sk\/en\/#website\",\"url\":\"https:\/\/harte.sk\/en\/\",\"name\":\"Harte.sk\",\"description\":\"Len \u010fal\u0161ia WordPress str\u00e1nka\",\"publisher\":{\"@id\":\"https:\/\/harte.sk\/en\/#organization\"},\"potentialAction\":[{\"@type\":\"SearchAction\",\"target\":{\"@type\":\"EntryPoint\",\"urlTemplate\":\"https:\/\/harte.sk\/en\/?s={search_term_string}\"},\"query-input\":\"required name=search_term_string\"}],\"inLanguage\":\"en-US\"},{\"@type\":\"Organization\",\"@id\":\"https:\/\/harte.sk\/en\/#organization\",\"name\":\"Harte.sk\",\"url\":\"https:\/\/harte.sk\/en\/\",\"logo\":{\"@type\":\"ImageObject\",\"inLanguage\":\"en-US\",\"@id\":\"https:\/\/harte.sk\/en\/#\/schema\/logo\/image\/\",\"url\":\"https:\/\/harte.sk\/wp-content\/uploads\/2020\/06\/harte-black.svg\",\"contentUrl\":\"https:\/\/harte.sk\/wp-content\/uploads\/2020\/06\/harte-black.svg\",\"width\":282,\"height\":103,\"caption\":\"Harte.sk\"},\"image\":{\"@id\":\"https:\/\/harte.sk\/en\/#\/schema\/logo\/image\/\"}}]}<\/script>\n<!-- \/ Yoast SEO plugin. -->","yoast_head_json":{"title":"Horizontal aluminium pergolas with fixed roof - Harte.sk","description":"Horizontal aluminium pergolas Level with their modern designs and integrated drainage systems belong to the most elegant terrace coverings.","robots":{"index":"index","follow":"follow","max-snippet":"max-snippet:-1","max-image-preview":"max-image-preview:large","max-video-preview":"max-video-preview:-1"},"canonical":"https:\/\/harte.sk\/en\/products\/horizontal-aluminium-pergolas-with-fixed-roof\/","og_locale":"en_US","og_type":"article","og_title":"Horizontal aluminium pergolas with fixed roof - Harte.sk","og_description":"Horizontal aluminium pergolas Level with their modern designs and integrated drainage systems belong to the most elegant terrace coverings.","og_url":"https:\/\/harte.sk\/en\/products\/horizontal-aluminium-pergolas-with-fixed-roof\/","og_site_name":"Harte.sk","article_modified_time":"2025-03-21T13:50:41+00:00","og_image":[{"url":"https:\/\/harte.sk\/wp-content\/uploads\/elementor\/thumbs\/24-2_20-Photofinal-2-scaled-r36tbhjs0klsxh0x9ut27xoropm14hmcy0vlscp57w.jpg"}],"twitter_card":"summary_large_image","twitter_misc":{"Est. reading time":"1 minute"},"schema":{"@context":"https:\/\/schema.org","@graph":[{"@type":"WebPage","@id":"https:\/\/harte.sk\/en\/products\/horizontal-aluminium-pergolas-with-fixed-roof\/","url":"https:\/\/harte.sk\/en\/products\/horizontal-aluminium-pergolas-with-fixed-roof\/","name":"Horizontal aluminium pergolas with fixed roof - Harte.sk","isPartOf":{"@id":"https:\/\/harte.sk\/en\/#website"},"datePublished":"2022-06-17T06:02:22+00:00","dateModified":"2025-03-21T13:50:41+00:00","description":"Horizontal aluminium pergolas Level with their modern designs and integrated drainage systems belong to the most elegant terrace coverings.","breadcrumb":{"@id":"https:\/\/harte.sk\/en\/products\/horizontal-aluminium-pergolas-with-fixed-roof\/#breadcrumb"},"inLanguage":"en-US","potentialAction":[{"@type":"ReadAction","target":["https:\/\/harte.sk\/en\/products\/horizontal-aluminium-pergolas-with-fixed-roof\/"]}]},{"@type":"BreadcrumbList","@id":"https:\/\/harte.sk\/en\/products\/horizontal-aluminium-pergolas-with-fixed-roof\/#breadcrumb","itemListElement":[{"@type":"ListItem","position":1,"name":"Domovsk\u00e1 str\u00e1nka","item":"https:\/\/harte.sk\/en\/"},{"@type":"ListItem","position":2,"name":"Products","item":"https:\/\/harte.sk\/en\/products\/"},{"@type":"ListItem","position":3,"name":"Horizontal aluminium pergolas with fixed roof"}]},{"@type":"WebSite","@id":"https:\/\/harte.sk\/en\/#website","url":"https:\/\/harte.sk\/en\/","name":"Harte.sk","description":"Len \u010fal\u0161ia WordPress str\u00e1nka","publisher":{"@id":"https:\/\/harte.sk\/en\/#organization"},"potentialAction":[{"@type":"SearchAction","target":{"@type":"EntryPoint","urlTemplate":"https:\/\/harte.sk\/en\/?s={search_term_string}"},"query-input":"required name=search_term_string"}],"inLanguage":"en-US"},{"@type":"Organization","@id":"https:\/\/harte.sk\/en\/#organization","name":"Harte.sk","url":"https:\/\/harte.sk\/en\/","logo":{"@type":"ImageObject","inLanguage":"en-US","@id":"https:\/\/harte.sk\/en\/#\/schema\/logo\/image\/","url":"https:\/\/harte.sk\/wp-content\/uploads\/2020\/06\/harte-black.svg","contentUrl":"https:\/\/harte.sk\/wp-content\/uploads\/2020\/06\/harte-black.svg","width":282,"height":103,"caption":"Harte.sk"},"image":{"@id":"https:\/\/harte.sk\/en\/#\/schema\/logo\/image\/"}}]}},"_links":{"self":[{"href":"https:\/\/harte.sk\/en\/wp-json\/wp\/v2\/pages\/6383","targetHints":{"allow":["GET"]}}],"collection":[{"href":"https:\/\/harte.sk\/en\/wp-json\/wp\/v2\/pages"}],"about":[{"href":"https:\/\/harte.sk\/en\/wp-json\/wp\/v2\/types\/page"}],"author":[{"embeddable":true,"href":"https:\/\/harte.sk\/en\/wp-json\/wp\/v2\/users\/1"}],"replies":[{"embeddable":true,"href":"https:\/\/harte.sk\/en\/wp-json\/wp\/v2\/comments?post=6383"}],"version-history":[{"count":11,"href":"https:\/\/harte.sk\/en\/wp-json\/wp\/v2\/pages\/6383\/revisions"}],"predecessor-version":[{"id":9334,"href":"https:\/\/harte.sk\/en\/wp-json\/wp\/v2\/pages\/6383\/revisions\/9334"}],"up":[{"embeddable":true,"href":"https:\/\/harte.sk\/en\/wp-json\/wp\/v2\/pages\/6457"}],"wp:attachment":[{"href":"https:\/\/harte.sk\/en\/wp-json\/wp\/v2\/media?parent=6383"}],"curies":[{"name":"wp","href":"https:\/\/api.w.org\/{rel}","templated":true}]}}