{"id":6447,"date":"2022-06-10T14:37:37","date_gmt":"2022-06-10T12:37:37","guid":{"rendered":"https:\/\/harte.sk\/ochrana-osobnych-udajov\/"},"modified":"2022-12-05T15:39:49","modified_gmt":"2022-12-05T14:39:49","slug":"privacy-policy","status":"publish","type":"page","link":"https:\/\/harte.sk\/en\/privacy-policy\/","title":{"rendered":"Privacy policy"},"content":{"rendered":"\t\t<div data-elementor-type=\"wp-page\" data-elementor-id=\"6447\" class=\"elementor elementor-6447 elementor-4782\" data-elementor-post-type=\"page\">\n\t\t\t\t\t\t<section class=\"elementor-section elementor-top-section elementor-element elementor-element-366f473 elementor-section-boxed elementor-section-height-default elementor-section-height-default\" data-id=\"366f473\" data-element_type=\"section\" data-settings=\"{&quot;jet_parallax_layout_list&quot;:[]}\">\n\t\t\t\t\t\t<div class=\"elementor-container elementor-column-gap-default\">\n\t\t\t\t\t<div class=\"elementor-column elementor-col-100 elementor-top-column elementor-element elementor-element-3b3e861 ot-flex-column-vertical\" data-id=\"3b3e861\" data-element_type=\"column\">\n\t\t\t<div class=\"elementor-widget-wrap elementor-element-populated\">\n\t\t\t\t\t\t<div class=\"elementor-element elementor-element-f03061f elementor-widget elementor-widget-text-editor\" data-id=\"f03061f\" data-element_type=\"widget\" data-widget_type=\"text-editor.default\">\n\t\t\t\t<div class=\"elementor-widget-container\">\n\t\t\t\t\t\t\t<ol><li><span style=\"font-weight: 400;\"> Conditions of personal data protection<\/span><\/li><\/ol><p><span style=\"font-weight: 400;\">Basic provisions<\/span><\/p><ol><li style=\"font-weight: 400;\" aria-level=\"1\"><span style=\"font-weight: 400;\">The operator of personal data according to \u00a7 5 letter o) of Act no. 18\/2018 Coll. on the Protection of Personal Data, as amended (hereinafter referred to as the &#8220;Act&#8221;) is IHP EUROPE s.r.o., Kostolianska cesta 67, 04001 Ko\u0161ice, I\u010cO: 48 066 460, I\u010c DPH: SK2120004601<\/span><\/li><\/ol><p><span style=\"font-weight: 400;\">(hereinafter referred to as the &#8220;operator&#8221;)<\/span><\/p><ol><li style=\"font-weight: 400;\" aria-level=\"1\"><span style=\"font-weight: 400;\">Personal data means all information about an identified or identifiable natural person; an identifiable natural person is a natural person who can be identified, directly or indirectly, in particular by reference to a specific identifier, such as name, identification number, location data, network identifier or by reference to one or more specific elements of physical, physiological, genetic, mental, economic, cultural or the social identity of that natural person.<\/span><\/li><li style=\"font-weight: 400;\" aria-level=\"1\"><span style=\"font-weight: 400;\">The operator has appointed a person responsible for personal data protection. The contact details of the responsible person are:<\/span><\/li><\/ol><p><span style=\"font-weight: 400;\">Daniel Horv\u00e1th, +421 915 633 074<\/span><\/p><ol><li><span style=\"font-weight: 400;\"> Sources and categories of personal data processed<\/span><\/li><li style=\"font-weight: 400;\" aria-level=\"1\"><span style=\"font-weight: 400;\">The operator processes personal data that you have provided to them or personal data that the operator has obtained on the basis of a contractual performance according to your order.<\/span><\/li><li style=\"font-weight: 400;\" aria-level=\"1\"><span style=\"font-weight: 400;\">The operator processes your identification and contact data and the data necessary for the performance of the contract.<\/span><\/li><\/ol><p><span style=\"font-weight: 400;\">III. Legal reason and purpose of personal data processing<\/span><\/p><p><span style=\"font-weight: 400;\">The legal reason for processing personal data is<\/span><\/p><ul><li style=\"font-weight: 400;\" aria-level=\"1\"><span style=\"font-weight: 400;\">performance of the contract between you and the operator according to \u00a7 13 par. 1 letter b) of the Act,<\/span><\/li><li style=\"font-weight: 400;\" aria-level=\"1\"><span style=\"font-weight: 400;\">legitimate interest of the operator in the provision of direct marketing (especially for sending commercial announcements and newsletters) according to \u00a7 13 par. 1 letter f) of the Act,<\/span><\/li><li style=\"font-weight: 400;\" aria-level=\"1\"><span style=\"font-weight: 400;\">Your consent to processing for the purposes of providing direct marketing (especially for sending business announcements and newsletters) according to \u00a7 13 par. 1 letter a) of the Act in the event that no goods or services have been ordered.<\/span><\/li><\/ul><p><span style=\"font-weight: 400;\">The purpose of processing personal data is<\/span><\/p><ul><li style=\"font-weight: 400;\" aria-level=\"1\"><span style=\"font-weight: 400;\">processing your order and exercising the rights and obligations arising from the contractual relationship between you and the operator; when ordering, personal data are required, which are necessary for successful processing of the order (name and address, contact), providing personal data is a necessary requirement for concluding and fulfilling the contract, without providing personal data it is not possible to conclude the contract or perform it by the operator,<\/span><\/li><li style=\"font-weight: 400;\" aria-level=\"1\"><span style=\"font-weight: 400;\">sending business announcements and performing other marketing activities.<\/span><\/li><\/ul><p><span style=\"font-weight: 400;\">The operator makes an automatic individual decision in accordance with \u00a7 28 of the Act. You have given your explicit consent to such processing.<\/span><\/p><p><span style=\"font-weight: 400;\">Retention period of personal data<\/span><\/p><ol><li style=\"font-weight: 400;\" aria-level=\"1\"><span style=\"font-weight: 400;\">The operator stores personal data<\/span><\/li><\/ol><ul><li style=\"font-weight: 400;\" aria-level=\"1\"><span style=\"font-weight: 400;\">for the time necessary to exercise the rights and obligations arising from the contractual relationship between you and the operator and to assert claims from these contractual relationships (for a period of 15 years from the termination of the contractual relationship).<\/span><\/li><li style=\"font-weight: 400;\" aria-level=\"1\"><span style=\"font-weight: 400;\">as long as the consent to the processing of personal data for marketing purposes is revoked, for a maximum of 15 years if the personal data are processed on the basis of the consent. After the expiry of the personal data retention period, the operator shall delete the personal data.<\/span><\/li><\/ul><p>Recipients of personal data (subcontractors of the operator)<\/p><ol><li style=\"font-weight: 400;\" aria-level=\"1\"><span style=\"font-weight: 400;\">Recipients of personal data are persons:<\/span><\/li><\/ol><ul><li style=\"font-weight: 400;\" aria-level=\"1\"><span style=\"font-weight: 400;\">Participating in the supply of goods \/ services \/ execution of payments on the basis of a contract,<\/span><\/li><li style=\"font-weight: 400;\" aria-level=\"1\"><span style=\"font-weight: 400;\">providing marketing services,<\/span><\/li><li style=\"font-weight: 400;\" aria-level=\"1\"><span style=\"font-weight: 400;\">contact forms.<\/span><\/li><\/ul><ol><li style=\"font-weight: 400;\" aria-level=\"1\"><span style=\"font-weight: 400;\">The operator intends to transfer personal data to a third country (a non-EU country) or to an international organisation. Recipients of personal data in third countries are mailing service providers.<\/span><\/li><li><span style=\"font-weight: 400;\"> Your rights<\/span><\/li><li style=\"font-weight: 400;\" aria-level=\"1\"><span style=\"font-weight: 400;\">Under the conditions set out in the Act you have<\/span><\/li><\/ol><ul><li style=\"font-weight: 400;\" aria-level=\"1\"><span style=\"font-weight: 400;\">the right to access their personal data pursuant to Section 21 of the Act,<\/span><\/li><li style=\"font-weight: 400;\" aria-level=\"1\"><span style=\"font-weight: 400;\">the right to correct personal data pursuant to Section 22 of the Act, or the restriction of processing pursuant to Section 24 of the Act,<\/span><\/li><li style=\"font-weight: 400;\" aria-level=\"1\"><span style=\"font-weight: 400;\">the right to delete personal data pursuant to Section 23 of the Act,<\/span><\/li><li style=\"font-weight: 400;\" aria-level=\"1\"><span style=\"font-weight: 400;\">the right to object to the processing of personal data pursuant to Section 27 of the Act,<\/span><\/li><li style=\"font-weight: 400;\" aria-level=\"1\"><span style=\"font-weight: 400;\">the right to data portability pursuant to Section 26 of the Act,<\/span><\/li><li style=\"font-weight: 400;\" aria-level=\"1\"><span style=\"font-weight: 400;\">the right to withdraw the consent to processing in writing or electronically to the address or email address of the operator referred to in Art. III of these conditions.<\/span><\/li><\/ul><ol><li style=\"font-weight: 400;\" aria-level=\"1\"><span style=\"font-weight: 400;\">You also have the right to file a complaint with the Office for Personal Data Protection of the Slovak Republic if you believe that your right to personal data protection has been violated.<\/span><\/li><\/ol><p><span style=\"font-weight: 400;\">VII. Terms of personal data security<\/span><\/p><ol><li style=\"font-weight: 400;\" aria-level=\"1\"><span style=\"font-weight: 400;\">The operator declares that it has taken all appropriate technical and organisational measures to secure personal data.<\/span><\/li><li style=\"font-weight: 400;\" aria-level=\"1\"><span style=\"font-weight: 400;\">The operator has taken technical measures to secure data repositories and repositories of personal data in paper form, in particular passwords and backups.<\/span><\/li><li style=\"font-weight: 400;\" aria-level=\"1\"><span style=\"font-weight: 400;\">The operator declares that only persons authorised by them have access to personal data.<\/span><\/li><\/ol><p><span style=\"font-weight: 400;\">VIII. Final provisions<\/span><\/p><ol><li style=\"font-weight: 400;\" aria-level=\"1\"><span style=\"font-weight: 400;\">By submitting the form, you confirm that you are familiar with the terms of personal data protection and that you accept them in full.<\/span><\/li><li style=\"font-weight: 400;\" aria-level=\"1\"><span style=\"font-weight: 400;\">You agree to these terms by checking your consent using the online form. By checking the consent, you confirm that you are familiar with the conditions of personal data protection and that you accept them in full.<\/span><\/li><li style=\"font-weight: 400;\" aria-level=\"1\"><span style=\"font-weight: 400;\">The operator is entitled to change these conditions. They will publish a new version of the terms of personal data protection on the website and at the same time send you a new version of these terms and conditions to your e-mail address provided to the operator.<\/span><\/li><\/ol><p><span style=\"font-weight: 400;\">THESE TERMS ARE ENTRY INTO FORCE ON 01.01.2021<\/span><\/p>\t\t\t\t\t\t<\/div>\n\t\t\t\t<\/div>\n\t\t\t\t\t<\/div>\n\t\t<\/div>\n\t\t\t\t\t<\/div>\n\t\t<\/section>\n\t\t\t\t<\/div>\n\t\t","protected":false},"excerpt":{"rendered":"<p>Conditions of personal data protection Basic provisions The operator of personal data according to \u00a7 5 letter o) of Act no. 18\/2018 Coll. on the Protection of Personal Data, as amended (hereinafter referred to as the &#8220;Act&#8221;) is IHP EUROPE s.r.o., Kostolianska cesta 67, 04001 Ko\u0161ice, I\u010cO: 48 066 460, I\u010c DPH: SK2120004601 (hereinafter referred [&hellip;]<\/p>\n","protected":false},"author":1,"featured_media":0,"parent":0,"menu_order":0,"comment_status":"closed","ping_status":"closed","template":"elementor_header_footer","meta":{"_mi_skip_tracking":false,"footnotes":""},"class_list":["post-6447","page","type-page","status-publish","hentry"],"yoast_head":"<!-- This site is optimized with the Yoast SEO plugin v20.5 - https:\/\/yoast.com\/wordpress\/plugins\/seo\/ -->\n<title>Privacy policy - Harte.sk<\/title>\n<meta name=\"robots\" content=\"index, follow, max-snippet:-1, max-image-preview:large, max-video-preview:-1\" \/>\n<link rel=\"canonical\" href=\"https:\/\/harte.sk\/en\/privacy-policy\/\" \/>\n<meta property=\"og:locale\" content=\"en_US\" \/>\n<meta property=\"og:type\" content=\"article\" \/>\n<meta property=\"og:title\" content=\"Privacy policy - Harte.sk\" \/>\n<meta property=\"og:description\" content=\"Conditions of personal data protection Basic provisions The operator of personal data according to \u00a7 5 letter o) of Act no. 18\/2018 Coll. on the Protection of Personal Data, as amended (hereinafter referred to as the &#8220;Act&#8221;) is IHP EUROPE s.r.o., Kostolianska cesta 67, 04001 Ko\u0161ice, I\u010cO: 48 066 460, I\u010c DPH: SK2120004601 (hereinafter referred [&hellip;]\" \/>\n<meta property=\"og:url\" content=\"https:\/\/harte.sk\/en\/privacy-policy\/\" \/>\n<meta property=\"og:site_name\" content=\"Harte.sk\" \/>\n<meta property=\"article:modified_time\" content=\"2022-12-05T14:39:49+00:00\" \/>\n<meta name=\"twitter:card\" content=\"summary_large_image\" \/>\n<meta name=\"twitter:label1\" content=\"Est. reading time\" \/>\n\t<meta name=\"twitter:data1\" content=\"6 minutes\" \/>\n<script type=\"application\/ld+json\" class=\"yoast-schema-graph\">{\"@context\":\"https:\/\/schema.org\",\"@graph\":[{\"@type\":\"WebPage\",\"@id\":\"https:\/\/harte.sk\/en\/privacy-policy\/\",\"url\":\"https:\/\/harte.sk\/en\/privacy-policy\/\",\"name\":\"Privacy policy - Harte.sk\",\"isPartOf\":{\"@id\":\"https:\/\/harte.sk\/en\/#website\"},\"datePublished\":\"2022-06-10T12:37:37+00:00\",\"dateModified\":\"2022-12-05T14:39:49+00:00\",\"breadcrumb\":{\"@id\":\"https:\/\/harte.sk\/en\/privacy-policy\/#breadcrumb\"},\"inLanguage\":\"en-US\",\"potentialAction\":[{\"@type\":\"ReadAction\",\"target\":[\"https:\/\/harte.sk\/en\/privacy-policy\/\"]}]},{\"@type\":\"BreadcrumbList\",\"@id\":\"https:\/\/harte.sk\/en\/privacy-policy\/#breadcrumb\",\"itemListElement\":[{\"@type\":\"ListItem\",\"position\":1,\"name\":\"Domovsk\u00e1 str\u00e1nka\",\"item\":\"https:\/\/harte.sk\/en\/\"},{\"@type\":\"ListItem\",\"position\":2,\"name\":\"Privacy policy\"}]},{\"@type\":\"WebSite\",\"@id\":\"https:\/\/harte.sk\/en\/#website\",\"url\":\"https:\/\/harte.sk\/en\/\",\"name\":\"Harte.sk\",\"description\":\"Len \u010fal\u0161ia WordPress str\u00e1nka\",\"publisher\":{\"@id\":\"https:\/\/harte.sk\/en\/#organization\"},\"potentialAction\":[{\"@type\":\"SearchAction\",\"target\":{\"@type\":\"EntryPoint\",\"urlTemplate\":\"https:\/\/harte.sk\/en\/?s={search_term_string}\"},\"query-input\":\"required name=search_term_string\"}],\"inLanguage\":\"en-US\"},{\"@type\":\"Organization\",\"@id\":\"https:\/\/harte.sk\/en\/#organization\",\"name\":\"Harte.sk\",\"url\":\"https:\/\/harte.sk\/en\/\",\"logo\":{\"@type\":\"ImageObject\",\"inLanguage\":\"en-US\",\"@id\":\"https:\/\/harte.sk\/en\/#\/schema\/logo\/image\/\",\"url\":\"https:\/\/harte.sk\/wp-content\/uploads\/2020\/06\/harte-black.svg\",\"contentUrl\":\"https:\/\/harte.sk\/wp-content\/uploads\/2020\/06\/harte-black.svg\",\"width\":282,\"height\":103,\"caption\":\"Harte.sk\"},\"image\":{\"@id\":\"https:\/\/harte.sk\/en\/#\/schema\/logo\/image\/\"}}]}<\/script>\n<!-- \/ Yoast SEO plugin. -->","yoast_head_json":{"title":"Privacy policy - Harte.sk","robots":{"index":"index","follow":"follow","max-snippet":"max-snippet:-1","max-image-preview":"max-image-preview:large","max-video-preview":"max-video-preview:-1"},"canonical":"https:\/\/harte.sk\/en\/privacy-policy\/","og_locale":"en_US","og_type":"article","og_title":"Privacy policy - Harte.sk","og_description":"Conditions of personal data protection Basic provisions The operator of personal data according to \u00a7 5 letter o) of Act no. 18\/2018 Coll. on the Protection of Personal Data, as amended (hereinafter referred to as the &#8220;Act&#8221;) is IHP EUROPE s.r.o., Kostolianska cesta 67, 04001 Ko\u0161ice, I\u010cO: 48 066 460, I\u010c DPH: SK2120004601 (hereinafter referred [&hellip;]","og_url":"https:\/\/harte.sk\/en\/privacy-policy\/","og_site_name":"Harte.sk","article_modified_time":"2022-12-05T14:39:49+00:00","twitter_card":"summary_large_image","twitter_misc":{"Est. reading time":"6 minutes"},"schema":{"@context":"https:\/\/schema.org","@graph":[{"@type":"WebPage","@id":"https:\/\/harte.sk\/en\/privacy-policy\/","url":"https:\/\/harte.sk\/en\/privacy-policy\/","name":"Privacy policy - Harte.sk","isPartOf":{"@id":"https:\/\/harte.sk\/en\/#website"},"datePublished":"2022-06-10T12:37:37+00:00","dateModified":"2022-12-05T14:39:49+00:00","breadcrumb":{"@id":"https:\/\/harte.sk\/en\/privacy-policy\/#breadcrumb"},"inLanguage":"en-US","potentialAction":[{"@type":"ReadAction","target":["https:\/\/harte.sk\/en\/privacy-policy\/"]}]},{"@type":"BreadcrumbList","@id":"https:\/\/harte.sk\/en\/privacy-policy\/#breadcrumb","itemListElement":[{"@type":"ListItem","position":1,"name":"Domovsk\u00e1 str\u00e1nka","item":"https:\/\/harte.sk\/en\/"},{"@type":"ListItem","position":2,"name":"Privacy policy"}]},{"@type":"WebSite","@id":"https:\/\/harte.sk\/en\/#website","url":"https:\/\/harte.sk\/en\/","name":"Harte.sk","description":"Len \u010fal\u0161ia WordPress str\u00e1nka","publisher":{"@id":"https:\/\/harte.sk\/en\/#organization"},"potentialAction":[{"@type":"SearchAction","target":{"@type":"EntryPoint","urlTemplate":"https:\/\/harte.sk\/en\/?s={search_term_string}"},"query-input":"required name=search_term_string"}],"inLanguage":"en-US"},{"@type":"Organization","@id":"https:\/\/harte.sk\/en\/#organization","name":"Harte.sk","url":"https:\/\/harte.sk\/en\/","logo":{"@type":"ImageObject","inLanguage":"en-US","@id":"https:\/\/harte.sk\/en\/#\/schema\/logo\/image\/","url":"https:\/\/harte.sk\/wp-content\/uploads\/2020\/06\/harte-black.svg","contentUrl":"https:\/\/harte.sk\/wp-content\/uploads\/2020\/06\/harte-black.svg","width":282,"height":103,"caption":"Harte.sk"},"image":{"@id":"https:\/\/harte.sk\/en\/#\/schema\/logo\/image\/"}}]}},"_links":{"self":[{"href":"https:\/\/harte.sk\/en\/wp-json\/wp\/v2\/pages\/6447","targetHints":{"allow":["GET"]}}],"collection":[{"href":"https:\/\/harte.sk\/en\/wp-json\/wp\/v2\/pages"}],"about":[{"href":"https:\/\/harte.sk\/en\/wp-json\/wp\/v2\/types\/page"}],"author":[{"embeddable":true,"href":"https:\/\/harte.sk\/en\/wp-json\/wp\/v2\/users\/1"}],"replies":[{"embeddable":true,"href":"https:\/\/harte.sk\/en\/wp-json\/wp\/v2\/comments?post=6447"}],"version-history":[{"count":5,"href":"https:\/\/harte.sk\/en\/wp-json\/wp\/v2\/pages\/6447\/revisions"}],"predecessor-version":[{"id":7654,"href":"https:\/\/harte.sk\/en\/wp-json\/wp\/v2\/pages\/6447\/revisions\/7654"}],"wp:attachment":[{"href":"https:\/\/harte.sk\/en\/wp-json\/wp\/v2\/media?parent=6447"}],"curies":[{"name":"wp","href":"https:\/\/api.w.org\/{rel}","templated":true}]}}