{"id":7949,"date":"2023-09-26T13:17:54","date_gmt":"2023-09-26T11:17:54","guid":{"rendered":"https:\/\/harte.sk\/tuv-certifikat\/"},"modified":"2023-09-26T13:40:46","modified_gmt":"2023-09-26T11:40:46","slug":"tuv-certificate","status":"publish","type":"page","link":"https:\/\/harte.sk\/en\/tuv-certificate\/","title":{"rendered":"T\u00dcV Certificate"},"content":{"rendered":"\t\t<div data-elementor-type=\"wp-page\" data-elementor-id=\"7949\" class=\"elementor elementor-7949 elementor-7916\" data-elementor-post-type=\"page\">\n\t\t\t\t\t\t<section class=\"elementor-section elementor-top-section elementor-element elementor-element-716187c elementor-section-boxed elementor-section-height-default elementor-section-height-default\" data-id=\"716187c\" data-element_type=\"section\" data-settings=\"{&quot;jet_parallax_layout_list&quot;:[]}\">\n\t\t\t\t\t\t<div class=\"elementor-container elementor-column-gap-default\">\n\t\t\t\t\t<div class=\"elementor-column elementor-col-100 elementor-top-column elementor-element elementor-element-ba38739 ot-flex-column-vertical\" data-id=\"ba38739\" data-element_type=\"column\">\n\t\t\t<div class=\"elementor-widget-wrap elementor-element-populated\">\n\t\t\t\t\t\t<div class=\"elementor-element elementor-element-dde0732 elementor-widget elementor-widget-image\" data-id=\"dde0732\" data-element_type=\"widget\" data-widget_type=\"image.default\">\n\t\t\t\t<div class=\"elementor-widget-container\">\n\t\t\t\t\t\t\t\t\t\t\t\t\t<img fetchpriority=\"high\" decoding=\"async\" width=\"1000\" height=\"750\" src=\"https:\/\/harte.sk\/wp-content\/uploads\/2020\/03\/certifikat91_ISO9001.jpg\" class=\"attachment-large size-large wp-image-7913\" alt=\"\" srcset=\"https:\/\/harte.sk\/wp-content\/uploads\/2020\/03\/certifikat91_ISO9001.jpg 1000w, https:\/\/harte.sk\/wp-content\/uploads\/2020\/03\/certifikat91_ISO9001-300x225.jpg 300w, https:\/\/harte.sk\/wp-content\/uploads\/2020\/03\/certifikat91_ISO9001-768x576.jpg 768w\" sizes=\"(max-width: 1000px) 100vw, 1000px\" \/>\t\t\t\t\t\t\t\t\t\t\t\t\t<\/div>\n\t\t\t\t<\/div>\n\t\t\t\t<div class=\"elementor-element elementor-element-3d14135 elementor-widget elementor-widget-heading\" data-id=\"3d14135\" data-element_type=\"widget\" data-widget_type=\"heading.default\">\n\t\t\t\t<div class=\"elementor-widget-container\">\n\t\t\t<p class=\"elementor-heading-title elementor-size-default\">The quality management system of IHP EUROPE is certified by T\u00dcV S\u00dcD Slovakia according to ISO 9001.<\/p>\t\t<\/div>\n\t\t\t\t<\/div>\n\t\t\t\t<div class=\"elementor-element elementor-element-4894dbb elementor-widget elementor-widget-image\" data-id=\"4894dbb\" data-element_type=\"widget\" data-widget_type=\"image.default\">\n\t\t\t\t<div class=\"elementor-widget-container\">\n\t\t\t\t\t\t\t\t\t\t\t\t\t\t<a href=\"https:\/\/harte.sk\/wp-content\/uploads\/2023\/09\/certifikat-en.jpg\" data-elementor-open-lightbox=\"yes\" data-elementor-lightbox-title=\"certifikat-en\" data-e-action-hash=\"#elementor-action%3Aaction%3Dlightbox%26settings%3DeyJpZCI6NzkxOSwidXJsIjoiaHR0cHM6XC9cL2hhcnRlLnNrXC93cC1jb250ZW50XC91cGxvYWRzXC8yMDIzXC8wOVwvY2VydGlmaWthdC1lbi5qcGcifQ%3D%3D\">\n\t\t\t\t\t\t\t<img decoding=\"async\" width=\"724\" height=\"1024\" src=\"https:\/\/harte.sk\/wp-content\/uploads\/2023\/09\/certifikat-en-724x1024.jpg\" class=\"attachment-large size-large wp-image-7919\" alt=\"\" srcset=\"https:\/\/harte.sk\/wp-content\/uploads\/2023\/09\/certifikat-en-724x1024.jpg 724w, https:\/\/harte.sk\/wp-content\/uploads\/2023\/09\/certifikat-en-212x300.jpg 212w, https:\/\/harte.sk\/wp-content\/uploads\/2023\/09\/certifikat-en-768x1086.jpg 768w, https:\/\/harte.sk\/wp-content\/uploads\/2023\/09\/certifikat-en-1086x1536.jpg 1086w, https:\/\/harte.sk\/wp-content\/uploads\/2023\/09\/certifikat-en.jpg 1200w\" sizes=\"(max-width: 724px) 100vw, 724px\" \/>\t\t\t\t\t\t\t\t<\/a>\n\t\t\t\t\t\t\t\t\t\t\t\t\t<\/div>\n\t\t\t\t<\/div>\n\t\t\t\t\t<\/div>\n\t\t<\/div>\n\t\t\t\t\t<\/div>\n\t\t<\/section>\n\t\t\t\t<\/div>\n\t\t","protected":false},"excerpt":{"rendered":"<p>The quality management system of IHP EUROPE is certified by T\u00dcV S\u00dcD Slovakia according to ISO 9001.<\/p>\n","protected":false},"author":1,"featured_media":0,"parent":0,"menu_order":0,"comment_status":"closed","ping_status":"closed","template":"","meta":{"_mi_skip_tracking":false,"footnotes":""},"class_list":["post-7949","page","type-page","status-publish","hentry"],"yoast_head":"<!-- This site is optimized with the Yoast SEO plugin v20.5 - https:\/\/yoast.com\/wordpress\/plugins\/seo\/ -->\n<title>T\u00dcV Certificate - Harte.sk<\/title>\n<meta name=\"robots\" content=\"index, follow, max-snippet:-1, max-image-preview:large, max-video-preview:-1\" \/>\n<link rel=\"canonical\" href=\"https:\/\/harte.sk\/en\/tuv-certificate\/\" \/>\n<meta property=\"og:locale\" content=\"en_US\" \/>\n<meta property=\"og:type\" content=\"article\" \/>\n<meta property=\"og:title\" content=\"T\u00dcV Certificate - Harte.sk\" \/>\n<meta property=\"og:description\" content=\"The quality management system of IHP EUROPE is certified by T\u00dcV S\u00dcD Slovakia according to ISO 9001.\" \/>\n<meta property=\"og:url\" content=\"https:\/\/harte.sk\/en\/tuv-certificate\/\" \/>\n<meta property=\"og:site_name\" content=\"Harte.sk\" \/>\n<meta property=\"article:modified_time\" content=\"2023-09-26T11:40:46+00:00\" \/>\n<meta property=\"og:image\" content=\"https:\/\/harte.sk\/wp-content\/uploads\/2020\/03\/certifikat91_ISO9001.jpg\" \/>\n<meta name=\"twitter:card\" content=\"summary_large_image\" \/>\n<meta name=\"twitter:label1\" content=\"Est. reading time\" \/>\n\t<meta name=\"twitter:data1\" content=\"1 minute\" \/>\n<script type=\"application\/ld+json\" class=\"yoast-schema-graph\">{\"@context\":\"https:\/\/schema.org\",\"@graph\":[{\"@type\":\"WebPage\",\"@id\":\"https:\/\/harte.sk\/en\/tuv-certificate\/\",\"url\":\"https:\/\/harte.sk\/en\/tuv-certificate\/\",\"name\":\"T\u00dcV Certificate - Harte.sk\",\"isPartOf\":{\"@id\":\"https:\/\/harte.sk\/en\/#website\"},\"datePublished\":\"2023-09-26T11:17:54+00:00\",\"dateModified\":\"2023-09-26T11:40:46+00:00\",\"breadcrumb\":{\"@id\":\"https:\/\/harte.sk\/en\/tuv-certificate\/#breadcrumb\"},\"inLanguage\":\"en-US\",\"potentialAction\":[{\"@type\":\"ReadAction\",\"target\":[\"https:\/\/harte.sk\/en\/tuv-certificate\/\"]}]},{\"@type\":\"BreadcrumbList\",\"@id\":\"https:\/\/harte.sk\/en\/tuv-certificate\/#breadcrumb\",\"itemListElement\":[{\"@type\":\"ListItem\",\"position\":1,\"name\":\"Domovsk\u00e1 str\u00e1nka\",\"item\":\"https:\/\/harte.sk\/en\/\"},{\"@type\":\"ListItem\",\"position\":2,\"name\":\"T\u00dcV Certificate\"}]},{\"@type\":\"WebSite\",\"@id\":\"https:\/\/harte.sk\/en\/#website\",\"url\":\"https:\/\/harte.sk\/en\/\",\"name\":\"Harte.sk\",\"description\":\"Len \u010fal\u0161ia WordPress str\u00e1nka\",\"publisher\":{\"@id\":\"https:\/\/harte.sk\/en\/#organization\"},\"potentialAction\":[{\"@type\":\"SearchAction\",\"target\":{\"@type\":\"EntryPoint\",\"urlTemplate\":\"https:\/\/harte.sk\/en\/?s={search_term_string}\"},\"query-input\":\"required name=search_term_string\"}],\"inLanguage\":\"en-US\"},{\"@type\":\"Organization\",\"@id\":\"https:\/\/harte.sk\/en\/#organization\",\"name\":\"Harte.sk\",\"url\":\"https:\/\/harte.sk\/en\/\",\"logo\":{\"@type\":\"ImageObject\",\"inLanguage\":\"en-US\",\"@id\":\"https:\/\/harte.sk\/en\/#\/schema\/logo\/image\/\",\"url\":\"https:\/\/harte.sk\/wp-content\/uploads\/2020\/06\/harte-black.svg\",\"contentUrl\":\"https:\/\/harte.sk\/wp-content\/uploads\/2020\/06\/harte-black.svg\",\"width\":282,\"height\":103,\"caption\":\"Harte.sk\"},\"image\":{\"@id\":\"https:\/\/harte.sk\/en\/#\/schema\/logo\/image\/\"}}]}<\/script>\n<!-- \/ Yoast SEO plugin. -->","yoast_head_json":{"title":"T\u00dcV Certificate - Harte.sk","robots":{"index":"index","follow":"follow","max-snippet":"max-snippet:-1","max-image-preview":"max-image-preview:large","max-video-preview":"max-video-preview:-1"},"canonical":"https:\/\/harte.sk\/en\/tuv-certificate\/","og_locale":"en_US","og_type":"article","og_title":"T\u00dcV Certificate - Harte.sk","og_description":"The quality management system of IHP EUROPE is certified by T\u00dcV S\u00dcD Slovakia according to ISO 9001.","og_url":"https:\/\/harte.sk\/en\/tuv-certificate\/","og_site_name":"Harte.sk","article_modified_time":"2023-09-26T11:40:46+00:00","og_image":[{"url":"https:\/\/harte.sk\/wp-content\/uploads\/2020\/03\/certifikat91_ISO9001.jpg"}],"twitter_card":"summary_large_image","twitter_misc":{"Est. reading time":"1 minute"},"schema":{"@context":"https:\/\/schema.org","@graph":[{"@type":"WebPage","@id":"https:\/\/harte.sk\/en\/tuv-certificate\/","url":"https:\/\/harte.sk\/en\/tuv-certificate\/","name":"T\u00dcV Certificate - Harte.sk","isPartOf":{"@id":"https:\/\/harte.sk\/en\/#website"},"datePublished":"2023-09-26T11:17:54+00:00","dateModified":"2023-09-26T11:40:46+00:00","breadcrumb":{"@id":"https:\/\/harte.sk\/en\/tuv-certificate\/#breadcrumb"},"inLanguage":"en-US","potentialAction":[{"@type":"ReadAction","target":["https:\/\/harte.sk\/en\/tuv-certificate\/"]}]},{"@type":"BreadcrumbList","@id":"https:\/\/harte.sk\/en\/tuv-certificate\/#breadcrumb","itemListElement":[{"@type":"ListItem","position":1,"name":"Domovsk\u00e1 str\u00e1nka","item":"https:\/\/harte.sk\/en\/"},{"@type":"ListItem","position":2,"name":"T\u00dcV Certificate"}]},{"@type":"WebSite","@id":"https:\/\/harte.sk\/en\/#website","url":"https:\/\/harte.sk\/en\/","name":"Harte.sk","description":"Len \u010fal\u0161ia WordPress str\u00e1nka","publisher":{"@id":"https:\/\/harte.sk\/en\/#organization"},"potentialAction":[{"@type":"SearchAction","target":{"@type":"EntryPoint","urlTemplate":"https:\/\/harte.sk\/en\/?s={search_term_string}"},"query-input":"required name=search_term_string"}],"inLanguage":"en-US"},{"@type":"Organization","@id":"https:\/\/harte.sk\/en\/#organization","name":"Harte.sk","url":"https:\/\/harte.sk\/en\/","logo":{"@type":"ImageObject","inLanguage":"en-US","@id":"https:\/\/harte.sk\/en\/#\/schema\/logo\/image\/","url":"https:\/\/harte.sk\/wp-content\/uploads\/2020\/06\/harte-black.svg","contentUrl":"https:\/\/harte.sk\/wp-content\/uploads\/2020\/06\/harte-black.svg","width":282,"height":103,"caption":"Harte.sk"},"image":{"@id":"https:\/\/harte.sk\/en\/#\/schema\/logo\/image\/"}}]}},"_links":{"self":[{"href":"https:\/\/harte.sk\/en\/wp-json\/wp\/v2\/pages\/7949","targetHints":{"allow":["GET"]}}],"collection":[{"href":"https:\/\/harte.sk\/en\/wp-json\/wp\/v2\/pages"}],"about":[{"href":"https:\/\/harte.sk\/en\/wp-json\/wp\/v2\/types\/page"}],"author":[{"embeddable":true,"href":"https:\/\/harte.sk\/en\/wp-json\/wp\/v2\/users\/1"}],"replies":[{"embeddable":true,"href":"https:\/\/harte.sk\/en\/wp-json\/wp\/v2\/comments?post=7949"}],"version-history":[{"count":8,"href":"https:\/\/harte.sk\/en\/wp-json\/wp\/v2\/pages\/7949\/revisions"}],"predecessor-version":[{"id":8000,"href":"https:\/\/harte.sk\/en\/wp-json\/wp\/v2\/pages\/7949\/revisions\/8000"}],"wp:attachment":[{"href":"https:\/\/harte.sk\/en\/wp-json\/wp\/v2\/media?parent=7949"}],"curies":[{"name":"wp","href":"https:\/\/api.w.org\/{rel}","templated":true}]}}