{"id":8078,"date":"2025-01-09T07:45:23","date_gmt":"2025-01-09T06:45:23","guid":{"rendered":"https:\/\/harte.sk\/?page_id=8078"},"modified":"2025-01-09T09:35:35","modified_gmt":"2025-01-09T08:35:35","slug":"pergola-with-retractable-blades","status":"publish","type":"page","link":"https:\/\/harte.sk\/en\/products\/pergola-with-retractable-blades\/","title":{"rendered":"Pergola with retractable blades"},"content":{"rendered":"\t\t<div data-elementor-type=\"wp-page\" data-elementor-id=\"8078\" class=\"elementor elementor-8078\" data-elementor-post-type=\"page\">\n\t\t\t\t\t\t<section class=\"elementor-section elementor-top-section elementor-element elementor-element-69fed63 elementor-section-boxed elementor-section-height-default elementor-section-height-default\" data-id=\"69fed63\" data-element_type=\"section\" data-settings=\"{&quot;jet_parallax_layout_list&quot;:[]}\">\n\t\t\t\t\t\t<div class=\"elementor-container elementor-column-gap-default\">\n\t\t\t\t\t<div class=\"elementor-column elementor-col-100 elementor-top-column elementor-element elementor-element-c18355a ot-flex-column-vertical\" data-id=\"c18355a\" data-element_type=\"column\">\n\t\t\t<div class=\"elementor-widget-wrap elementor-element-populated\">\n\t\t\t\t\t\t<div class=\"elementor-element elementor-element-b1b17bc elementor-widget elementor-widget-heading\" data-id=\"b1b17bc\" data-element_type=\"widget\" data-widget_type=\"heading.default\">\n\t\t\t\t<div class=\"elementor-widget-container\">\n\t\t\t<h2 class=\"elementor-heading-title elementor-size-default\">Products<\/h2>\t\t<\/div>\n\t\t\t\t<\/div>\n\t\t\t\t\t<\/div>\n\t\t<\/div>\n\t\t\t\t\t<\/div>\n\t\t<\/section>\n\t\t\t\t<section class=\"elementor-section elementor-top-section elementor-element elementor-element-f84a415 elementor-section-boxed elementor-section-height-default elementor-section-height-default\" data-id=\"f84a415\" data-element_type=\"section\" data-settings=\"{&quot;jet_parallax_layout_list&quot;:[]}\">\n\t\t\t\t\t\t<div class=\"elementor-container elementor-column-gap-default\">\n\t\t\t\t\t<div class=\"elementor-column elementor-col-33 elementor-top-column elementor-element elementor-element-52423c8 ot-flex-column-vertical\" data-id=\"52423c8\" data-element_type=\"column\">\n\t\t\t<div class=\"elementor-widget-wrap elementor-element-populated\">\n\t\t\t\t\t\t<div class=\"elementor-element elementor-element-d66ddb0 elementor-widget elementor-widget-image\" data-id=\"d66ddb0\" data-element_type=\"widget\" data-widget_type=\"image.default\">\n\t\t\t\t<div class=\"elementor-widget-container\">\n\t\t\t\t\t\t\t\t\t\t\t\t\t<img decoding=\"async\" src=\"https:\/\/harte.sk\/wp-content\/uploads\/elementor\/thumbs\/level-auto-beallo-283-qzqryqchdi79s7deglc6ic0i7bhe42bo5r8zl2etgs.jpg\" title=\"level auto beallo -283\" alt=\"level auto beallo -283\" loading=\"lazy\" \/>\t\t\t\t\t\t\t\t\t\t\t\t\t<\/div>\n\t\t\t\t<\/div>\n\t\t\t\t<div class=\"elementor-element elementor-element-05b8ba3 elementor-widget elementor-widget-heading\" data-id=\"05b8ba3\" data-element_type=\"widget\" data-widget_type=\"heading.default\">\n\t\t\t\t<div class=\"elementor-widget-container\">\n\t\t\t<h2 class=\"elementor-heading-title elementor-size-default\">Pergola Rela<\/h2>\t\t<\/div>\n\t\t\t\t<\/div>\n\t\t\t\t<div class=\"elementor-element elementor-element-4a90b82 elementor-widget elementor-widget-button\" data-id=\"4a90b82\" data-element_type=\"widget\" data-widget_type=\"button.default\">\n\t\t\t\t<div class=\"elementor-widget-container\">\n\t\t\t\t\t<div class=\"elementor-button-wrapper\">\n\t\t\t<a class=\"elementor-button elementor-button-link elementor-size-sm\" href=\"https:\/\/harte.sk\/en\/products\/pergola-with-retractable-blades\/pergola-rela\/\">\n\t\t\t\t\t\t<span class=\"elementor-button-content-wrapper\">\n\t\t\t\t\t\t<span class=\"elementor-button-text\">More information<\/span>\n\t\t<\/span>\n\t\t\t\t\t<\/a>\n\t\t<\/div>\n\t\t\t\t<\/div>\n\t\t\t\t<\/div>\n\t\t\t\t\t<\/div>\n\t\t<\/div>\n\t\t\t\t<div class=\"elementor-column elementor-col-33 elementor-top-column elementor-element elementor-element-0e74318 ot-flex-column-vertical\" data-id=\"0e74318\" data-element_type=\"column\">\n\t\t\t<div class=\"elementor-widget-wrap\">\n\t\t\t\t\t\t\t<\/div>\n\t\t<\/div>\n\t\t\t\t<div class=\"elementor-column elementor-col-33 elementor-top-column elementor-element elementor-element-d5c7a0c ot-flex-column-vertical\" data-id=\"d5c7a0c\" data-element_type=\"column\">\n\t\t\t<div class=\"elementor-widget-wrap\">\n\t\t\t\t\t\t\t<\/div>\n\t\t<\/div>\n\t\t\t\t\t<\/div>\n\t\t<\/section>\n\t\t\t\t<\/div>\n\t\t","protected":false},"excerpt":{"rendered":"<p>Products Pergola Rela More information<\/p>\n","protected":false},"author":11,"featured_media":0,"parent":6457,"menu_order":0,"comment_status":"closed","ping_status":"closed","template":"elementor_header_footer","meta":{"_mi_skip_tracking":false,"footnotes":""},"class_list":["post-8078","page","type-page","status-publish","hentry"],"yoast_head":"<!-- This site is optimized with the Yoast SEO plugin v20.5 - https:\/\/yoast.com\/wordpress\/plugins\/seo\/ -->\n<title>Pergola with retractable blades - Harte.sk<\/title>\n<meta name=\"description\" content=\"Horizontal aluminium pergolas Level with their modern designs and retractable blades belong to the most elegant terrace coverings.\" \/>\n<meta name=\"robots\" content=\"index, follow, max-snippet:-1, max-image-preview:large, max-video-preview:-1\" \/>\n<link rel=\"canonical\" href=\"https:\/\/harte.sk\/en\/products\/pergola-with-retractable-blades\/\" \/>\n<meta property=\"og:locale\" content=\"en_US\" \/>\n<meta property=\"og:type\" content=\"article\" \/>\n<meta property=\"og:title\" content=\"Pergola with retractable blades - Harte.sk\" \/>\n<meta property=\"og:description\" content=\"Horizontal aluminium pergolas Level with their modern designs and retractable blades belong to the most elegant terrace coverings.\" \/>\n<meta property=\"og:url\" content=\"https:\/\/harte.sk\/en\/products\/pergola-with-retractable-blades\/\" \/>\n<meta property=\"og:site_name\" content=\"Harte.sk\" \/>\n<meta property=\"article:modified_time\" content=\"2025-01-09T08:35:35+00:00\" \/>\n<meta property=\"og:image\" content=\"https:\/\/harte.sk\/wp-content\/uploads\/elementor\/thumbs\/level-auto-beallo-283-qzqryqchdi79s7deglc6ic0i7bhe42bo5r8zl2etgs.jpg\" \/>\n<meta name=\"twitter:card\" content=\"summary_large_image\" \/>\n<meta name=\"twitter:label1\" content=\"Est. reading time\" \/>\n\t<meta name=\"twitter:data1\" content=\"1 minute\" \/>\n<script type=\"application\/ld+json\" class=\"yoast-schema-graph\">{\"@context\":\"https:\/\/schema.org\",\"@graph\":[{\"@type\":\"WebPage\",\"@id\":\"https:\/\/harte.sk\/en\/products\/pergola-with-retractable-blades\/\",\"url\":\"https:\/\/harte.sk\/en\/products\/pergola-with-retractable-blades\/\",\"name\":\"Pergola with retractable blades - Harte.sk\",\"isPartOf\":{\"@id\":\"https:\/\/harte.sk\/en\/#website\"},\"datePublished\":\"2025-01-09T06:45:23+00:00\",\"dateModified\":\"2025-01-09T08:35:35+00:00\",\"description\":\"Horizontal aluminium pergolas Level with their modern designs and retractable blades belong to the most elegant terrace coverings.\",\"breadcrumb\":{\"@id\":\"https:\/\/harte.sk\/en\/products\/pergola-with-retractable-blades\/#breadcrumb\"},\"inLanguage\":\"en-US\",\"potentialAction\":[{\"@type\":\"ReadAction\",\"target\":[\"https:\/\/harte.sk\/en\/products\/pergola-with-retractable-blades\/\"]}]},{\"@type\":\"BreadcrumbList\",\"@id\":\"https:\/\/harte.sk\/en\/products\/pergola-with-retractable-blades\/#breadcrumb\",\"itemListElement\":[{\"@type\":\"ListItem\",\"position\":1,\"name\":\"Domovsk\u00e1 str\u00e1nka\",\"item\":\"https:\/\/harte.sk\/en\/\"},{\"@type\":\"ListItem\",\"position\":2,\"name\":\"Products\",\"item\":\"https:\/\/harte.sk\/en\/products\/\"},{\"@type\":\"ListItem\",\"position\":3,\"name\":\"Pergola with retractable blades\"}]},{\"@type\":\"WebSite\",\"@id\":\"https:\/\/harte.sk\/en\/#website\",\"url\":\"https:\/\/harte.sk\/en\/\",\"name\":\"Harte.sk\",\"description\":\"Len \u010fal\u0161ia WordPress str\u00e1nka\",\"publisher\":{\"@id\":\"https:\/\/harte.sk\/en\/#organization\"},\"potentialAction\":[{\"@type\":\"SearchAction\",\"target\":{\"@type\":\"EntryPoint\",\"urlTemplate\":\"https:\/\/harte.sk\/en\/?s={search_term_string}\"},\"query-input\":\"required name=search_term_string\"}],\"inLanguage\":\"en-US\"},{\"@type\":\"Organization\",\"@id\":\"https:\/\/harte.sk\/en\/#organization\",\"name\":\"Harte.sk\",\"url\":\"https:\/\/harte.sk\/en\/\",\"logo\":{\"@type\":\"ImageObject\",\"inLanguage\":\"en-US\",\"@id\":\"https:\/\/harte.sk\/en\/#\/schema\/logo\/image\/\",\"url\":\"https:\/\/harte.sk\/wp-content\/uploads\/2020\/06\/harte-black.svg\",\"contentUrl\":\"https:\/\/harte.sk\/wp-content\/uploads\/2020\/06\/harte-black.svg\",\"width\":282,\"height\":103,\"caption\":\"Harte.sk\"},\"image\":{\"@id\":\"https:\/\/harte.sk\/en\/#\/schema\/logo\/image\/\"}}]}<\/script>\n<!-- \/ Yoast SEO plugin. -->","yoast_head_json":{"title":"Pergola with retractable blades - Harte.sk","description":"Horizontal aluminium pergolas Level with their modern designs and retractable blades belong to the most elegant terrace coverings.","robots":{"index":"index","follow":"follow","max-snippet":"max-snippet:-1","max-image-preview":"max-image-preview:large","max-video-preview":"max-video-preview:-1"},"canonical":"https:\/\/harte.sk\/en\/products\/pergola-with-retractable-blades\/","og_locale":"en_US","og_type":"article","og_title":"Pergola with retractable blades - Harte.sk","og_description":"Horizontal aluminium pergolas Level with their modern designs and retractable blades belong to the most elegant terrace coverings.","og_url":"https:\/\/harte.sk\/en\/products\/pergola-with-retractable-blades\/","og_site_name":"Harte.sk","article_modified_time":"2025-01-09T08:35:35+00:00","og_image":[{"url":"https:\/\/harte.sk\/wp-content\/uploads\/elementor\/thumbs\/level-auto-beallo-283-qzqryqchdi79s7deglc6ic0i7bhe42bo5r8zl2etgs.jpg"}],"twitter_card":"summary_large_image","twitter_misc":{"Est. reading time":"1 minute"},"schema":{"@context":"https:\/\/schema.org","@graph":[{"@type":"WebPage","@id":"https:\/\/harte.sk\/en\/products\/pergola-with-retractable-blades\/","url":"https:\/\/harte.sk\/en\/products\/pergola-with-retractable-blades\/","name":"Pergola with retractable blades - Harte.sk","isPartOf":{"@id":"https:\/\/harte.sk\/en\/#website"},"datePublished":"2025-01-09T06:45:23+00:00","dateModified":"2025-01-09T08:35:35+00:00","description":"Horizontal aluminium pergolas Level with their modern designs and retractable blades belong to the most elegant terrace coverings.","breadcrumb":{"@id":"https:\/\/harte.sk\/en\/products\/pergola-with-retractable-blades\/#breadcrumb"},"inLanguage":"en-US","potentialAction":[{"@type":"ReadAction","target":["https:\/\/harte.sk\/en\/products\/pergola-with-retractable-blades\/"]}]},{"@type":"BreadcrumbList","@id":"https:\/\/harte.sk\/en\/products\/pergola-with-retractable-blades\/#breadcrumb","itemListElement":[{"@type":"ListItem","position":1,"name":"Domovsk\u00e1 str\u00e1nka","item":"https:\/\/harte.sk\/en\/"},{"@type":"ListItem","position":2,"name":"Products","item":"https:\/\/harte.sk\/en\/products\/"},{"@type":"ListItem","position":3,"name":"Pergola with retractable blades"}]},{"@type":"WebSite","@id":"https:\/\/harte.sk\/en\/#website","url":"https:\/\/harte.sk\/en\/","name":"Harte.sk","description":"Len \u010fal\u0161ia WordPress str\u00e1nka","publisher":{"@id":"https:\/\/harte.sk\/en\/#organization"},"potentialAction":[{"@type":"SearchAction","target":{"@type":"EntryPoint","urlTemplate":"https:\/\/harte.sk\/en\/?s={search_term_string}"},"query-input":"required name=search_term_string"}],"inLanguage":"en-US"},{"@type":"Organization","@id":"https:\/\/harte.sk\/en\/#organization","name":"Harte.sk","url":"https:\/\/harte.sk\/en\/","logo":{"@type":"ImageObject","inLanguage":"en-US","@id":"https:\/\/harte.sk\/en\/#\/schema\/logo\/image\/","url":"https:\/\/harte.sk\/wp-content\/uploads\/2020\/06\/harte-black.svg","contentUrl":"https:\/\/harte.sk\/wp-content\/uploads\/2020\/06\/harte-black.svg","width":282,"height":103,"caption":"Harte.sk"},"image":{"@id":"https:\/\/harte.sk\/en\/#\/schema\/logo\/image\/"}}]}},"_links":{"self":[{"href":"https:\/\/harte.sk\/en\/wp-json\/wp\/v2\/pages\/8078","targetHints":{"allow":["GET"]}}],"collection":[{"href":"https:\/\/harte.sk\/en\/wp-json\/wp\/v2\/pages"}],"about":[{"href":"https:\/\/harte.sk\/en\/wp-json\/wp\/v2\/types\/page"}],"author":[{"embeddable":true,"href":"https:\/\/harte.sk\/en\/wp-json\/wp\/v2\/users\/11"}],"replies":[{"embeddable":true,"href":"https:\/\/harte.sk\/en\/wp-json\/wp\/v2\/comments?post=8078"}],"version-history":[{"count":10,"href":"https:\/\/harte.sk\/en\/wp-json\/wp\/v2\/pages\/8078\/revisions"}],"predecessor-version":[{"id":8132,"href":"https:\/\/harte.sk\/en\/wp-json\/wp\/v2\/pages\/8078\/revisions\/8132"}],"up":[{"embeddable":true,"href":"https:\/\/harte.sk\/en\/wp-json\/wp\/v2\/pages\/6457"}],"wp:attachment":[{"href":"https:\/\/harte.sk\/en\/wp-json\/wp\/v2\/media?parent=8078"}],"curies":[{"name":"wp","href":"https:\/\/api.w.org\/{rel}","templated":true}]}}