{"id":7644,"date":"2022-06-17T09:40:00","date_gmt":"2022-06-17T07:40:00","guid":{"rendered":"https:\/\/harte.sk\/?page_id=7644"},"modified":"2022-12-05T15:09:14","modified_gmt":"2022-12-05T14:09:14","slug":"cookie","status":"publish","type":"page","link":"https:\/\/harte.sk\/hu\/cookie\/","title":{"rendered":"Cookie"},"content":{"rendered":"\t\t<div data-elementor-type=\"wp-page\" data-elementor-id=\"7644\" class=\"elementor elementor-7644 elementor-5301\" data-elementor-post-type=\"page\">\n\t\t\t\t\t\t<section class=\"elementor-section elementor-top-section elementor-element elementor-element-3b2f710 elementor-section-boxed elementor-section-height-default elementor-section-height-default\" data-id=\"3b2f710\" data-element_type=\"section\" data-settings=\"{&quot;jet_parallax_layout_list&quot;:[]}\">\n\t\t\t\t\t\t<div class=\"elementor-container elementor-column-gap-default\">\n\t\t\t\t\t<div class=\"elementor-column elementor-col-100 elementor-top-column elementor-element elementor-element-439c8e9 ot-flex-column-vertical\" data-id=\"439c8e9\" data-element_type=\"column\">\n\t\t\t<div class=\"elementor-widget-wrap elementor-element-populated\">\n\t\t\t\t\t\t<div class=\"elementor-element elementor-element-9d968bc elementor-widget elementor-widget-text-editor\" data-id=\"9d968bc\" data-element_type=\"widget\" data-widget_type=\"text-editor.default\">\n\t\t\t\t<div class=\"elementor-widget-container\">\n\t\t\t\t\t\t\t<h3><strong>Mi\u00e9rt haszn\u00e1lunk s\u00fctiket?<\/strong><\/h3><p>A Weboldal cookie-kat \u00e9s egy\u00e9b nyomk\u00f6vet\u00e9si technol\u00f3gi\u00e1kat haszn\u00e1l, hogy teljes k\u00f6r\u0171 funkcionalit\u00e1st biztos\u00edtson \u00d6nnek a weboldalon, testre szabja felhaszn\u00e1l\u00f3i \u00e9lm\u00e9ny\u00e9t, elemz\u00e9seket v\u00e9gezzen, valamint szem\u00e9lyre szabott hirdet\u00e9seket biztos\u00edtson weboldal\u00e1n, alkalmaz\u00e1saiban, valamint h\u00edrleveleiben az interneten \u00e9s a k\u00f6z\u00f6ss\u00e9gi m\u00e9dia platformjain.<\/p><h3><strong><br \/><\/strong><strong>Mi az a cookie?<\/strong><\/h3><p>A \u201ecookie\u201d egy kis sz\u00f6veges f\u00e1jl, amely let\u00f6lt\u0151dik az \u00d6n eszk\u00f6z\u00e9re, p\u00e9ld\u00e1ul sz\u00e1m\u00edt\u00f3g\u00e9p\u00e9re vagy okostelefonj\u00e1ra, amikor bel\u00e9p weboldalunkra.<\/p><p>Cookie-kat \u00e9s m\u00e1s hasonl\u00f3 technol\u00f3gi\u00e1kat haszn\u00e1lunk weboldalunk hat\u00e9kony m\u0171k\u00f6d\u00e9s\u00e9nek \u00e9s a szem\u00e9lyre szabott felhaszn\u00e1l\u00f3i \u00e9lm\u00e9ny jav\u00edt\u00e1s\u00e1nak \u00e9rdek\u00e9ben.<\/p><p>\u00a0A cookie-kra hivatkozva a k\u00f6vetkez\u0151ket eml\u00edtj\u00fck: <br \/>-els\u0151 \u00e9s harmadik f\u00e9lt\u0151l sz\u00e1rmaz\u00f3 cookie-k, <br \/>-nyomk\u00f6vet\u0151 k\u00e9ppontok \u00e9s b\u0151v\u00edtm\u00e9nyek, bele\u00e9rtve a f\u00fcggetlen kiad\u00f3k technol\u00f3gi\u00e1it; <br \/>-egy\u00e9b nyomk\u00f6vet\u00e9si technol\u00f3gi\u00e1k.<\/p><p>Minden cookie-nak van kibocs\u00e1t\u00f3ja, \u00e9s ez az inform\u00e1ci\u00f3 k\u00f6zli, hogy kihez tartozik a cookie. A kiad\u00f3 a cookie-f\u00e1jlban megadott domain tulajdonosa. Minden alkalommal, amikor megl\u00e1togatja weboldalunkat, k\u00fcl\u00f6nf\u00e9le okokb\u00f3l cookie-kat t\u00e1rolunk az \u00d6n k\u00e9sz\u00fcl\u00e9k\u00e9n. Az ilyen cookie-kat &#8220;els\u0151 f\u00e9lt\u0151l sz\u00e1rmaz\u00f3&#8221; cookie-knak nevezik, m\u00edg a f\u00fcggetlen v\u00e1llalatok, p\u00e9ld\u00e1ul k\u00f6z\u00f6ss\u00e9gi m\u00e9dia platformok vagy hirdet\u00e9si h\u00e1l\u00f3zatok, vagy hirdet\u00e9stechnol\u00f3giai szolg\u00e1ltat\u00f3k \u00e1ltal be\u00e1ll\u00edtott cookie-kat &#8220;harmadik f\u00e9lt\u0151l sz\u00e1rmaz\u00f3&#8221; cookie-knak nevezik. <br \/>Az al\u00e1bbiakban r\u00e9szletesebb inform\u00e1ci\u00f3kat tal\u00e1l a cookie-kr\u0151l \u00e9s arr\u00f3l, hogy mi\u00e9rt haszn\u00e1ljuk \u0151ket.<\/p><h3><strong>Hogyan lehet visszavonni a cookie-k haszn\u00e1lat\u00e1hoz val\u00f3 hozz\u00e1j\u00e1rul\u00e1st? <\/strong><\/h3><p>Hozz\u00e1j\u00e1rul\u00e1sa visszavon\u00e1s\u00e1val b\u00e1rmikor letilthatja a nem alapvet\u0151 s\u00fctiket. A cookie-khoz val\u00f3 hozz\u00e1j\u00e1rul\u00e1s\u00e1t a weboldal alj\u00e1n tal\u00e1lhat\u00f3 Cookie-be\u00e1ll\u00edt\u00e1sok r\u00e9szben kezelheti.<\/p><p>A hozz\u00e1j\u00e1rul\u00e1s visszavon\u00e1sa mellett a b\u00f6ng\u00e9sz\u0151 cookie-be\u00e1ll\u00edt\u00e1sainak konfigur\u00e1l\u00e1s\u00e1val egyszer\u0171en megakad\u00e1lyozhatja, hogy b\u00f6ng\u00e9sz\u0151je elfogadja a cookie-kat.<\/p><ul><li>-Chrome<\/li><li>-Firefox<\/li><li>-Internet Explorer<\/li><\/ul><p>Minden kereskedelmi webb\u00f6ng\u00e9sz\u0151 fel van szerelve cookie-kezel\u00e9si funkci\u00f3val.<\/p><p>K\u00e9rj\u00fck, ellen\u0151rizze webb\u00f6ng\u00e9sz\u0151j\u00e9t, ha t\u00f6bbet szeretne megtudni arr\u00f3l, hogyan t\u00e1vol\u00edtsa el vagy tiltsa le a cookie-kat stb.<\/p><p>Ha \u00fagy d\u00f6nt, hogy letiltja a cookie-kat, a funkcionalit\u00e1s korl\u00e1tozott lehet, \u00e9s a haszn\u00e1lhat\u00f3s\u00e1g cs\u00f6kkenhet.<\/p><h4><strong>Milyen t\u00edpus\u00fa cookiekat haszn\u00e1lunk \u00e9s mi\u00e9rt?<\/strong><\/h4><h5>Marketing cookie f\u00e1jlok<\/h5><p>Amikor elfogadja a marketing cookie-kat, beleegyezik, hogy cookie-kat helyezz\u00fcnk el az \u00d6n k\u00e9sz\u00fcl\u00e9k\u00e9n, hogy az \u00d6n \u00e9rdekl\u0151d\u00e9s\u00e9nek megfelel\u0151 tartalmat tudjunk biztos\u00edtani. Ezeket a s\u00fctiket hirdet\u00e9si partnereink vagy mi szem\u00e9lyesen helyezhetj\u00fck el oldalunkon, hogy az \u00d6n \u00e9rdekl\u0151d\u00e9si k\u00f6r\u00e9nek megfelel\u0151 profilt hozzunk l\u00e9tre, \u00e9s relev\u00e1ns tartalmakat jelen\u00edts\u00fcnk meg webhelyeinkkel \u00e9s harmadik felek webhelyeivel kapcsolatban. Annak \u00e9rdek\u00e9ben, hogy \u00e9rdekl\u0151d\u00e9s\u00e9nek megfelel\u0151 tartalmat biztos\u00edtsunk, felhaszn\u00e1ljuk az \u00d6n interakci\u00f3it a webhely\u00fcnk\u00f6n megadott szem\u00e9lyes adatokkal. Annak \u00e9rdek\u00e9ben, hogy relev\u00e1ns tartalmat mutassunk be \u00d6nnek k\u00fcls\u0151 webhelyeken, ezeket az inform\u00e1ci\u00f3kat \u00e9s az \u00fcgyf\u00e9l-azonos\u00edt\u00f3t, p\u00e9ld\u00e1ul egy titkos\u00edtott e-mail c\u00edmet vagy eszk\u00f6zazonos\u00edt\u00f3t megosztunk k\u00fcls\u0151 entit\u00e1sokkal, p\u00e9ld\u00e1ul hirdet\u00e9si platformokkal vagy k\u00f6z\u00f6ss\u00e9gi h\u00e1l\u00f3zatokkal. Annak \u00e9rdek\u00e9ben, hogy a lehet\u0151 leg\u00e9rdekesebb tartalmat ny\u00fajtsuk \u00d6nnek, \u00f6sszekapcsolhatjuk ezeket az adatokat az \u00d6n \u00e1ltal haszn\u00e1lt k\u00fcl\u00f6nb\u00f6z\u0151 eszk\u00f6z\u00f6k k\u00f6z\u00f6tt. Ha \u00fagy d\u00f6nt, hogy nem fogadja el a marketing cookie-kat, akkor ezeket a cookie-kat nem helyezz\u00fck el az \u00d6n k\u00e9sz\u00fcl\u00e9k\u00e9n, \u00e9s el\u0151fordulhat, hogy kev\u00e9sb\u00e9 relev\u00e1ns tartalmat kap t\u0151l\u00fcnk.<\/p><p>[cookie_audit category=\u201dadvertisement\u201d]<\/p><h5>Teljes\u00edtm\u00e9ny\/analitikai cookie-k<\/h5><p>Ezek a s\u00fctik lehet\u0151v\u00e9 teszik sz\u00e1munkra a l\u00e1togat\u00e1sok sz\u00e1ml\u00e1l\u00e1s\u00e1t \u00e9s a felhaszn\u00e1l\u00f3k mozg\u00e1s\u00e1nak nyomon k\u00f6vet\u00e9s\u00e9t az oldalakon. \u00cdgy inform\u00e1ci\u00f3t szerezhet\u00fcnk p\u00e9ld\u00e1ul arr\u00f3l, hogy mely oldalak a legn\u00e9pszer\u0171bbek, \u00e9s megtudhatjuk, hogyan mozognak a l\u00e1togat\u00f3k az oldalon. Az ezen s\u00fctik \u00e1ltal gy\u0171jt\u00f6tt \u00f6sszes inform\u00e1ci\u00f3 \u00f6sszes\u00edtett \u00e9s anonim. Ha nem enged\u00e9lyezi ezeket a s\u00fctiket, akkor nem tudjuk szem\u00e9lyre szabni a webhely \u00e9lm\u00e9ny\u00e9t.<\/p><p>[cookie_audit category=\u201danalytics\u201d]<\/p><h5><strong>A funkcionalit\u00e1ssal kapcsolatos cookie-k <\/strong><\/h5><p>Ezek a s\u00fctik lehet\u0151v\u00e9 teszik a webhely sz\u00e1m\u00e1ra, hogy tov\u00e1bbfejlesztett funkcionalit\u00e1st biztos\u00edtson, \u00e9s szem\u00e9lyre szabja a felhaszn\u00e1l\u00f3i \u00e9lm\u00e9nyt. Ezeket mi magunk vagy f\u00fcggetlen partnereink \u00e1ll\u00edthatj\u00e1k be, akiknek szolg\u00e1ltat\u00e1sait hozz\u00e1adtuk oldalunkhoz. Ha nem enged\u00e9lyezi ezeket a s\u00fctiket, el\u0151fordulhat, hogy ezeknek a szolg\u00e1ltat\u00e1soknak egy r\u00e9sze vagy mindegyike nem fog megfelel\u0151en m\u0171k\u00f6dni.<\/p><p>[cookie_audit category=\u201dfunctional\u201d]<\/p><h5><strong>Sz\u00fcks\u00e9ges s\u00fctik <\/strong><\/h5><p>Ezek a s\u00fctik szolg\u00e1ltat\u00e1saink biztos\u00edt\u00e1s\u00e1hoz sz\u00fcks\u00e9gesek, \u00e9s nem kapcsolhat\u00f3k ki. \u00c1ltal\u00e1ban csak az \u00d6n \u00e1ltal v\u00e9gzett m\u0171veletek alapj\u00e1n \u00e1ll\u00edtj\u00e1k be \u0151ket, p\u00e9ld\u00e1ul fi\u00f3k l\u00e9trehoz\u00e1sa vagy k\u00edv\u00e1ns\u00e1glista ment\u00e9se k\u00e9s\u0151bbre. Be\u00e1ll\u00edthatja b\u00f6ng\u00e9sz\u0151j\u00e9t, hogy blokkolja ezeket a s\u00fctiket, vagy figyelmeztessen r\u00e1juk, de ez azt eredm\u00e9nyezheti, hogy a webhely egyes r\u00e9szei nem m\u0171k\u00f6dnek. Ezekben a f\u00e1jlokban nem t\u00e1rolnak olyan szem\u00e9lyes adatokat, amelyek lehet\u0151v\u00e9 tenn\u00e9k bizonyos szem\u00e9lyek azonos\u00edt\u00e1s\u00e1t.<\/p><p>[cookie_audit category=\u201dnecessary\u201d]<\/p><h5><strong>Egy\u00e9b f\u00e1jlok<\/strong><\/h5><p>Egy\u00e9b kategoriz\u00e1latlan cookie-k azok, amelyek elemz\u00e9s alatt \u00e1llnak, \u00e9s m\u00e9g nincsenek hozz\u00e1rendelve egyetlen kateg\u00f3ri\u00e1ba sem.<\/p><p><b>[cookie_audit category=\u201dothers\u201d]<\/b><\/p>\t\t\t\t\t\t<\/div>\n\t\t\t\t<\/div>\n\t\t\t\t\t<\/div>\n\t\t<\/div>\n\t\t\t\t\t<\/div>\n\t\t<\/section>\n\t\t\t\t<\/div>\n\t\t","protected":false},"excerpt":{"rendered":"<p>Mi\u00e9rt haszn\u00e1lunk s\u00fctiket? A Weboldal cookie-kat \u00e9s egy\u00e9b nyomk\u00f6vet\u00e9si technol\u00f3gi\u00e1kat haszn\u00e1l, hogy teljes k\u00f6r\u0171 funkcionalit\u00e1st biztos\u00edtson \u00d6nnek a weboldalon, testre szabja felhaszn\u00e1l\u00f3i \u00e9lm\u00e9ny\u00e9t, elemz\u00e9seket v\u00e9gezzen, valamint szem\u00e9lyre szabott hirdet\u00e9seket biztos\u00edtson weboldal\u00e1n, alkalmaz\u00e1saiban, valamint h\u00edrleveleiben az interneten \u00e9s a k\u00f6z\u00f6ss\u00e9gi m\u00e9dia platformjain. Mi az a cookie? A \u201ecookie\u201d egy kis sz\u00f6veges f\u00e1jl, amely let\u00f6lt\u0151dik az \u00d6n [&hellip;]<\/p>\n","protected":false},"author":1,"featured_media":0,"parent":0,"menu_order":0,"comment_status":"closed","ping_status":"closed","template":"elementor_header_footer","meta":{"_mi_skip_tracking":false,"footnotes":""},"class_list":["post-7644","page","type-page","status-publish","hentry"],"yoast_head":"<!-- This site is optimized with the Yoast SEO plugin v20.5 - https:\/\/yoast.com\/wordpress\/plugins\/seo\/ -->\n<title>Cookie - Harte.sk<\/title>\n<meta name=\"robots\" content=\"index, follow, max-snippet:-1, max-image-preview:large, max-video-preview:-1\" \/>\n<link rel=\"canonical\" href=\"https:\/\/harte.sk\/hu\/cookie\/\" \/>\n<meta property=\"og:locale\" content=\"hu_HU\" \/>\n<meta property=\"og:type\" content=\"article\" \/>\n<meta property=\"og:title\" content=\"Cookie - Harte.sk\" \/>\n<meta property=\"og:description\" content=\"Mi\u00e9rt haszn\u00e1lunk s\u00fctiket? A Weboldal cookie-kat \u00e9s egy\u00e9b nyomk\u00f6vet\u00e9si technol\u00f3gi\u00e1kat haszn\u00e1l, hogy teljes k\u00f6r\u0171 funkcionalit\u00e1st biztos\u00edtson \u00d6nnek a weboldalon, testre szabja felhaszn\u00e1l\u00f3i \u00e9lm\u00e9ny\u00e9t, elemz\u00e9seket v\u00e9gezzen, valamint szem\u00e9lyre szabott hirdet\u00e9seket biztos\u00edtson weboldal\u00e1n, alkalmaz\u00e1saiban, valamint h\u00edrleveleiben az interneten \u00e9s a k\u00f6z\u00f6ss\u00e9gi m\u00e9dia platformjain. Mi az a cookie? A \u201ecookie\u201d egy kis sz\u00f6veges f\u00e1jl, amely let\u00f6lt\u0151dik az \u00d6n [&hellip;]\" \/>\n<meta property=\"og:url\" content=\"https:\/\/harte.sk\/hu\/cookie\/\" \/>\n<meta property=\"og:site_name\" content=\"Harte.sk\" \/>\n<meta property=\"article:modified_time\" content=\"2022-12-05T14:09:14+00:00\" \/>\n<meta name=\"twitter:card\" content=\"summary_large_image\" \/>\n<meta name=\"twitter:label1\" content=\"Becs\u00fclt olvas\u00e1si id\u0151\" \/>\n\t<meta name=\"twitter:data1\" content=\"4 perc\" \/>\n<script type=\"application\/ld+json\" class=\"yoast-schema-graph\">{\"@context\":\"https:\/\/schema.org\",\"@graph\":[{\"@type\":\"WebPage\",\"@id\":\"https:\/\/harte.sk\/hu\/cookie\/\",\"url\":\"https:\/\/harte.sk\/hu\/cookie\/\",\"name\":\"Cookie - Harte.sk\",\"isPartOf\":{\"@id\":\"https:\/\/harte.sk\/hu\/#website\"},\"datePublished\":\"2022-06-17T07:40:00+00:00\",\"dateModified\":\"2022-12-05T14:09:14+00:00\",\"breadcrumb\":{\"@id\":\"https:\/\/harte.sk\/hu\/cookie\/#breadcrumb\"},\"inLanguage\":\"hu\",\"potentialAction\":[{\"@type\":\"ReadAction\",\"target\":[\"https:\/\/harte.sk\/hu\/cookie\/\"]}]},{\"@type\":\"BreadcrumbList\",\"@id\":\"https:\/\/harte.sk\/hu\/cookie\/#breadcrumb\",\"itemListElement\":[{\"@type\":\"ListItem\",\"position\":1,\"name\":\"Domovsk\u00e1 str\u00e1nka\",\"item\":\"https:\/\/harte.sk\/hu\/\"},{\"@type\":\"ListItem\",\"position\":2,\"name\":\"Cookie\"}]},{\"@type\":\"WebSite\",\"@id\":\"https:\/\/harte.sk\/hu\/#website\",\"url\":\"https:\/\/harte.sk\/hu\/\",\"name\":\"Harte.sk\",\"description\":\"Len \u010fal\u0161ia WordPress str\u00e1nka\",\"publisher\":{\"@id\":\"https:\/\/harte.sk\/hu\/#organization\"},\"potentialAction\":[{\"@type\":\"SearchAction\",\"target\":{\"@type\":\"EntryPoint\",\"urlTemplate\":\"https:\/\/harte.sk\/hu\/?s={search_term_string}\"},\"query-input\":\"required name=search_term_string\"}],\"inLanguage\":\"hu\"},{\"@type\":\"Organization\",\"@id\":\"https:\/\/harte.sk\/hu\/#organization\",\"name\":\"Harte.sk\",\"url\":\"https:\/\/harte.sk\/hu\/\",\"logo\":{\"@type\":\"ImageObject\",\"inLanguage\":\"hu\",\"@id\":\"https:\/\/harte.sk\/hu\/#\/schema\/logo\/image\/\",\"url\":\"https:\/\/harte.sk\/wp-content\/uploads\/2020\/06\/harte-black.svg\",\"contentUrl\":\"https:\/\/harte.sk\/wp-content\/uploads\/2020\/06\/harte-black.svg\",\"width\":282,\"height\":103,\"caption\":\"Harte.sk\"},\"image\":{\"@id\":\"https:\/\/harte.sk\/hu\/#\/schema\/logo\/image\/\"}}]}<\/script>\n<!-- \/ Yoast SEO plugin. -->","yoast_head_json":{"title":"Cookie - Harte.sk","robots":{"index":"index","follow":"follow","max-snippet":"max-snippet:-1","max-image-preview":"max-image-preview:large","max-video-preview":"max-video-preview:-1"},"canonical":"https:\/\/harte.sk\/hu\/cookie\/","og_locale":"hu_HU","og_type":"article","og_title":"Cookie - Harte.sk","og_description":"Mi\u00e9rt haszn\u00e1lunk s\u00fctiket? A Weboldal cookie-kat \u00e9s egy\u00e9b nyomk\u00f6vet\u00e9si technol\u00f3gi\u00e1kat haszn\u00e1l, hogy teljes k\u00f6r\u0171 funkcionalit\u00e1st biztos\u00edtson \u00d6nnek a weboldalon, testre szabja felhaszn\u00e1l\u00f3i \u00e9lm\u00e9ny\u00e9t, elemz\u00e9seket v\u00e9gezzen, valamint szem\u00e9lyre szabott hirdet\u00e9seket biztos\u00edtson weboldal\u00e1n, alkalmaz\u00e1saiban, valamint h\u00edrleveleiben az interneten \u00e9s a k\u00f6z\u00f6ss\u00e9gi m\u00e9dia platformjain. Mi az a cookie? A \u201ecookie\u201d egy kis sz\u00f6veges f\u00e1jl, amely let\u00f6lt\u0151dik az \u00d6n [&hellip;]","og_url":"https:\/\/harte.sk\/hu\/cookie\/","og_site_name":"Harte.sk","article_modified_time":"2022-12-05T14:09:14+00:00","twitter_card":"summary_large_image","twitter_misc":{"Becs\u00fclt olvas\u00e1si id\u0151":"4 perc"},"schema":{"@context":"https:\/\/schema.org","@graph":[{"@type":"WebPage","@id":"https:\/\/harte.sk\/hu\/cookie\/","url":"https:\/\/harte.sk\/hu\/cookie\/","name":"Cookie - Harte.sk","isPartOf":{"@id":"https:\/\/harte.sk\/hu\/#website"},"datePublished":"2022-06-17T07:40:00+00:00","dateModified":"2022-12-05T14:09:14+00:00","breadcrumb":{"@id":"https:\/\/harte.sk\/hu\/cookie\/#breadcrumb"},"inLanguage":"hu","potentialAction":[{"@type":"ReadAction","target":["https:\/\/harte.sk\/hu\/cookie\/"]}]},{"@type":"BreadcrumbList","@id":"https:\/\/harte.sk\/hu\/cookie\/#breadcrumb","itemListElement":[{"@type":"ListItem","position":1,"name":"Domovsk\u00e1 str\u00e1nka","item":"https:\/\/harte.sk\/hu\/"},{"@type":"ListItem","position":2,"name":"Cookie"}]},{"@type":"WebSite","@id":"https:\/\/harte.sk\/hu\/#website","url":"https:\/\/harte.sk\/hu\/","name":"Harte.sk","description":"Len \u010fal\u0161ia WordPress str\u00e1nka","publisher":{"@id":"https:\/\/harte.sk\/hu\/#organization"},"potentialAction":[{"@type":"SearchAction","target":{"@type":"EntryPoint","urlTemplate":"https:\/\/harte.sk\/hu\/?s={search_term_string}"},"query-input":"required name=search_term_string"}],"inLanguage":"hu"},{"@type":"Organization","@id":"https:\/\/harte.sk\/hu\/#organization","name":"Harte.sk","url":"https:\/\/harte.sk\/hu\/","logo":{"@type":"ImageObject","inLanguage":"hu","@id":"https:\/\/harte.sk\/hu\/#\/schema\/logo\/image\/","url":"https:\/\/harte.sk\/wp-content\/uploads\/2020\/06\/harte-black.svg","contentUrl":"https:\/\/harte.sk\/wp-content\/uploads\/2020\/06\/harte-black.svg","width":282,"height":103,"caption":"Harte.sk"},"image":{"@id":"https:\/\/harte.sk\/hu\/#\/schema\/logo\/image\/"}}]}},"_links":{"self":[{"href":"https:\/\/harte.sk\/hu\/wp-json\/wp\/v2\/pages\/7644","targetHints":{"allow":["GET"]}}],"collection":[{"href":"https:\/\/harte.sk\/hu\/wp-json\/wp\/v2\/pages"}],"about":[{"href":"https:\/\/harte.sk\/hu\/wp-json\/wp\/v2\/types\/page"}],"author":[{"embeddable":true,"href":"https:\/\/harte.sk\/hu\/wp-json\/wp\/v2\/users\/1"}],"replies":[{"embeddable":true,"href":"https:\/\/harte.sk\/hu\/wp-json\/wp\/v2\/comments?post=7644"}],"version-history":[{"count":4,"href":"https:\/\/harte.sk\/hu\/wp-json\/wp\/v2\/pages\/7644\/revisions"}],"predecessor-version":[{"id":7648,"href":"https:\/\/harte.sk\/hu\/wp-json\/wp\/v2\/pages\/7644\/revisions\/7648"}],"wp:attachment":[{"href":"https:\/\/harte.sk\/hu\/wp-json\/wp\/v2\/media?parent=7644"}],"curies":[{"name":"wp","href":"https:\/\/api.w.org\/{rel}","templated":true}]}}