{"id":7652,"date":"2022-06-10T14:05:19","date_gmt":"2022-06-10T12:05:19","guid":{"rendered":"https:\/\/harte.sk\/fiok\/"},"modified":"2022-12-05T15:33:53","modified_gmt":"2022-12-05T14:33:53","slug":"fiok","status":"publish","type":"page","link":"https:\/\/harte.sk\/hu\/fiok\/","title":{"rendered":"Fi\u00f3k"},"content":{"rendered":"\t\t<div data-elementor-type=\"wp-page\" data-elementor-id=\"7652\" class=\"elementor elementor-7652 elementor-4776\" data-elementor-post-type=\"page\">\n\t\t\t\t\t\t<section class=\"elementor-section elementor-top-section elementor-element elementor-element-5eb66b9f elementor-section-boxed elementor-section-height-default elementor-section-height-default\" data-id=\"5eb66b9f\" data-element_type=\"section\" data-settings=\"{&quot;jet_parallax_layout_list&quot;:[]}\">\n\t\t\t\t\t\t<div class=\"elementor-container elementor-column-gap-default\">\n\t\t\t\t\t<div class=\"elementor-column elementor-col-100 elementor-top-column elementor-element elementor-element-554a62a3 ot-flex-column-vertical\" data-id=\"554a62a3\" data-element_type=\"column\">\n\t\t\t<div class=\"elementor-widget-wrap elementor-element-populated\">\n\t\t\t\t\t\t<div class=\"elementor-element elementor-element-5f46ad8 elementor-align-right elementor-tablet-align-center elementor-widget elementor-widget-button\" data-id=\"5f46ad8\" data-element_type=\"widget\" data-widget_type=\"button.default\">\n\t\t\t\t<div class=\"elementor-widget-container\">\n\t\t\t\t\t<div class=\"elementor-button-wrapper\">\n\t\t\t<a class=\"elementor-button elementor-button-link elementor-size-md\" href=\"https:\/\/harte.sk\/odhlasit-sa\/\">\n\t\t\t\t\t\t<span class=\"elementor-button-content-wrapper\">\n\t\t\t\t\t\t<span class=\"elementor-button-icon elementor-align-icon-left\">\n\t\t\t\t<i aria-hidden=\"true\" class=\"fas fa-user-alt-slash\"><\/i>\t\t\t<\/span>\n\t\t\t\t\t\t<span class=\"elementor-button-text\">Kijelentkez\u00e9s<\/span>\n\t\t<\/span>\n\t\t\t\t\t<\/a>\n\t\t<\/div>\n\t\t\t\t<\/div>\n\t\t\t\t<\/div>\n\t\t\t\t<div class=\"elementor-element elementor-element-889d4f4 elementor-widget elementor-widget-spacer\" data-id=\"889d4f4\" data-element_type=\"widget\" data-widget_type=\"spacer.default\">\n\t\t\t\t<div class=\"elementor-widget-container\">\n\t\t\t\t\t<div class=\"elementor-spacer\">\n\t\t\t<div class=\"elementor-spacer-inner\"><\/div>\n\t\t<\/div>\n\t\t\t\t<\/div>\n\t\t\t\t<\/div>\n\t\t\t\t<div class=\"elementor-element elementor-element-1d61546d elementor-widget elementor-widget-text-editor\" data-id=\"1d61546d\" data-element_type=\"widget\" data-widget_type=\"text-editor.default\">\n\t\t\t\t<div class=\"elementor-widget-container\">\n\t\t\t\t\t\t\t\n\t\t\t\t\t\t<\/div>\n\t\t\t\t<\/div>\n\t\t\t\t\t<\/div>\n\t\t<\/div>\n\t\t\t\t\t<\/div>\n\t\t<\/section>\n\t\t\t\t<\/div>\n\t\t","protected":false},"excerpt":{"rendered":"<p>Kijelentkez\u00e9s<\/p>\n","protected":false},"author":1,"featured_media":0,"parent":0,"menu_order":0,"comment_status":"closed","ping_status":"closed","template":"elementor_header_footer","meta":{"_mi_skip_tracking":false,"footnotes":""},"class_list":["post-7652","page","type-page","status-publish","hentry"],"yoast_head":"<!-- This site is optimized with the Yoast SEO plugin v20.5 - https:\/\/yoast.com\/wordpress\/plugins\/seo\/ -->\n<title>Fi\u00f3k - Harte.sk<\/title>\n<meta name=\"description\" content=\"Jelentkezzen be fi\u00f3kj\u00e1ba! Adja meg e-mail c\u00edm\u00e9t \u00e9s jelszav\u00e1t.\" \/>\n<meta name=\"robots\" content=\"index, follow, max-snippet:-1, max-image-preview:large, max-video-preview:-1\" \/>\n<link rel=\"canonical\" href=\"https:\/\/harte.sk\/hu\/fiok\/\" \/>\n<meta property=\"og:locale\" content=\"hu_HU\" \/>\n<meta property=\"og:type\" content=\"article\" \/>\n<meta property=\"og:title\" content=\"Fi\u00f3k - Harte.sk\" \/>\n<meta property=\"og:description\" content=\"Jelentkezzen be fi\u00f3kj\u00e1ba! Adja meg e-mail c\u00edm\u00e9t \u00e9s jelszav\u00e1t.\" \/>\n<meta property=\"og:url\" content=\"https:\/\/harte.sk\/hu\/fiok\/\" \/>\n<meta property=\"og:site_name\" content=\"Harte.sk\" \/>\n<meta property=\"article:modified_time\" content=\"2022-12-05T14:33:53+00:00\" \/>\n<meta name=\"twitter:card\" content=\"summary_large_image\" \/>\n<script type=\"application\/ld+json\" class=\"yoast-schema-graph\">{\"@context\":\"https:\/\/schema.org\",\"@graph\":[{\"@type\":\"WebPage\",\"@id\":\"https:\/\/harte.sk\/hu\/fiok\/\",\"url\":\"https:\/\/harte.sk\/hu\/fiok\/\",\"name\":\"Fi\u00f3k - Harte.sk\",\"isPartOf\":{\"@id\":\"https:\/\/harte.sk\/hu\/#website\"},\"datePublished\":\"2022-06-10T12:05:19+00:00\",\"dateModified\":\"2022-12-05T14:33:53+00:00\",\"description\":\"Jelentkezzen be fi\u00f3kj\u00e1ba! Adja meg e-mail c\u00edm\u00e9t \u00e9s jelszav\u00e1t.\",\"breadcrumb\":{\"@id\":\"https:\/\/harte.sk\/hu\/fiok\/#breadcrumb\"},\"inLanguage\":\"hu\",\"potentialAction\":[{\"@type\":\"ReadAction\",\"target\":[\"https:\/\/harte.sk\/hu\/fiok\/\"]}]},{\"@type\":\"BreadcrumbList\",\"@id\":\"https:\/\/harte.sk\/hu\/fiok\/#breadcrumb\",\"itemListElement\":[{\"@type\":\"ListItem\",\"position\":1,\"name\":\"Domovsk\u00e1 str\u00e1nka\",\"item\":\"https:\/\/harte.sk\/hu\/\"},{\"@type\":\"ListItem\",\"position\":2,\"name\":\"Fi\u00f3k\"}]},{\"@type\":\"WebSite\",\"@id\":\"https:\/\/harte.sk\/hu\/#website\",\"url\":\"https:\/\/harte.sk\/hu\/\",\"name\":\"Harte.sk\",\"description\":\"Len \u010fal\u0161ia WordPress str\u00e1nka\",\"publisher\":{\"@id\":\"https:\/\/harte.sk\/hu\/#organization\"},\"potentialAction\":[{\"@type\":\"SearchAction\",\"target\":{\"@type\":\"EntryPoint\",\"urlTemplate\":\"https:\/\/harte.sk\/hu\/?s={search_term_string}\"},\"query-input\":\"required name=search_term_string\"}],\"inLanguage\":\"hu\"},{\"@type\":\"Organization\",\"@id\":\"https:\/\/harte.sk\/hu\/#organization\",\"name\":\"Harte.sk\",\"url\":\"https:\/\/harte.sk\/hu\/\",\"logo\":{\"@type\":\"ImageObject\",\"inLanguage\":\"hu\",\"@id\":\"https:\/\/harte.sk\/hu\/#\/schema\/logo\/image\/\",\"url\":\"https:\/\/harte.sk\/wp-content\/uploads\/2020\/06\/harte-black.svg\",\"contentUrl\":\"https:\/\/harte.sk\/wp-content\/uploads\/2020\/06\/harte-black.svg\",\"width\":282,\"height\":103,\"caption\":\"Harte.sk\"},\"image\":{\"@id\":\"https:\/\/harte.sk\/hu\/#\/schema\/logo\/image\/\"}}]}<\/script>\n<!-- \/ Yoast SEO plugin. -->","yoast_head_json":{"title":"Fi\u00f3k - Harte.sk","description":"Jelentkezzen be fi\u00f3kj\u00e1ba! Adja meg e-mail c\u00edm\u00e9t \u00e9s jelszav\u00e1t.","robots":{"index":"index","follow":"follow","max-snippet":"max-snippet:-1","max-image-preview":"max-image-preview:large","max-video-preview":"max-video-preview:-1"},"canonical":"https:\/\/harte.sk\/hu\/fiok\/","og_locale":"hu_HU","og_type":"article","og_title":"Fi\u00f3k - Harte.sk","og_description":"Jelentkezzen be fi\u00f3kj\u00e1ba! Adja meg e-mail c\u00edm\u00e9t \u00e9s jelszav\u00e1t.","og_url":"https:\/\/harte.sk\/hu\/fiok\/","og_site_name":"Harte.sk","article_modified_time":"2022-12-05T14:33:53+00:00","twitter_card":"summary_large_image","schema":{"@context":"https:\/\/schema.org","@graph":[{"@type":"WebPage","@id":"https:\/\/harte.sk\/hu\/fiok\/","url":"https:\/\/harte.sk\/hu\/fiok\/","name":"Fi\u00f3k - Harte.sk","isPartOf":{"@id":"https:\/\/harte.sk\/hu\/#website"},"datePublished":"2022-06-10T12:05:19+00:00","dateModified":"2022-12-05T14:33:53+00:00","description":"Jelentkezzen be fi\u00f3kj\u00e1ba! Adja meg e-mail c\u00edm\u00e9t \u00e9s jelszav\u00e1t.","breadcrumb":{"@id":"https:\/\/harte.sk\/hu\/fiok\/#breadcrumb"},"inLanguage":"hu","potentialAction":[{"@type":"ReadAction","target":["https:\/\/harte.sk\/hu\/fiok\/"]}]},{"@type":"BreadcrumbList","@id":"https:\/\/harte.sk\/hu\/fiok\/#breadcrumb","itemListElement":[{"@type":"ListItem","position":1,"name":"Domovsk\u00e1 str\u00e1nka","item":"https:\/\/harte.sk\/hu\/"},{"@type":"ListItem","position":2,"name":"Fi\u00f3k"}]},{"@type":"WebSite","@id":"https:\/\/harte.sk\/hu\/#website","url":"https:\/\/harte.sk\/hu\/","name":"Harte.sk","description":"Len \u010fal\u0161ia WordPress str\u00e1nka","publisher":{"@id":"https:\/\/harte.sk\/hu\/#organization"},"potentialAction":[{"@type":"SearchAction","target":{"@type":"EntryPoint","urlTemplate":"https:\/\/harte.sk\/hu\/?s={search_term_string}"},"query-input":"required name=search_term_string"}],"inLanguage":"hu"},{"@type":"Organization","@id":"https:\/\/harte.sk\/hu\/#organization","name":"Harte.sk","url":"https:\/\/harte.sk\/hu\/","logo":{"@type":"ImageObject","inLanguage":"hu","@id":"https:\/\/harte.sk\/hu\/#\/schema\/logo\/image\/","url":"https:\/\/harte.sk\/wp-content\/uploads\/2020\/06\/harte-black.svg","contentUrl":"https:\/\/harte.sk\/wp-content\/uploads\/2020\/06\/harte-black.svg","width":282,"height":103,"caption":"Harte.sk"},"image":{"@id":"https:\/\/harte.sk\/hu\/#\/schema\/logo\/image\/"}}]}},"_links":{"self":[{"href":"https:\/\/harte.sk\/hu\/wp-json\/wp\/v2\/pages\/7652","targetHints":{"allow":["GET"]}}],"collection":[{"href":"https:\/\/harte.sk\/hu\/wp-json\/wp\/v2\/pages"}],"about":[{"href":"https:\/\/harte.sk\/hu\/wp-json\/wp\/v2\/types\/page"}],"author":[{"embeddable":true,"href":"https:\/\/harte.sk\/hu\/wp-json\/wp\/v2\/users\/1"}],"replies":[{"embeddable":true,"href":"https:\/\/harte.sk\/hu\/wp-json\/wp\/v2\/comments?post=7652"}],"version-history":[{"count":1,"href":"https:\/\/harte.sk\/hu\/wp-json\/wp\/v2\/pages\/7652\/revisions"}],"predecessor-version":[{"id":7653,"href":"https:\/\/harte.sk\/hu\/wp-json\/wp\/v2\/pages\/7652\/revisions\/7653"}],"wp:attachment":[{"href":"https:\/\/harte.sk\/hu\/wp-json\/wp\/v2\/media?parent=7652"}],"curies":[{"name":"wp","href":"https:\/\/api.w.org\/{rel}","templated":true}]}}