{"id":7725,"date":"2022-06-21T10:08:19","date_gmt":"2022-06-21T08:08:19","guid":{"rendered":"https:\/\/harte.sk\/termekeink\/lejtett-aluminium-pergolak-mozgathato-ponyvatetovel\/"},"modified":"2025-01-13T10:38:03","modified_gmt":"2025-01-13T09:38:03","slug":"lejtett-aluminium-pergolak-mozgathato-ponyvatetovel","status":"publish","type":"page","link":"https:\/\/harte.sk\/hu\/termekeink\/lejtett-aluminium-pergolak-mozgathato-ponyvatetovel\/","title":{"rendered":"Lejtett alum\u00ednium pergol\u00e1k mozgathat\u00f3 ponyvatet\u0151vel"},"content":{"rendered":"\t\t<div data-elementor-type=\"wp-page\" data-elementor-id=\"7725\" class=\"elementor elementor-7725 elementor-6101\" data-elementor-post-type=\"page\">\n\t\t\t\t\t\t<section class=\"elementor-section elementor-top-section elementor-element elementor-element-c3e287f elementor-section-boxed elementor-section-height-default elementor-section-height-default\" data-id=\"c3e287f\" data-element_type=\"section\" data-settings=\"{&quot;jet_parallax_layout_list&quot;:[]}\">\n\t\t\t\t\t\t<div class=\"elementor-container elementor-column-gap-default\">\n\t\t\t\t\t<div class=\"elementor-column elementor-col-100 elementor-top-column elementor-element elementor-element-7dcb0e7 ot-flex-column-vertical\" data-id=\"7dcb0e7\" data-element_type=\"column\">\n\t\t\t<div class=\"elementor-widget-wrap elementor-element-populated\">\n\t\t\t\t\t\t<div class=\"elementor-element elementor-element-b400b61 elementor-widget elementor-widget-heading\" data-id=\"b400b61\" data-element_type=\"widget\" data-widget_type=\"heading.default\">\n\t\t\t\t<div class=\"elementor-widget-container\">\n\t\t\t<h2 class=\"elementor-heading-title elementor-size-default\">Term\u00e9keink<\/h2>\t\t<\/div>\n\t\t\t\t<\/div>\n\t\t\t\t\t<\/div>\n\t\t<\/div>\n\t\t\t\t\t<\/div>\n\t\t<\/section>\n\t\t\t\t<section class=\"elementor-section elementor-top-section elementor-element elementor-element-bac45ec elementor-section-content-space-between elementor-section-boxed elementor-section-height-default elementor-section-height-default\" data-id=\"bac45ec\" data-element_type=\"section\" data-settings=\"{&quot;jet_parallax_layout_list&quot;:[]}\">\n\t\t\t\t\t\t<div class=\"elementor-container elementor-column-gap-default\">\n\t\t\t\t\t<div class=\"elementor-column elementor-col-33 elementor-top-column elementor-element elementor-element-a8a28f7 ot-flex-column-vertical\" data-id=\"a8a28f7\" data-element_type=\"column\">\n\t\t\t<div class=\"elementor-widget-wrap elementor-element-populated\">\n\t\t\t\t\t\t<div class=\"elementor-element elementor-element-d798b18 elementor-widget elementor-widget-image\" data-id=\"d798b18\" data-element_type=\"widget\" data-widget_type=\"image.default\">\n\t\t\t\t<div class=\"elementor-widget-container\">\n\t\t\t\t\t\t\t\t\t\t\t\t\t<img decoding=\"async\" src=\"https:\/\/harte.sk\/wp-content\/uploads\/elementor\/thumbs\/level-auto-beallo-305-2-qzr6hz65tehgprbv2rnqialup0h2yfkk3kvgy6l9rg.jpg\" title=\"level auto beallo -305\" alt=\"level auto beallo -305\" loading=\"lazy\" \/>\t\t\t\t\t\t\t\t\t\t\t\t\t<\/div>\n\t\t\t\t<\/div>\n\t\t\t\t<div class=\"elementor-element elementor-element-a16acfb elementor-widget elementor-widget-heading\" data-id=\"a16acfb\" data-element_type=\"widget\" data-widget_type=\"heading.default\">\n\t\t\t\t<div class=\"elementor-widget-container\">\n\t\t\t<h2 class=\"elementor-heading-title elementor-size-default\">Pergola Live<\/h2>\t\t<\/div>\n\t\t\t\t<\/div>\n\t\t\t\t<div class=\"elementor-element elementor-element-18a722d elementor-widget elementor-widget-button\" data-id=\"18a722d\" data-element_type=\"widget\" data-widget_type=\"button.default\">\n\t\t\t\t<div class=\"elementor-widget-container\">\n\t\t\t\t\t<div class=\"elementor-button-wrapper\">\n\t\t\t<a class=\"elementor-button elementor-button-link elementor-size-sm\" href=\"https:\/\/harte.sk\/hu\/termekeink\/lejtett-aluminium-pergolak-mozgathato-ponyvatetovel\/pergola-live\/\">\n\t\t\t\t\t\t<span class=\"elementor-button-content-wrapper\">\n\t\t\t\t\t\t<span class=\"elementor-button-text\">Tov\u00e1bbi inform\u00e1ci\u00f3<\/span>\n\t\t<\/span>\n\t\t\t\t\t<\/a>\n\t\t<\/div>\n\t\t\t\t<\/div>\n\t\t\t\t<\/div>\n\t\t\t\t\t<\/div>\n\t\t<\/div>\n\t\t\t\t<div class=\"elementor-column elementor-col-33 elementor-top-column elementor-element elementor-element-e20b1cb ot-flex-column-vertical\" data-id=\"e20b1cb\" data-element_type=\"column\">\n\t\t\t<div class=\"elementor-widget-wrap\">\n\t\t\t\t\t\t\t<\/div>\n\t\t<\/div>\n\t\t\t\t<div class=\"elementor-column elementor-col-33 elementor-top-column elementor-element elementor-element-f319ff6 ot-flex-column-vertical\" data-id=\"f319ff6\" data-element_type=\"column\">\n\t\t\t<div class=\"elementor-widget-wrap\">\n\t\t\t\t\t\t\t<\/div>\n\t\t<\/div>\n\t\t\t\t\t<\/div>\n\t\t<\/section>\n\t\t\t\t<\/div>\n\t\t","protected":false},"excerpt":{"rendered":"<p>Term\u00e9keink Pergola Live Tov\u00e1bbi inform\u00e1ci\u00f3<\/p>\n","protected":false},"author":1,"featured_media":0,"parent":7661,"menu_order":0,"comment_status":"closed","ping_status":"closed","template":"elementor_header_footer","meta":{"_mi_skip_tracking":false,"footnotes":""},"class_list":["post-7725","page","type-page","status-publish","hentry"],"yoast_head":"<!-- This site is optimized with the Yoast SEO plugin v20.5 - https:\/\/yoast.com\/wordpress\/plugins\/seo\/ -->\n<title>Lejtett alum\u00ednium pergol\u00e1k mozgathat\u00f3 ponyvatet\u0151vel<\/title>\n<meta name=\"description\" content=\"A ponyvatet\u0151s pergol\u00e1k j\u00f3 \u00e9s rossz id\u0151ben is megv\u00e9dik a teraszunkat a nap sugarait\u00f3l. T\u00f6m\u00f6r alum\u00ednium szerkezetb\u0151l k\u00e9sz\u00fclnek....\" \/>\n<meta name=\"robots\" content=\"index, follow, max-snippet:-1, max-image-preview:large, max-video-preview:-1\" \/>\n<link rel=\"canonical\" href=\"https:\/\/harte.sk\/hu\/termekeink\/lejtett-aluminium-pergolak-mozgathato-ponyvatetovel\/\" \/>\n<meta property=\"og:locale\" content=\"hu_HU\" \/>\n<meta property=\"og:type\" content=\"article\" \/>\n<meta property=\"og:title\" content=\"Lejtett alum\u00ednium pergol\u00e1k mozgathat\u00f3 ponyvatet\u0151vel\" \/>\n<meta property=\"og:description\" content=\"A ponyvatet\u0151s pergol\u00e1k j\u00f3 \u00e9s rossz id\u0151ben is megv\u00e9dik a teraszunkat a nap sugarait\u00f3l. T\u00f6m\u00f6r alum\u00ednium szerkezetb\u0151l k\u00e9sz\u00fclnek....\" \/>\n<meta property=\"og:url\" content=\"https:\/\/harte.sk\/hu\/termekeink\/lejtett-aluminium-pergolak-mozgathato-ponyvatetovel\/\" \/>\n<meta property=\"og:site_name\" content=\"Harte.sk\" \/>\n<meta property=\"article:modified_time\" content=\"2025-01-13T09:38:03+00:00\" \/>\n<meta property=\"og:image\" content=\"https:\/\/harte.sk\/wp-content\/uploads\/elementor\/thumbs\/level-auto-beallo-305-2-qzr6hz65tehgprbv2rnqialup0h2yfkk3kvgy6l9rg.jpg\" \/>\n<meta name=\"twitter:card\" content=\"summary_large_image\" \/>\n<meta name=\"twitter:label1\" content=\"Becs\u00fclt olvas\u00e1si id\u0151\" \/>\n\t<meta name=\"twitter:data1\" content=\"1 perc\" \/>\n<script type=\"application\/ld+json\" class=\"yoast-schema-graph\">{\"@context\":\"https:\/\/schema.org\",\"@graph\":[{\"@type\":\"WebPage\",\"@id\":\"https:\/\/harte.sk\/hu\/termekeink\/lejtett-aluminium-pergolak-mozgathato-ponyvatetovel\/\",\"url\":\"https:\/\/harte.sk\/hu\/termekeink\/lejtett-aluminium-pergolak-mozgathato-ponyvatetovel\/\",\"name\":\"Lejtett alum\u00ednium pergol\u00e1k mozgathat\u00f3 ponyvatet\u0151vel\",\"isPartOf\":{\"@id\":\"https:\/\/harte.sk\/hu\/#website\"},\"datePublished\":\"2022-06-21T08:08:19+00:00\",\"dateModified\":\"2025-01-13T09:38:03+00:00\",\"description\":\"A ponyvatet\u0151s pergol\u00e1k j\u00f3 \u00e9s rossz id\u0151ben is megv\u00e9dik a teraszunkat a nap sugarait\u00f3l. T\u00f6m\u00f6r alum\u00ednium szerkezetb\u0151l k\u00e9sz\u00fclnek....\",\"breadcrumb\":{\"@id\":\"https:\/\/harte.sk\/hu\/termekeink\/lejtett-aluminium-pergolak-mozgathato-ponyvatetovel\/#breadcrumb\"},\"inLanguage\":\"hu\",\"potentialAction\":[{\"@type\":\"ReadAction\",\"target\":[\"https:\/\/harte.sk\/hu\/termekeink\/lejtett-aluminium-pergolak-mozgathato-ponyvatetovel\/\"]}]},{\"@type\":\"BreadcrumbList\",\"@id\":\"https:\/\/harte.sk\/hu\/termekeink\/lejtett-aluminium-pergolak-mozgathato-ponyvatetovel\/#breadcrumb\",\"itemListElement\":[{\"@type\":\"ListItem\",\"position\":1,\"name\":\"Domovsk\u00e1 str\u00e1nka\",\"item\":\"https:\/\/harte.sk\/hu\/\"},{\"@type\":\"ListItem\",\"position\":2,\"name\":\"Term\u00e9keink\",\"item\":\"https:\/\/harte.sk\/hu\/produkty\/\"},{\"@type\":\"ListItem\",\"position\":3,\"name\":\"Lejtett alum\u00ednium pergol\u00e1k mozgathat\u00f3 ponyvatet\u0151vel\"}]},{\"@type\":\"WebSite\",\"@id\":\"https:\/\/harte.sk\/hu\/#website\",\"url\":\"https:\/\/harte.sk\/hu\/\",\"name\":\"Harte.sk\",\"description\":\"Len \u010fal\u0161ia WordPress str\u00e1nka\",\"publisher\":{\"@id\":\"https:\/\/harte.sk\/hu\/#organization\"},\"potentialAction\":[{\"@type\":\"SearchAction\",\"target\":{\"@type\":\"EntryPoint\",\"urlTemplate\":\"https:\/\/harte.sk\/hu\/?s={search_term_string}\"},\"query-input\":\"required name=search_term_string\"}],\"inLanguage\":\"hu\"},{\"@type\":\"Organization\",\"@id\":\"https:\/\/harte.sk\/hu\/#organization\",\"name\":\"Harte.sk\",\"url\":\"https:\/\/harte.sk\/hu\/\",\"logo\":{\"@type\":\"ImageObject\",\"inLanguage\":\"hu\",\"@id\":\"https:\/\/harte.sk\/hu\/#\/schema\/logo\/image\/\",\"url\":\"https:\/\/harte.sk\/wp-content\/uploads\/2020\/06\/harte-black.svg\",\"contentUrl\":\"https:\/\/harte.sk\/wp-content\/uploads\/2020\/06\/harte-black.svg\",\"width\":282,\"height\":103,\"caption\":\"Harte.sk\"},\"image\":{\"@id\":\"https:\/\/harte.sk\/hu\/#\/schema\/logo\/image\/\"}}]}<\/script>\n<!-- \/ Yoast SEO plugin. -->","yoast_head_json":{"title":"Lejtett alum\u00ednium pergol\u00e1k mozgathat\u00f3 ponyvatet\u0151vel","description":"A ponyvatet\u0151s pergol\u00e1k j\u00f3 \u00e9s rossz id\u0151ben is megv\u00e9dik a teraszunkat a nap sugarait\u00f3l. T\u00f6m\u00f6r alum\u00ednium szerkezetb\u0151l k\u00e9sz\u00fclnek....","robots":{"index":"index","follow":"follow","max-snippet":"max-snippet:-1","max-image-preview":"max-image-preview:large","max-video-preview":"max-video-preview:-1"},"canonical":"https:\/\/harte.sk\/hu\/termekeink\/lejtett-aluminium-pergolak-mozgathato-ponyvatetovel\/","og_locale":"hu_HU","og_type":"article","og_title":"Lejtett alum\u00ednium pergol\u00e1k mozgathat\u00f3 ponyvatet\u0151vel","og_description":"A ponyvatet\u0151s pergol\u00e1k j\u00f3 \u00e9s rossz id\u0151ben is megv\u00e9dik a teraszunkat a nap sugarait\u00f3l. T\u00f6m\u00f6r alum\u00ednium szerkezetb\u0151l k\u00e9sz\u00fclnek....","og_url":"https:\/\/harte.sk\/hu\/termekeink\/lejtett-aluminium-pergolak-mozgathato-ponyvatetovel\/","og_site_name":"Harte.sk","article_modified_time":"2025-01-13T09:38:03+00:00","og_image":[{"url":"https:\/\/harte.sk\/wp-content\/uploads\/elementor\/thumbs\/level-auto-beallo-305-2-qzr6hz65tehgprbv2rnqialup0h2yfkk3kvgy6l9rg.jpg"}],"twitter_card":"summary_large_image","twitter_misc":{"Becs\u00fclt olvas\u00e1si id\u0151":"1 perc"},"schema":{"@context":"https:\/\/schema.org","@graph":[{"@type":"WebPage","@id":"https:\/\/harte.sk\/hu\/termekeink\/lejtett-aluminium-pergolak-mozgathato-ponyvatetovel\/","url":"https:\/\/harte.sk\/hu\/termekeink\/lejtett-aluminium-pergolak-mozgathato-ponyvatetovel\/","name":"Lejtett alum\u00ednium pergol\u00e1k mozgathat\u00f3 ponyvatet\u0151vel","isPartOf":{"@id":"https:\/\/harte.sk\/hu\/#website"},"datePublished":"2022-06-21T08:08:19+00:00","dateModified":"2025-01-13T09:38:03+00:00","description":"A ponyvatet\u0151s pergol\u00e1k j\u00f3 \u00e9s rossz id\u0151ben is megv\u00e9dik a teraszunkat a nap sugarait\u00f3l. T\u00f6m\u00f6r alum\u00ednium szerkezetb\u0151l k\u00e9sz\u00fclnek....","breadcrumb":{"@id":"https:\/\/harte.sk\/hu\/termekeink\/lejtett-aluminium-pergolak-mozgathato-ponyvatetovel\/#breadcrumb"},"inLanguage":"hu","potentialAction":[{"@type":"ReadAction","target":["https:\/\/harte.sk\/hu\/termekeink\/lejtett-aluminium-pergolak-mozgathato-ponyvatetovel\/"]}]},{"@type":"BreadcrumbList","@id":"https:\/\/harte.sk\/hu\/termekeink\/lejtett-aluminium-pergolak-mozgathato-ponyvatetovel\/#breadcrumb","itemListElement":[{"@type":"ListItem","position":1,"name":"Domovsk\u00e1 str\u00e1nka","item":"https:\/\/harte.sk\/hu\/"},{"@type":"ListItem","position":2,"name":"Term\u00e9keink","item":"https:\/\/harte.sk\/hu\/produkty\/"},{"@type":"ListItem","position":3,"name":"Lejtett alum\u00ednium pergol\u00e1k mozgathat\u00f3 ponyvatet\u0151vel"}]},{"@type":"WebSite","@id":"https:\/\/harte.sk\/hu\/#website","url":"https:\/\/harte.sk\/hu\/","name":"Harte.sk","description":"Len \u010fal\u0161ia WordPress str\u00e1nka","publisher":{"@id":"https:\/\/harte.sk\/hu\/#organization"},"potentialAction":[{"@type":"SearchAction","target":{"@type":"EntryPoint","urlTemplate":"https:\/\/harte.sk\/hu\/?s={search_term_string}"},"query-input":"required name=search_term_string"}],"inLanguage":"hu"},{"@type":"Organization","@id":"https:\/\/harte.sk\/hu\/#organization","name":"Harte.sk","url":"https:\/\/harte.sk\/hu\/","logo":{"@type":"ImageObject","inLanguage":"hu","@id":"https:\/\/harte.sk\/hu\/#\/schema\/logo\/image\/","url":"https:\/\/harte.sk\/wp-content\/uploads\/2020\/06\/harte-black.svg","contentUrl":"https:\/\/harte.sk\/wp-content\/uploads\/2020\/06\/harte-black.svg","width":282,"height":103,"caption":"Harte.sk"},"image":{"@id":"https:\/\/harte.sk\/hu\/#\/schema\/logo\/image\/"}}]}},"_links":{"self":[{"href":"https:\/\/harte.sk\/hu\/wp-json\/wp\/v2\/pages\/7725","targetHints":{"allow":["GET"]}}],"collection":[{"href":"https:\/\/harte.sk\/hu\/wp-json\/wp\/v2\/pages"}],"about":[{"href":"https:\/\/harte.sk\/hu\/wp-json\/wp\/v2\/types\/page"}],"author":[{"embeddable":true,"href":"https:\/\/harte.sk\/hu\/wp-json\/wp\/v2\/users\/1"}],"replies":[{"embeddable":true,"href":"https:\/\/harte.sk\/hu\/wp-json\/wp\/v2\/comments?post=7725"}],"version-history":[{"count":7,"href":"https:\/\/harte.sk\/hu\/wp-json\/wp\/v2\/pages\/7725\/revisions"}],"predecessor-version":[{"id":8911,"href":"https:\/\/harte.sk\/hu\/wp-json\/wp\/v2\/pages\/7725\/revisions\/8911"}],"up":[{"embeddable":true,"href":"https:\/\/harte.sk\/hu\/wp-json\/wp\/v2\/pages\/7661"}],"wp:attachment":[{"href":"https:\/\/harte.sk\/hu\/wp-json\/wp\/v2\/media?parent=7725"}],"curies":[{"name":"wp","href":"https:\/\/api.w.org\/{rel}","templated":true}]}}