{"id":7737,"date":"2022-06-21T11:20:42","date_gmt":"2022-06-21T09:20:42","guid":{"rendered":"https:\/\/harte.sk\/termekeink\/uvegfal-rendszerek\/"},"modified":"2025-01-13T10:41:48","modified_gmt":"2025-01-13T09:41:48","slug":"uvegfal-rendszerek","status":"publish","type":"page","link":"https:\/\/harte.sk\/hu\/termekeink\/uvegfal-rendszerek\/","title":{"rendered":"\u00dcvegfal rendszerek"},"content":{"rendered":"\t\t<div data-elementor-type=\"wp-page\" data-elementor-id=\"7737\" class=\"elementor elementor-7737 elementor-6180\" data-elementor-post-type=\"page\">\n\t\t\t\t\t\t<section class=\"elementor-section elementor-top-section elementor-element elementor-element-95390ea elementor-section-boxed elementor-section-height-default elementor-section-height-default\" data-id=\"95390ea\" data-element_type=\"section\" data-settings=\"{&quot;jet_parallax_layout_list&quot;:[]}\">\n\t\t\t\t\t\t<div class=\"elementor-container elementor-column-gap-default\">\n\t\t\t\t\t<div class=\"elementor-column elementor-col-100 elementor-top-column elementor-element elementor-element-f9636eb ot-flex-column-vertical\" data-id=\"f9636eb\" data-element_type=\"column\">\n\t\t\t<div class=\"elementor-widget-wrap elementor-element-populated\">\n\t\t\t\t\t\t<div class=\"elementor-element elementor-element-2b44031 elementor-widget elementor-widget-text-editor\" data-id=\"2b44031\" data-element_type=\"widget\" data-widget_type=\"text-editor.default\">\n\t\t\t\t<div class=\"elementor-widget-container\">\n\t\t\t\t\t\t\t<p>A tolhat\u00f3 \u00e9s r\u00f6gz\u00edtett \u00fcvegfalak seg\u00edts\u00e9g\u00e9vel egyszer\u0171en \u00e9s gyorsan bez\u00e1rhatja a pavilonok, pergol\u00e1k \u00e9s egy\u00e9b \u00e9p\u00fcletny\u00edl\u00e1sok oldal\u00e1t. A pergol\u00e1k be\u00fcvegez\u00e9s\u00e9vel nagyobb k\u00e9nyelmet kap, \u00e9s n\u00f6veli a ny\u00e1ri kertje \u00e9rt\u00e9k\u00e9t. A tolhat\u00f3 \u00fcvegfal rendszerek csal\u00e1di h\u00e1zakba, \u00e9ttermekbe \u00e9s sz\u00e1llod\u00e1kba egyar\u00e1nt alkalmasak. Praktikus \u00e9s biztons\u00e1gos megold\u00e1st k\u00edn\u00e1lnak.<\/p>\n\t\t\t\t\t\t<\/div>\n\t\t\t\t<\/div>\n\t\t\t\t\t<\/div>\n\t\t<\/div>\n\t\t\t\t\t<\/div>\n\t\t<\/section>\n\t\t\t\t<section class=\"elementor-section elementor-top-section elementor-element elementor-element-c3e287f elementor-section-boxed elementor-section-height-default elementor-section-height-default\" data-id=\"c3e287f\" data-element_type=\"section\" data-settings=\"{&quot;jet_parallax_layout_list&quot;:[]}\">\n\t\t\t\t\t\t<div class=\"elementor-container elementor-column-gap-default\">\n\t\t\t\t\t<div class=\"elementor-column elementor-col-100 elementor-top-column elementor-element elementor-element-7dcb0e7 ot-flex-column-vertical\" data-id=\"7dcb0e7\" data-element_type=\"column\">\n\t\t\t<div class=\"elementor-widget-wrap elementor-element-populated\">\n\t\t\t\t\t\t<div class=\"elementor-element elementor-element-b400b61 elementor-widget elementor-widget-heading\" data-id=\"b400b61\" data-element_type=\"widget\" data-widget_type=\"heading.default\">\n\t\t\t\t<div class=\"elementor-widget-container\">\n\t\t\t<h2 class=\"elementor-heading-title elementor-size-default\">Term\u00e9keink<\/h2>\t\t<\/div>\n\t\t\t\t<\/div>\n\t\t\t\t\t<\/div>\n\t\t<\/div>\n\t\t\t\t\t<\/div>\n\t\t<\/section>\n\t\t\t\t<section class=\"elementor-section elementor-top-section elementor-element elementor-element-bac45ec elementor-section-content-space-between elementor-section-boxed elementor-section-height-default elementor-section-height-default\" data-id=\"bac45ec\" data-element_type=\"section\" data-settings=\"{&quot;jet_parallax_layout_list&quot;:[]}\">\n\t\t\t\t\t\t<div class=\"elementor-container elementor-column-gap-default\">\n\t\t\t\t\t<div class=\"elementor-column elementor-col-33 elementor-top-column elementor-element elementor-element-a8a28f7 ot-flex-column-vertical\" data-id=\"a8a28f7\" data-element_type=\"column\">\n\t\t\t<div class=\"elementor-widget-wrap elementor-element-populated\">\n\t\t\t\t\t\t<div class=\"elementor-element elementor-element-d798b18 elementor-widget elementor-widget-image\" data-id=\"d798b18\" data-element_type=\"widget\" data-widget_type=\"image.default\">\n\t\t\t\t<div class=\"elementor-widget-container\">\n\t\t\t\t\t\t\t\t\t\t\t\t\t<img decoding=\"async\" src=\"https:\/\/harte.sk\/wp-content\/uploads\/elementor\/thumbs\/level-auto-beallo-430-1-qzr7gypw7edov8iarw3tbgripc0xgugvkr240ypq5o.jpg\" title=\"level auto beallo -430\" alt=\"level auto beallo -430\" loading=\"lazy\" \/>\t\t\t\t\t\t\t\t\t\t\t\t\t<\/div>\n\t\t\t\t<\/div>\n\t\t\t\t<div class=\"elementor-element elementor-element-a16acfb elementor-widget elementor-widget-heading\" data-id=\"a16acfb\" data-element_type=\"widget\" data-widget_type=\"heading.default\">\n\t\t\t\t<div class=\"elementor-widget-container\">\n\t\t\t<h2 class=\"elementor-heading-title elementor-size-default\">Slide Glance\n<\/h2>\t\t<\/div>\n\t\t\t\t<\/div>\n\t\t\t\t<div class=\"elementor-element elementor-element-30507e1 elementor-widget elementor-widget-heading\" data-id=\"30507e1\" data-element_type=\"widget\" data-widget_type=\"heading.default\">\n\t\t\t\t<div class=\"elementor-widget-container\">\n\t\t\t<p class=\"elementor-heading-title elementor-size-default\">Keretn\u00e9lk\u00fcli tolhat\u00f3 \u00fcvegfal\n<\/p>\t\t<\/div>\n\t\t\t\t<\/div>\n\t\t\t\t<div class=\"elementor-element elementor-element-18a722d elementor-widget elementor-widget-button\" data-id=\"18a722d\" data-element_type=\"widget\" data-widget_type=\"button.default\">\n\t\t\t\t<div class=\"elementor-widget-container\">\n\t\t\t\t\t<div class=\"elementor-button-wrapper\">\n\t\t\t<a class=\"elementor-button elementor-button-link elementor-size-sm\" href=\"https:\/\/harte.sk\/hu\/termekeink\/uvegfal-rendszerek\/slide-glance\/\">\n\t\t\t\t\t\t<span class=\"elementor-button-content-wrapper\">\n\t\t\t\t\t\t<span class=\"elementor-button-text\">Tov\u00e1bbi inform\u00e1ci\u00f3<\/span>\n\t\t<\/span>\n\t\t\t\t\t<\/a>\n\t\t<\/div>\n\t\t\t\t<\/div>\n\t\t\t\t<\/div>\n\t\t\t\t\t<\/div>\n\t\t<\/div>\n\t\t\t\t<div class=\"elementor-column elementor-col-33 elementor-top-column elementor-element elementor-element-e20b1cb ot-flex-column-vertical\" data-id=\"e20b1cb\" data-element_type=\"column\">\n\t\t\t<div class=\"elementor-widget-wrap elementor-element-populated\">\n\t\t\t\t\t\t<div class=\"elementor-element elementor-element-4570ab7 elementor-widget elementor-widget-image\" data-id=\"4570ab7\" data-element_type=\"widget\" data-widget_type=\"image.default\">\n\t\t\t\t<div class=\"elementor-widget-container\">\n\t\t\t\t\t\t\t\t\t\t\t\t\t<img decoding=\"async\" src=\"https:\/\/harte.sk\/wp-content\/uploads\/elementor\/thumbs\/level-auto-beallo-310-2-qzr7nxosw5x8z4dr2el7b7flb7nxk157j98r5udm0c.jpg\" title=\"level auto beallo -310\" alt=\"level auto beallo -310\" loading=\"lazy\" \/>\t\t\t\t\t\t\t\t\t\t\t\t\t<\/div>\n\t\t\t\t<\/div>\n\t\t\t\t<div class=\"elementor-element elementor-element-173a6d6 elementor-widget elementor-widget-heading\" data-id=\"173a6d6\" data-element_type=\"widget\" data-widget_type=\"heading.default\">\n\t\t\t\t<div class=\"elementor-widget-container\">\n\t\t\t<h2 class=\"elementor-heading-title elementor-size-default\">Slide Frame <\/h2>\t\t<\/div>\n\t\t\t\t<\/div>\n\t\t\t\t<div class=\"elementor-element elementor-element-ab8f63e elementor-widget elementor-widget-heading\" data-id=\"ab8f63e\" data-element_type=\"widget\" data-widget_type=\"heading.default\">\n\t\t\t\t<div class=\"elementor-widget-container\">\n\t\t\t<p class=\"elementor-heading-title elementor-size-default\">Keretes tolhat\u00f3 \u00fcvegfal rendszerek<\/p>\t\t<\/div>\n\t\t\t\t<\/div>\n\t\t\t\t<div class=\"elementor-element elementor-element-54e98c0 elementor-widget elementor-widget-button\" data-id=\"54e98c0\" data-element_type=\"widget\" data-widget_type=\"button.default\">\n\t\t\t\t<div class=\"elementor-widget-container\">\n\t\t\t\t\t<div class=\"elementor-button-wrapper\">\n\t\t\t<a class=\"elementor-button elementor-button-link elementor-size-sm\" href=\"https:\/\/harte.sk\/hu\/termekeink\/uvegfal-rendszerek\/slide-frame\/\">\n\t\t\t\t\t\t<span class=\"elementor-button-content-wrapper\">\n\t\t\t\t\t\t<span class=\"elementor-button-text\">Tov\u00e1bbi inform\u00e1ci\u00f3<\/span>\n\t\t<\/span>\n\t\t\t\t\t<\/a>\n\t\t<\/div>\n\t\t\t\t<\/div>\n\t\t\t\t<\/div>\n\t\t\t\t\t<\/div>\n\t\t<\/div>\n\t\t\t\t<div class=\"elementor-column elementor-col-33 elementor-top-column elementor-element elementor-element-f319ff6 ot-flex-column-vertical\" data-id=\"f319ff6\" data-element_type=\"column\">\n\t\t\t<div class=\"elementor-widget-wrap elementor-element-populated\">\n\t\t\t\t\t\t<div class=\"elementor-element elementor-element-645e298 elementor-widget elementor-widget-image\" data-id=\"645e298\" data-element_type=\"widget\" data-widget_type=\"image.default\">\n\t\t\t\t<div class=\"elementor-widget-container\">\n\t\t\t\t\t\t\t\t\t\t\t\t\t<img decoding=\"async\" src=\"https:\/\/harte.sk\/wp-content\/uploads\/elementor\/thumbs\/level-auto-beallo-432-1-qzr80e1tg4z0t4ahcae8ukago0a0jnl68wfd2twtkc.jpg\" title=\"level auto beallo -432\" alt=\"level auto beallo -432\" loading=\"lazy\" \/>\t\t\t\t\t\t\t\t\t\t\t\t\t<\/div>\n\t\t\t\t<\/div>\n\t\t\t\t<div class=\"elementor-element elementor-element-4cfa79b elementor-widget elementor-widget-heading\" data-id=\"4cfa79b\" data-element_type=\"widget\" data-widget_type=\"heading.default\">\n\t\t\t\t<div class=\"elementor-widget-container\">\n\t\t\t<h2 class=\"elementor-heading-title elementor-size-default\">Slide Frame Thermo \n<\/h2>\t\t<\/div>\n\t\t\t\t<\/div>\n\t\t\t\t<div class=\"elementor-element elementor-element-4661b49 elementor-widget elementor-widget-heading\" data-id=\"4661b49\" data-element_type=\"widget\" data-widget_type=\"heading.default\">\n\t\t\t\t<div class=\"elementor-widget-container\">\n\t\t\t<p class=\"elementor-heading-title elementor-size-default\">Tolhat\u00f3 keretes h\u0151szigetelt \u00fcvegfal <\/p>\t\t<\/div>\n\t\t\t\t<\/div>\n\t\t\t\t<div class=\"elementor-element elementor-element-4e38fac elementor-widget elementor-widget-button\" data-id=\"4e38fac\" data-element_type=\"widget\" data-widget_type=\"button.default\">\n\t\t\t\t<div class=\"elementor-widget-container\">\n\t\t\t\t\t<div class=\"elementor-button-wrapper\">\n\t\t\t<a class=\"elementor-button elementor-button-link elementor-size-sm\" href=\"https:\/\/harte.sk\/hu\/termekeink\/uvegfal-rendszerek\/slide-frame-thermo\/\">\n\t\t\t\t\t\t<span class=\"elementor-button-content-wrapper\">\n\t\t\t\t\t\t<span class=\"elementor-button-text\">Tov\u00e1bbi inform\u00e1ci\u00f3<\/span>\n\t\t<\/span>\n\t\t\t\t\t<\/a>\n\t\t<\/div>\n\t\t\t\t<\/div>\n\t\t\t\t<\/div>\n\t\t\t\t\t<\/div>\n\t\t<\/div>\n\t\t\t\t\t<\/div>\n\t\t<\/section>\n\t\t\t\t<section class=\"elementor-section elementor-top-section elementor-element elementor-element-c0646c8 elementor-section-content-space-between elementor-section-boxed elementor-section-height-default elementor-section-height-default\" data-id=\"c0646c8\" data-element_type=\"section\" data-settings=\"{&quot;jet_parallax_layout_list&quot;:[]}\">\n\t\t\t\t\t\t<div class=\"elementor-container elementor-column-gap-default\">\n\t\t\t\t\t<div class=\"elementor-column elementor-col-33 elementor-top-column elementor-element elementor-element-2e3870c ot-flex-column-vertical\" data-id=\"2e3870c\" data-element_type=\"column\">\n\t\t\t<div class=\"elementor-widget-wrap elementor-element-populated\">\n\t\t\t\t\t\t<div class=\"elementor-element elementor-element-ef7057e elementor-widget elementor-widget-image\" data-id=\"ef7057e\" data-element_type=\"widget\" data-widget_type=\"image.default\">\n\t\t\t\t<div class=\"elementor-widget-container\">\n\t\t\t\t\t\t\t\t\t\t\t\t\t<img decoding=\"async\" src=\"https:\/\/harte.sk\/wp-content\/uploads\/elementor\/thumbs\/level-auto-beallo-296-1-qzr77kbzv1igrm5tntu4du5kumcsht5ia87b9cngdo.jpg\" title=\"level auto beallo -296\" alt=\"level auto beallo -296\" loading=\"lazy\" \/>\t\t\t\t\t\t\t\t\t\t\t\t\t<\/div>\n\t\t\t\t<\/div>\n\t\t\t\t<div class=\"elementor-element elementor-element-52c6f22 elementor-widget elementor-widget-heading\" data-id=\"52c6f22\" data-element_type=\"widget\" data-widget_type=\"heading.default\">\n\t\t\t\t<div class=\"elementor-widget-container\">\n\t\t\t<h2 class=\"elementor-heading-title elementor-size-default\">Frame Fix\n<\/h2>\t\t<\/div>\n\t\t\t\t<\/div>\n\t\t\t\t<div class=\"elementor-element elementor-element-0f6c5c6 elementor-widget elementor-widget-heading\" data-id=\"0f6c5c6\" data-element_type=\"widget\" data-widget_type=\"heading.default\">\n\t\t\t\t<div class=\"elementor-widget-container\">\n\t\t\t<p class=\"elementor-heading-title elementor-size-default\">Keretes fix \u00fcvegfal<\/p>\t\t<\/div>\n\t\t\t\t<\/div>\n\t\t\t\t<div class=\"elementor-element elementor-element-3b07fcc elementor-widget elementor-widget-button\" data-id=\"3b07fcc\" data-element_type=\"widget\" data-widget_type=\"button.default\">\n\t\t\t\t<div class=\"elementor-widget-container\">\n\t\t\t\t\t<div class=\"elementor-button-wrapper\">\n\t\t\t<a class=\"elementor-button elementor-button-link elementor-size-sm\" href=\"https:\/\/harte.sk\/hu\/termekeink\/uvegfal-rendszerek\/frame-fix\/\">\n\t\t\t\t\t\t<span class=\"elementor-button-content-wrapper\">\n\t\t\t\t\t\t<span class=\"elementor-button-text\">Tov\u00e1bbi inform\u00e1ci\u00f3<\/span>\n\t\t<\/span>\n\t\t\t\t\t<\/a>\n\t\t<\/div>\n\t\t\t\t<\/div>\n\t\t\t\t<\/div>\n\t\t\t\t\t<\/div>\n\t\t<\/div>\n\t\t\t\t<div class=\"elementor-column elementor-col-33 elementor-top-column elementor-element elementor-element-240dd02 ot-flex-column-vertical\" data-id=\"240dd02\" data-element_type=\"column\">\n\t\t\t<div class=\"elementor-widget-wrap elementor-element-populated\">\n\t\t\t\t\t\t<div class=\"elementor-element elementor-element-6872fd0 elementor-widget elementor-widget-image\" data-id=\"6872fd0\" data-element_type=\"widget\" data-widget_type=\"image.default\">\n\t\t\t\t<div class=\"elementor-widget-container\">\n\t\t\t\t\t\t\t\t\t\t\t\t\t<img decoding=\"async\" src=\"https:\/\/harte.sk\/wp-content\/uploads\/elementor\/thumbs\/level-auto-beallo-440-qzr7e49highfpqn4e5th9om9yc1x5u64uny6psxmzw.jpg\" title=\"level auto beallo -440\" alt=\"level auto beallo -440\" loading=\"lazy\" \/>\t\t\t\t\t\t\t\t\t\t\t\t\t<\/div>\n\t\t\t\t<\/div>\n\t\t\t\t<div class=\"elementor-element elementor-element-2b7c67c elementor-widget elementor-widget-heading\" data-id=\"2b7c67c\" data-element_type=\"widget\" data-widget_type=\"heading.default\">\n\t\t\t\t<div class=\"elementor-widget-container\">\n\t\t\t<h2 class=\"elementor-heading-title elementor-size-default\">Frame Fix Thermo\n<\/h2>\t\t<\/div>\n\t\t\t\t<\/div>\n\t\t\t\t<div class=\"elementor-element elementor-element-ac0224d elementor-widget elementor-widget-heading\" data-id=\"ac0224d\" data-element_type=\"widget\" data-widget_type=\"heading.default\">\n\t\t\t\t<div class=\"elementor-widget-container\">\n\t\t\t<p class=\"elementor-heading-title elementor-size-default\">Keretes fix izol\u00e1lt \u00fcvegfal<\/p>\t\t<\/div>\n\t\t\t\t<\/div>\n\t\t\t\t<div class=\"elementor-element elementor-element-b710566 elementor-widget elementor-widget-button\" data-id=\"b710566\" data-element_type=\"widget\" data-widget_type=\"button.default\">\n\t\t\t\t<div class=\"elementor-widget-container\">\n\t\t\t\t\t<div class=\"elementor-button-wrapper\">\n\t\t\t<a class=\"elementor-button elementor-button-link elementor-size-sm\" href=\"https:\/\/harte.sk\/hu\/termekeink\/uvegfal-rendszerek\/frame-fix-thermo\/\">\n\t\t\t\t\t\t<span class=\"elementor-button-content-wrapper\">\n\t\t\t\t\t\t<span class=\"elementor-button-text\">Tov\u00e1bbi inform\u00e1ci\u00f3<\/span>\n\t\t<\/span>\n\t\t\t\t\t<\/a>\n\t\t<\/div>\n\t\t\t\t<\/div>\n\t\t\t\t<\/div>\n\t\t\t\t\t<\/div>\n\t\t<\/div>\n\t\t\t\t<div class=\"elementor-column elementor-col-33 elementor-top-column elementor-element elementor-element-7c16d0c ot-flex-column-vertical\" data-id=\"7c16d0c\" data-element_type=\"column\">\n\t\t\t<div class=\"elementor-widget-wrap\">\n\t\t\t\t\t\t\t<\/div>\n\t\t<\/div>\n\t\t\t\t\t<\/div>\n\t\t<\/section>\n\t\t\t\t<\/div>\n\t\t","protected":false},"excerpt":{"rendered":"<p>A tolhat\u00f3 \u00e9s r\u00f6gz\u00edtett \u00fcvegfalak seg\u00edts\u00e9g\u00e9vel egyszer\u0171en \u00e9s gyorsan bez\u00e1rhatja a pavilonok, pergol\u00e1k \u00e9s egy\u00e9b \u00e9p\u00fcletny\u00edl\u00e1sok oldal\u00e1t. A pergol\u00e1k be\u00fcvegez\u00e9s\u00e9vel nagyobb k\u00e9nyelmet kap, \u00e9s n\u00f6veli a ny\u00e1ri kertje \u00e9rt\u00e9k\u00e9t. A tolhat\u00f3 \u00fcvegfal rendszerek csal\u00e1di h\u00e1zakba, \u00e9ttermekbe \u00e9s sz\u00e1llod\u00e1kba egyar\u00e1nt alkalmasak. Praktikus \u00e9s biztons\u00e1gos megold\u00e1st k\u00edn\u00e1lnak. Term\u00e9keink Slide Glance Keretn\u00e9lk\u00fcli tolhat\u00f3 \u00fcvegfal Tov\u00e1bbi inform\u00e1ci\u00f3 Slide Frame [&hellip;]<\/p>\n","protected":false},"author":1,"featured_media":0,"parent":7661,"menu_order":0,"comment_status":"closed","ping_status":"closed","template":"elementor_header_footer","meta":{"_mi_skip_tracking":false,"footnotes":""},"class_list":["post-7737","page","type-page","status-publish","hentry"],"yoast_head":"<!-- This site is optimized with the Yoast SEO plugin v20.5 - https:\/\/yoast.com\/wordpress\/plugins\/seo\/ -->\n<title>\u00dcvegfal rendszerek - Harte.sk<\/title>\n<meta name=\"description\" content=\"A tolhat\u00f3 \u00e9s r\u00f6gz\u00edtett \u00fcvegfalak seg\u00edts\u00e9g\u00e9vel egyszer\u0171en \u00e9s gyorsan bez\u00e1rhatja a pavilonok, pergol\u00e1k \u00e9s egy\u00e9b \u00e9p\u00fcletny\u00edl\u00e1sok oldal\u00e1t.\" \/>\n<meta name=\"robots\" content=\"index, follow, max-snippet:-1, max-image-preview:large, max-video-preview:-1\" \/>\n<link rel=\"canonical\" href=\"https:\/\/harte.sk\/hu\/termekeink\/uvegfal-rendszerek\/\" \/>\n<meta property=\"og:locale\" content=\"hu_HU\" \/>\n<meta property=\"og:type\" content=\"article\" \/>\n<meta property=\"og:title\" content=\"\u00dcvegfal rendszerek - Harte.sk\" \/>\n<meta property=\"og:description\" content=\"A tolhat\u00f3 \u00e9s r\u00f6gz\u00edtett \u00fcvegfalak seg\u00edts\u00e9g\u00e9vel egyszer\u0171en \u00e9s gyorsan bez\u00e1rhatja a pavilonok, pergol\u00e1k \u00e9s egy\u00e9b \u00e9p\u00fcletny\u00edl\u00e1sok oldal\u00e1t.\" \/>\n<meta property=\"og:url\" content=\"https:\/\/harte.sk\/hu\/termekeink\/uvegfal-rendszerek\/\" \/>\n<meta property=\"og:site_name\" content=\"Harte.sk\" \/>\n<meta property=\"article:modified_time\" content=\"2025-01-13T09:41:48+00:00\" \/>\n<meta property=\"og:image\" content=\"https:\/\/harte.sk\/wp-content\/uploads\/elementor\/thumbs\/level-auto-beallo-430-1-qzr7gypw7edov8iarw3tbgripc0xgugvkr240ypq5o.jpg\" \/>\n<meta name=\"twitter:card\" content=\"summary_large_image\" \/>\n<meta name=\"twitter:label1\" content=\"Becs\u00fclt olvas\u00e1si id\u0151\" \/>\n\t<meta name=\"twitter:data1\" content=\"2 perc\" \/>\n<script type=\"application\/ld+json\" class=\"yoast-schema-graph\">{\"@context\":\"https:\/\/schema.org\",\"@graph\":[{\"@type\":\"WebPage\",\"@id\":\"https:\/\/harte.sk\/hu\/termekeink\/uvegfal-rendszerek\/\",\"url\":\"https:\/\/harte.sk\/hu\/termekeink\/uvegfal-rendszerek\/\",\"name\":\"\u00dcvegfal rendszerek - Harte.sk\",\"isPartOf\":{\"@id\":\"https:\/\/harte.sk\/hu\/#website\"},\"datePublished\":\"2022-06-21T09:20:42+00:00\",\"dateModified\":\"2025-01-13T09:41:48+00:00\",\"description\":\"A tolhat\u00f3 \u00e9s r\u00f6gz\u00edtett \u00fcvegfalak seg\u00edts\u00e9g\u00e9vel egyszer\u0171en \u00e9s gyorsan bez\u00e1rhatja a pavilonok, pergol\u00e1k \u00e9s egy\u00e9b \u00e9p\u00fcletny\u00edl\u00e1sok oldal\u00e1t.\",\"breadcrumb\":{\"@id\":\"https:\/\/harte.sk\/hu\/termekeink\/uvegfal-rendszerek\/#breadcrumb\"},\"inLanguage\":\"hu\",\"potentialAction\":[{\"@type\":\"ReadAction\",\"target\":[\"https:\/\/harte.sk\/hu\/termekeink\/uvegfal-rendszerek\/\"]}]},{\"@type\":\"BreadcrumbList\",\"@id\":\"https:\/\/harte.sk\/hu\/termekeink\/uvegfal-rendszerek\/#breadcrumb\",\"itemListElement\":[{\"@type\":\"ListItem\",\"position\":1,\"name\":\"Domovsk\u00e1 str\u00e1nka\",\"item\":\"https:\/\/harte.sk\/hu\/\"},{\"@type\":\"ListItem\",\"position\":2,\"name\":\"Term\u00e9keink\",\"item\":\"https:\/\/harte.sk\/hu\/produkty\/\"},{\"@type\":\"ListItem\",\"position\":3,\"name\":\"\u00dcvegfal rendszerek\"}]},{\"@type\":\"WebSite\",\"@id\":\"https:\/\/harte.sk\/hu\/#website\",\"url\":\"https:\/\/harte.sk\/hu\/\",\"name\":\"Harte.sk\",\"description\":\"Len \u010fal\u0161ia WordPress str\u00e1nka\",\"publisher\":{\"@id\":\"https:\/\/harte.sk\/hu\/#organization\"},\"potentialAction\":[{\"@type\":\"SearchAction\",\"target\":{\"@type\":\"EntryPoint\",\"urlTemplate\":\"https:\/\/harte.sk\/hu\/?s={search_term_string}\"},\"query-input\":\"required name=search_term_string\"}],\"inLanguage\":\"hu\"},{\"@type\":\"Organization\",\"@id\":\"https:\/\/harte.sk\/hu\/#organization\",\"name\":\"Harte.sk\",\"url\":\"https:\/\/harte.sk\/hu\/\",\"logo\":{\"@type\":\"ImageObject\",\"inLanguage\":\"hu\",\"@id\":\"https:\/\/harte.sk\/hu\/#\/schema\/logo\/image\/\",\"url\":\"https:\/\/harte.sk\/wp-content\/uploads\/2020\/06\/harte-black.svg\",\"contentUrl\":\"https:\/\/harte.sk\/wp-content\/uploads\/2020\/06\/harte-black.svg\",\"width\":282,\"height\":103,\"caption\":\"Harte.sk\"},\"image\":{\"@id\":\"https:\/\/harte.sk\/hu\/#\/schema\/logo\/image\/\"}}]}<\/script>\n<!-- \/ Yoast SEO plugin. -->","yoast_head_json":{"title":"\u00dcvegfal rendszerek - Harte.sk","description":"A tolhat\u00f3 \u00e9s r\u00f6gz\u00edtett \u00fcvegfalak seg\u00edts\u00e9g\u00e9vel egyszer\u0171en \u00e9s gyorsan bez\u00e1rhatja a pavilonok, pergol\u00e1k \u00e9s egy\u00e9b \u00e9p\u00fcletny\u00edl\u00e1sok oldal\u00e1t.","robots":{"index":"index","follow":"follow","max-snippet":"max-snippet:-1","max-image-preview":"max-image-preview:large","max-video-preview":"max-video-preview:-1"},"canonical":"https:\/\/harte.sk\/hu\/termekeink\/uvegfal-rendszerek\/","og_locale":"hu_HU","og_type":"article","og_title":"\u00dcvegfal rendszerek - Harte.sk","og_description":"A tolhat\u00f3 \u00e9s r\u00f6gz\u00edtett \u00fcvegfalak seg\u00edts\u00e9g\u00e9vel egyszer\u0171en \u00e9s gyorsan bez\u00e1rhatja a pavilonok, pergol\u00e1k \u00e9s egy\u00e9b \u00e9p\u00fcletny\u00edl\u00e1sok oldal\u00e1t.","og_url":"https:\/\/harte.sk\/hu\/termekeink\/uvegfal-rendszerek\/","og_site_name":"Harte.sk","article_modified_time":"2025-01-13T09:41:48+00:00","og_image":[{"url":"https:\/\/harte.sk\/wp-content\/uploads\/elementor\/thumbs\/level-auto-beallo-430-1-qzr7gypw7edov8iarw3tbgripc0xgugvkr240ypq5o.jpg"}],"twitter_card":"summary_large_image","twitter_misc":{"Becs\u00fclt olvas\u00e1si id\u0151":"2 perc"},"schema":{"@context":"https:\/\/schema.org","@graph":[{"@type":"WebPage","@id":"https:\/\/harte.sk\/hu\/termekeink\/uvegfal-rendszerek\/","url":"https:\/\/harte.sk\/hu\/termekeink\/uvegfal-rendszerek\/","name":"\u00dcvegfal rendszerek - Harte.sk","isPartOf":{"@id":"https:\/\/harte.sk\/hu\/#website"},"datePublished":"2022-06-21T09:20:42+00:00","dateModified":"2025-01-13T09:41:48+00:00","description":"A tolhat\u00f3 \u00e9s r\u00f6gz\u00edtett \u00fcvegfalak seg\u00edts\u00e9g\u00e9vel egyszer\u0171en \u00e9s gyorsan bez\u00e1rhatja a pavilonok, pergol\u00e1k \u00e9s egy\u00e9b \u00e9p\u00fcletny\u00edl\u00e1sok oldal\u00e1t.","breadcrumb":{"@id":"https:\/\/harte.sk\/hu\/termekeink\/uvegfal-rendszerek\/#breadcrumb"},"inLanguage":"hu","potentialAction":[{"@type":"ReadAction","target":["https:\/\/harte.sk\/hu\/termekeink\/uvegfal-rendszerek\/"]}]},{"@type":"BreadcrumbList","@id":"https:\/\/harte.sk\/hu\/termekeink\/uvegfal-rendszerek\/#breadcrumb","itemListElement":[{"@type":"ListItem","position":1,"name":"Domovsk\u00e1 str\u00e1nka","item":"https:\/\/harte.sk\/hu\/"},{"@type":"ListItem","position":2,"name":"Term\u00e9keink","item":"https:\/\/harte.sk\/hu\/produkty\/"},{"@type":"ListItem","position":3,"name":"\u00dcvegfal rendszerek"}]},{"@type":"WebSite","@id":"https:\/\/harte.sk\/hu\/#website","url":"https:\/\/harte.sk\/hu\/","name":"Harte.sk","description":"Len \u010fal\u0161ia WordPress str\u00e1nka","publisher":{"@id":"https:\/\/harte.sk\/hu\/#organization"},"potentialAction":[{"@type":"SearchAction","target":{"@type":"EntryPoint","urlTemplate":"https:\/\/harte.sk\/hu\/?s={search_term_string}"},"query-input":"required name=search_term_string"}],"inLanguage":"hu"},{"@type":"Organization","@id":"https:\/\/harte.sk\/hu\/#organization","name":"Harte.sk","url":"https:\/\/harte.sk\/hu\/","logo":{"@type":"ImageObject","inLanguage":"hu","@id":"https:\/\/harte.sk\/hu\/#\/schema\/logo\/image\/","url":"https:\/\/harte.sk\/wp-content\/uploads\/2020\/06\/harte-black.svg","contentUrl":"https:\/\/harte.sk\/wp-content\/uploads\/2020\/06\/harte-black.svg","width":282,"height":103,"caption":"Harte.sk"},"image":{"@id":"https:\/\/harte.sk\/hu\/#\/schema\/logo\/image\/"}}]}},"_links":{"self":[{"href":"https:\/\/harte.sk\/hu\/wp-json\/wp\/v2\/pages\/7737","targetHints":{"allow":["GET"]}}],"collection":[{"href":"https:\/\/harte.sk\/hu\/wp-json\/wp\/v2\/pages"}],"about":[{"href":"https:\/\/harte.sk\/hu\/wp-json\/wp\/v2\/types\/page"}],"author":[{"embeddable":true,"href":"https:\/\/harte.sk\/hu\/wp-json\/wp\/v2\/users\/1"}],"replies":[{"embeddable":true,"href":"https:\/\/harte.sk\/hu\/wp-json\/wp\/v2\/comments?post=7737"}],"version-history":[{"count":9,"href":"https:\/\/harte.sk\/hu\/wp-json\/wp\/v2\/pages\/7737\/revisions"}],"predecessor-version":[{"id":8917,"href":"https:\/\/harte.sk\/hu\/wp-json\/wp\/v2\/pages\/7737\/revisions\/8917"}],"up":[{"embeddable":true,"href":"https:\/\/harte.sk\/hu\/wp-json\/wp\/v2\/pages\/7661"}],"wp:attachment":[{"href":"https:\/\/harte.sk\/hu\/wp-json\/wp\/v2\/media?parent=7737"}],"curies":[{"name":"wp","href":"https:\/\/api.w.org\/{rel}","templated":true}]}}