{"id":7776,"date":"2022-03-11T11:17:05","date_gmt":"2022-03-11T10:17:05","guid":{"rendered":"https:\/\/harte.sk\/?page_id=7776"},"modified":"2022-12-06T10:56:38","modified_gmt":"2022-12-06T09:56:38","slug":"regisztracio","status":"publish","type":"page","link":"https:\/\/harte.sk\/hu\/regisztracio\/","title":{"rendered":"Regisztr\u00e1ci\u00f3"},"content":{"rendered":"\t\t<div data-elementor-type=\"wp-page\" data-elementor-id=\"7776\" class=\"elementor elementor-7776 elementor-4750\" data-elementor-post-type=\"page\">\n\t\t\t\t\t\t<section class=\"elementor-section elementor-top-section elementor-element elementor-element-4c578ae4 elementor-section-boxed elementor-section-height-default elementor-section-height-default\" data-id=\"4c578ae4\" data-element_type=\"section\" data-settings=\"{&quot;jet_parallax_layout_list&quot;:[]}\">\n\t\t\t\t\t\t<div class=\"elementor-container elementor-column-gap-default\">\n\t\t\t\t\t<div class=\"elementor-column elementor-col-100 elementor-top-column elementor-element elementor-element-8523c6 ot-flex-column-vertical\" data-id=\"8523c6\" data-element_type=\"column\">\n\t\t\t<div class=\"elementor-widget-wrap elementor-element-populated\">\n\t\t\t\t\t\t<div class=\"elementor-element elementor-element-66e296eb elementor-widget elementor-widget-shortcode\" data-id=\"66e296eb\" data-element_type=\"widget\" data-widget_type=\"shortcode.default\">\n\t\t\t\t<div class=\"elementor-widget-container\">\n\t\t\t\t\t<div class=\"elementor-shortcode\">\n<div class=\"um um-register um-7775\">\n\n\t<div class=\"um-form\" data-mode=\"register\">\n\n\t\t<form method=\"post\" action=\"\">\n\n\t\t\t<div class=\"um-row _um_row_1 \" style=\"margin: 0 0 30px 0;\"><div class=\"um-col-1\"><div  id=\"um_field_7775__firmasro\" class=\"um-field um-field-text  um-field-_firmasro um-field-text um-field-type_text\" data-key=\"_firmasro\"><div class=\"um-field-label\"><label for=\"_firmasro-7775\">C\u00e9gn\u00e9v (k\u00f6telez\u0151)<\/label><div class=\"um-clear\"><\/div><\/div><div class=\"um-field-area\"><input  autocomplete=\"off\" class=\"um-form-field valid \" type=\"text\" name=\"_firmasro-7775\" id=\"_firmasro-7775\" value=\"\" placeholder=\"\" data-validate=\"\" data-key=\"_firmasro\" \/>\n\n\t\t\t\t\t\t<\/div><\/div><div  id=\"um_field_7775__icodicvat\" class=\"um-field um-field-text  um-field-_icodicvat um-field-text um-field-type_text\" data-key=\"_icodicvat\"><div class=\"um-field-label\"><label for=\"_icodicvat-7775\">Ad\u00f3sz\u00e1m (k\u00f6telez\u0151)<\/label><div class=\"um-clear\"><\/div><\/div><div class=\"um-field-area\"><input  autocomplete=\"off\" class=\"um-form-field valid \" type=\"text\" name=\"_icodicvat-7775\" id=\"_icodicvat-7775\" value=\"\" placeholder=\"\" data-validate=\"\" data-key=\"_icodicvat\" \/>\n\n\t\t\t\t\t\t<\/div><\/div><div  id=\"um_field_7775__sidlofirmy\" class=\"um-field um-field-text  um-field-_sidlofirmy um-field-text um-field-type_text\" data-key=\"_sidlofirmy\"><div class=\"um-field-label\"><label for=\"_sidlofirmy-7775\">C\u00edm (k\u00f6telez\u0151)<\/label><div class=\"um-clear\"><\/div><\/div><div class=\"um-field-area\"><input  autocomplete=\"off\" class=\"um-form-field valid \" type=\"text\" name=\"_sidlofirmy-7775\" id=\"_sidlofirmy-7775\" value=\"\" placeholder=\"\" data-validate=\"\" data-key=\"_sidlofirmy\" \/>\n\n\t\t\t\t\t\t<\/div><\/div><div  id=\"um_field_7775__webstranka\" class=\"um-field um-field-text  um-field-_webstranka um-field-text um-field-type_text\" data-key=\"_webstranka\"><div class=\"um-field-label\"><label for=\"_webstranka-7775\">Weboldal<\/label><div class=\"um-clear\"><\/div><\/div><div class=\"um-field-area\"><input  autocomplete=\"off\" class=\"um-form-field valid not-required \" type=\"text\" name=\"_webstranka-7775\" id=\"_webstranka-7775\" value=\"\" placeholder=\"\" data-validate=\"\" data-key=\"_webstranka\" \/>\n\n\t\t\t\t\t\t<\/div><\/div><div  class=\"um-field um-field-divider  um-field-divider um-field-type_divider\" data-key=\"um_divider_4734_12\" style=\"border-bottom:4px solid #eeeeee;\"><\/div><div  id=\"um_field_7775_user_login\" class=\"um-field um-field-text  um-field-user_login um-field-text um-field-type_text\" data-key=\"user_login\"><div class=\"um-field-label\"><label for=\"user_login-7775\">Felhaszn\u00e1l\u00f3n\u00e9v (k\u00f6telez\u0151)<\/label><div class=\"um-clear\"><\/div><\/div><div class=\"um-field-area\"><input  autocomplete=\"off\" class=\"um-form-field valid \" type=\"text\" name=\"user_login-7775\" id=\"user_login-7775\" value=\"\" placeholder=\"\" data-validate=\"unique_username\" data-key=\"user_login\" \/>\n\n\t\t\t\t\t\t<\/div><\/div><div  id=\"um_field_7775_first_name\" class=\"um-field um-field-text  um-field-first_name um-field-text um-field-type_text\" data-key=\"first_name\"><div class=\"um-field-label\"><label for=\"first_name-7775\">Keresztn\u00e9v (k\u00f6telez\u0151)<\/label><div class=\"um-clear\"><\/div><\/div><div class=\"um-field-area\"><input  autocomplete=\"off\" class=\"um-form-field valid \" type=\"text\" name=\"first_name-7775\" id=\"first_name-7775\" value=\"\" placeholder=\"\" data-validate=\"\" data-key=\"first_name\" \/>\n\n\t\t\t\t\t\t<\/div><\/div><div  id=\"um_field_7775_last_name\" class=\"um-field um-field-text  um-field-last_name um-field-text um-field-type_text\" data-key=\"last_name\"><div class=\"um-field-label\"><label for=\"last_name-7775\">Vezet\u00e9kn\u00e9v (k\u00f6telez\u0151)<\/label><div class=\"um-clear\"><\/div><\/div><div class=\"um-field-area\"><input  autocomplete=\"off\" class=\"um-form-field valid \" type=\"text\" name=\"last_name-7775\" id=\"last_name-7775\" value=\"\" placeholder=\"\" data-validate=\"\" data-key=\"last_name\" \/>\n\n\t\t\t\t\t\t<\/div><\/div><div  id=\"um_field_7775__mobilcislo\" class=\"um-field um-field-text  um-field-_mobilcislo um-field-text um-field-type_text\" data-key=\"_mobilcislo\"><div class=\"um-field-label\"><label for=\"_mobilcislo-7775\">Mobil (k\u00f6telez\u0151)<\/label><div class=\"um-clear\"><\/div><\/div><div class=\"um-field-area\"><input  autocomplete=\"off\" class=\"um-form-field valid \" type=\"text\" name=\"_mobilcislo-7775\" id=\"_mobilcislo-7775\" value=\"\" placeholder=\"\" data-validate=\"\" data-key=\"_mobilcislo\" \/>\n\n\t\t\t\t\t\t<\/div><\/div><div  id=\"um_field_7775_user_email\" class=\"um-field um-field-text  um-field-user_email um-field-text um-field-type_text\" data-key=\"user_email\"><div class=\"um-field-label\"><label for=\"user_email-7775\">E-mail (povinn\u00e9)<\/label><div class=\"um-clear\"><\/div><\/div><div class=\"um-field-area\"><input  autocomplete=\"off\" class=\"um-form-field valid \" type=\"text\" name=\"user_email-7775\" id=\"user_email-7775\" value=\"\" placeholder=\"\" data-validate=\"unique_email\" data-key=\"user_email\" \/>\n\n\t\t\t\t\t\t<\/div><\/div><div  id=\"um_field_7775_user_password\" class=\"um-field um-field-password  um-field-user_password um-field-password um-field-type_password\" data-key=\"user_password\"><div class=\"um-field-label\"><label for=\"user_password-7775\">Jelsz\u00f3 (k\u00f6telez\u0151)<\/label><span class=\"um-tip um-tip-w\" title=\"A jelsz\u00f3 alap\u00e9rtelmezett minim\u00e1lis hossza 8 karakter. Nagybet\u0171t kell tartalmaznia. Kisbet\u0171t kell tartalmaznia. Tartalmaznia kell egy sz\u00e1mot. Tartalmaznia kell egy speci\u00e1lis karaktert (!, @, # stb.)\"><i class=\"um-icon-help-circled\"><\/i><\/span><div class=\"um-clear\"><\/div><\/div><div class=\"um-field-area\"><input class=\"um-form-field valid \" type=\"password\" name=\"user_password-7775\" id=\"user_password-7775\" value=\"\" placeholder=\"\" data-validate=\"\" data-key=\"user_password\" \/>\n\n\t\t\t\t\t\t<\/div><\/div><div  id=\"um_field_7775_confirm_user_password\" class=\"um-field um-field-password  um-field-user_password um-field-password um-field-type_password\" data-key=\"confirm_user_password\"><div class=\"um-field-label\"><label for=\"confirm_user_password-7775\">Jelsz\u00f3 meger\u0151s\u00edt\u00e9se<\/label><div class=\"um-clear\"><\/div><\/div><div class=\"um-field-area\"><input class=\"um-form-field valid \" type=\"password\" name=\"confirm_user_password-7775\" id=\"confirm_user_password-7775\" value=\"\" placeholder=\"Jelsz\u00f3 meger\u0151s\u00edt\u00e9se\" data-validate=\"\" data-key=\"confirm_user_password\" \/><\/div><\/div><\/div><\/div>\n<!-- This file should primarily consist of HTML with a little bit of PHP. -->\n<div class=\"um-field um-field-type_terms_conditions\" data-key=\"use_terms_conditions_agreement\" style=\"display:block;padding:0;\">\n\t<div class=\"um-field-area\">\n\t\t<div class=\"um-gdpr-content\" style=\"display:none;\">\n\t\t\t\t\t<\/div>\n\n\t\t\n\t\t<a href=\"javascript:void(0);\" class=\"um-toggle-gdpr\" data-toggle-state=\"hidden\"\n\t\t   data-toggle-show=\"Szem\u00e9lyes adatok v\u00e9delme\"\n\t\t   data-toggle-hide=\"Elrejt\u00e9s\">\n\t\t\tSzem\u00e9lyes adatok v\u00e9delme\t\t<\/a>\n\t<\/div>\n\t<div class=\"um-field-area\">\n\n\t\t\n\t\t<label class=\"um-field-checkbox\">\n\t\t\t<input type=\"checkbox\" name=\"use_gdpr_agreement\" value=\"1\">\n\t\t\t<span class=\"um-field-checkbox-state\"><i class=\"um-icon-android-checkbox-outline-blank\"><\/i><\/span>\n\t\t\t<span class=\"um-field-checkbox-option\">Hozz\u00e1j\u00e1rulok a szem\u00e9lyes adatok kezel\u00e9s\u00e9hez<\/span>\n\t\t<\/label>\n\t\t<div class=\"um-clear\"><\/div>\n\n\t\t\n\t\t<div class=\"um-clear\"><\/div>\n\t<\/div>\n<\/div>\n\t\t<input type=\"hidden\" name=\"form_id\" id=\"form_id_7775\" value=\"7775\" \/>\n\t\n\t<p class=\"um_request_name\">\n\t\t<label for=\"um_request_7775\">Only fill in if you are not human<\/label>\n\t\t<input type=\"hidden\" name=\"um_request\" id=\"um_request_7775\" class=\"input\" value=\"\" size=\"25\" autocomplete=\"off\" \/>\n\t<\/p>\n\n\t<input type=\"hidden\" id=\"_wpnonce\" name=\"_wpnonce\" value=\"4bdbd6fddb\" \/><input type=\"hidden\" name=\"_wp_http_referer\" value=\"\/hu\/wp-json\/wp\/v2\/pages\/7776\" \/>\n<div class=\"g-recaptcha\" id=\"um-7775\" data-mode=\"register\"><\/div>\n\n\n\t<div class=\"um-col-alt\">\n\n\t\t\n\t\t\t<div class=\"um-left um-half\">\n\t\t\t\t<input type=\"submit\" value=\"Regisztr\u00e1ci\u00f3\" class=\"um-button\" id=\"um-submit-btn\" \/>\n\t\t\t<\/div>\n\t\t\t<div class=\"um-right um-half\">\n\t\t\t\t<a href=\"https:\/\/harte.sk\/hu\/bejelentkezes\/\" class=\"um-button um-alt\">\n\t\t\t\t\tBel\u00e9p\u00e9s\t\t\t\t<\/a>\n\t\t\t<\/div>\n\n\t\t\n\t\t<div class=\"um-clear\"><\/div>\n\n\t<\/div>\n\n\t\n\t\t<\/form>\n\n\t<\/div>\n\n<\/div>\n<style>\n\t\t\t.um-7775.um {\n\t\t\tmax-width: 450px;\n\t\t}\n\t\t<\/style>\n\n\n<\/div>\n\t\t\t\t<\/div>\n\t\t\t\t<\/div>\n\t\t\t\t\t<\/div>\n\t\t<\/div>\n\t\t\t\t\t<\/div>\n\t\t<\/section>\n\t\t\t\t<\/div>\n\t\t","protected":false},"excerpt":{"rendered":"","protected":false},"author":1,"featured_media":0,"parent":0,"menu_order":0,"comment_status":"closed","ping_status":"closed","template":"","meta":{"_mi_skip_tracking":false,"footnotes":""},"class_list":["post-7776","page","type-page","status-publish","hentry"],"yoast_head":"<!-- This site is optimized with the Yoast SEO plugin v20.5 - https:\/\/yoast.com\/wordpress\/plugins\/seo\/ -->\n<title>Regisztr\u00e1ci\u00f3 - Harte.sk<\/title>\n<meta name=\"robots\" content=\"index, follow, max-snippet:-1, max-image-preview:large, max-video-preview:-1\" \/>\n<link rel=\"canonical\" href=\"https:\/\/harte.sk\/hu\/regisztracio\/\" \/>\n<meta property=\"og:locale\" content=\"hu_HU\" \/>\n<meta property=\"og:type\" content=\"article\" \/>\n<meta property=\"og:title\" content=\"Regisztr\u00e1ci\u00f3 - Harte.sk\" \/>\n<meta property=\"og:url\" content=\"https:\/\/harte.sk\/hu\/regisztracio\/\" \/>\n<meta property=\"og:site_name\" content=\"Harte.sk\" \/>\n<meta property=\"article:modified_time\" content=\"2022-12-06T09:56:38+00:00\" \/>\n<meta name=\"twitter:card\" content=\"summary_large_image\" \/>\n<meta name=\"twitter:label1\" content=\"Becs\u00fclt olvas\u00e1si id\u0151\" \/>\n\t<meta name=\"twitter:data1\" content=\"1 perc\" \/>\n<script type=\"application\/ld+json\" class=\"yoast-schema-graph\">{\"@context\":\"https:\/\/schema.org\",\"@graph\":[{\"@type\":\"WebPage\",\"@id\":\"https:\/\/harte.sk\/hu\/regisztracio\/\",\"url\":\"https:\/\/harte.sk\/hu\/regisztracio\/\",\"name\":\"Regisztr\u00e1ci\u00f3 - Harte.sk\",\"isPartOf\":{\"@id\":\"https:\/\/harte.sk\/hu\/#website\"},\"datePublished\":\"2022-03-11T10:17:05+00:00\",\"dateModified\":\"2022-12-06T09:56:38+00:00\",\"breadcrumb\":{\"@id\":\"https:\/\/harte.sk\/hu\/regisztracio\/#breadcrumb\"},\"inLanguage\":\"hu\",\"potentialAction\":[{\"@type\":\"ReadAction\",\"target\":[\"https:\/\/harte.sk\/hu\/regisztracio\/\"]}]},{\"@type\":\"BreadcrumbList\",\"@id\":\"https:\/\/harte.sk\/hu\/regisztracio\/#breadcrumb\",\"itemListElement\":[{\"@type\":\"ListItem\",\"position\":1,\"name\":\"Domovsk\u00e1 str\u00e1nka\",\"item\":\"https:\/\/harte.sk\/hu\/\"},{\"@type\":\"ListItem\",\"position\":2,\"name\":\"Regisztr\u00e1ci\u00f3\"}]},{\"@type\":\"WebSite\",\"@id\":\"https:\/\/harte.sk\/hu\/#website\",\"url\":\"https:\/\/harte.sk\/hu\/\",\"name\":\"Harte.sk\",\"description\":\"Len \u010fal\u0161ia WordPress str\u00e1nka\",\"publisher\":{\"@id\":\"https:\/\/harte.sk\/hu\/#organization\"},\"potentialAction\":[{\"@type\":\"SearchAction\",\"target\":{\"@type\":\"EntryPoint\",\"urlTemplate\":\"https:\/\/harte.sk\/hu\/?s={search_term_string}\"},\"query-input\":\"required name=search_term_string\"}],\"inLanguage\":\"hu\"},{\"@type\":\"Organization\",\"@id\":\"https:\/\/harte.sk\/hu\/#organization\",\"name\":\"Harte.sk\",\"url\":\"https:\/\/harte.sk\/hu\/\",\"logo\":{\"@type\":\"ImageObject\",\"inLanguage\":\"hu\",\"@id\":\"https:\/\/harte.sk\/hu\/#\/schema\/logo\/image\/\",\"url\":\"https:\/\/harte.sk\/wp-content\/uploads\/2020\/06\/harte-black.svg\",\"contentUrl\":\"https:\/\/harte.sk\/wp-content\/uploads\/2020\/06\/harte-black.svg\",\"width\":282,\"height\":103,\"caption\":\"Harte.sk\"},\"image\":{\"@id\":\"https:\/\/harte.sk\/hu\/#\/schema\/logo\/image\/\"}}]}<\/script>\n<!-- \/ Yoast SEO plugin. -->","yoast_head_json":{"title":"Regisztr\u00e1ci\u00f3 - Harte.sk","robots":{"index":"index","follow":"follow","max-snippet":"max-snippet:-1","max-image-preview":"max-image-preview:large","max-video-preview":"max-video-preview:-1"},"canonical":"https:\/\/harte.sk\/hu\/regisztracio\/","og_locale":"hu_HU","og_type":"article","og_title":"Regisztr\u00e1ci\u00f3 - Harte.sk","og_url":"https:\/\/harte.sk\/hu\/regisztracio\/","og_site_name":"Harte.sk","article_modified_time":"2022-12-06T09:56:38+00:00","twitter_card":"summary_large_image","twitter_misc":{"Becs\u00fclt olvas\u00e1si id\u0151":"1 perc"},"schema":{"@context":"https:\/\/schema.org","@graph":[{"@type":"WebPage","@id":"https:\/\/harte.sk\/hu\/regisztracio\/","url":"https:\/\/harte.sk\/hu\/regisztracio\/","name":"Regisztr\u00e1ci\u00f3 - Harte.sk","isPartOf":{"@id":"https:\/\/harte.sk\/hu\/#website"},"datePublished":"2022-03-11T10:17:05+00:00","dateModified":"2022-12-06T09:56:38+00:00","breadcrumb":{"@id":"https:\/\/harte.sk\/hu\/regisztracio\/#breadcrumb"},"inLanguage":"hu","potentialAction":[{"@type":"ReadAction","target":["https:\/\/harte.sk\/hu\/regisztracio\/"]}]},{"@type":"BreadcrumbList","@id":"https:\/\/harte.sk\/hu\/regisztracio\/#breadcrumb","itemListElement":[{"@type":"ListItem","position":1,"name":"Domovsk\u00e1 str\u00e1nka","item":"https:\/\/harte.sk\/hu\/"},{"@type":"ListItem","position":2,"name":"Regisztr\u00e1ci\u00f3"}]},{"@type":"WebSite","@id":"https:\/\/harte.sk\/hu\/#website","url":"https:\/\/harte.sk\/hu\/","name":"Harte.sk","description":"Len \u010fal\u0161ia WordPress str\u00e1nka","publisher":{"@id":"https:\/\/harte.sk\/hu\/#organization"},"potentialAction":[{"@type":"SearchAction","target":{"@type":"EntryPoint","urlTemplate":"https:\/\/harte.sk\/hu\/?s={search_term_string}"},"query-input":"required name=search_term_string"}],"inLanguage":"hu"},{"@type":"Organization","@id":"https:\/\/harte.sk\/hu\/#organization","name":"Harte.sk","url":"https:\/\/harte.sk\/hu\/","logo":{"@type":"ImageObject","inLanguage":"hu","@id":"https:\/\/harte.sk\/hu\/#\/schema\/logo\/image\/","url":"https:\/\/harte.sk\/wp-content\/uploads\/2020\/06\/harte-black.svg","contentUrl":"https:\/\/harte.sk\/wp-content\/uploads\/2020\/06\/harte-black.svg","width":282,"height":103,"caption":"Harte.sk"},"image":{"@id":"https:\/\/harte.sk\/hu\/#\/schema\/logo\/image\/"}}]}},"_links":{"self":[{"href":"https:\/\/harte.sk\/hu\/wp-json\/wp\/v2\/pages\/7776","targetHints":{"allow":["GET"]}}],"collection":[{"href":"https:\/\/harte.sk\/hu\/wp-json\/wp\/v2\/pages"}],"about":[{"href":"https:\/\/harte.sk\/hu\/wp-json\/wp\/v2\/types\/page"}],"author":[{"embeddable":true,"href":"https:\/\/harte.sk\/hu\/wp-json\/wp\/v2\/users\/1"}],"replies":[{"embeddable":true,"href":"https:\/\/harte.sk\/hu\/wp-json\/wp\/v2\/comments?post=7776"}],"version-history":[{"count":4,"href":"https:\/\/harte.sk\/hu\/wp-json\/wp\/v2\/pages\/7776\/revisions"}],"predecessor-version":[{"id":7780,"href":"https:\/\/harte.sk\/hu\/wp-json\/wp\/v2\/pages\/7776\/revisions\/7780"}],"wp:attachment":[{"href":"https:\/\/harte.sk\/hu\/wp-json\/wp\/v2\/media?parent=7776"}],"curies":[{"name":"wp","href":"https:\/\/api.w.org\/{rel}","templated":true}]}}