{"id":8954,"date":"2025-01-13T11:19:04","date_gmt":"2025-01-13T10:19:04","guid":{"rendered":"https:\/\/harte.sk\/?page_id=8954"},"modified":"2025-03-21T14:28:44","modified_gmt":"2025-03-21T13:28:44","slug":"carport","status":"publish","type":"page","link":"https:\/\/harte.sk\/hu\/termekeink\/carport\/","title":{"rendered":"Carport"},"content":{"rendered":"\t\t<div data-elementor-type=\"wp-page\" data-elementor-id=\"8954\" class=\"elementor elementor-8954\" data-elementor-post-type=\"page\">\n\t\t\t\t\t\t<section class=\"elementor-section elementor-top-section elementor-element elementor-element-17b5c02 elementor-section-boxed elementor-section-height-default elementor-section-height-default\" data-id=\"17b5c02\" data-element_type=\"section\" data-settings=\"{&quot;jet_parallax_layout_list&quot;:[]}\">\n\t\t\t\t\t\t<div class=\"elementor-container elementor-column-gap-default\">\n\t\t\t\t\t<div class=\"elementor-column elementor-col-100 elementor-top-column elementor-element elementor-element-40ba339 ot-flex-column-vertical\" data-id=\"40ba339\" data-element_type=\"column\">\n\t\t\t<div class=\"elementor-widget-wrap elementor-element-populated\">\n\t\t\t\t\t\t<div class=\"elementor-element elementor-element-a88de11 elementor-widget elementor-widget-heading\" data-id=\"a88de11\" data-element_type=\"widget\" data-widget_type=\"heading.default\">\n\t\t\t\t<div class=\"elementor-widget-container\">\n\t\t\t<h2 class=\"elementor-heading-title elementor-size-default\">Term\u00e9keink<\/h2>\t\t<\/div>\n\t\t\t\t<\/div>\n\t\t\t\t\t<\/div>\n\t\t<\/div>\n\t\t\t\t\t<\/div>\n\t\t<\/section>\n\t\t\t\t<section class=\"elementor-section elementor-top-section elementor-element elementor-element-d922ff7 elementor-section-boxed elementor-section-height-default elementor-section-height-default\" data-id=\"d922ff7\" data-element_type=\"section\" data-settings=\"{&quot;jet_parallax_layout_list&quot;:[]}\">\n\t\t\t\t\t\t<div class=\"elementor-container elementor-column-gap-default\">\n\t\t\t\t\t<div class=\"elementor-column elementor-col-33 elementor-top-column elementor-element elementor-element-adf5a22 ot-flex-column-vertical\" data-id=\"adf5a22\" data-element_type=\"column\">\n\t\t\t<div class=\"elementor-widget-wrap elementor-element-populated\">\n\t\t\t\t\t\t<div class=\"elementor-element elementor-element-2d3fdc1 elementor-widget elementor-widget-image\" data-id=\"2d3fdc1\" data-element_type=\"widget\" data-widget_type=\"image.default\">\n\t\t\t\t<div class=\"elementor-widget-container\">\n\t\t\t\t\t\t\t\t\t\t\t\t\t<img decoding=\"async\" src=\"https:\/\/harte.sk\/wp-content\/uploads\/elementor\/thumbs\/13-2-lampa-nelkuli-r36rxzds2ou5gsxmcggewfete5m3qd3a4zyzvq3kx8.jpg\" title=\"13-2 lampa nelkuli\" alt=\"13-2 lampa nelkuli\" loading=\"lazy\" \/>\t\t\t\t\t\t\t\t\t\t\t\t\t<\/div>\n\t\t\t\t<\/div>\n\t\t\t\t<div class=\"elementor-element elementor-element-fb55f5e elementor-widget elementor-widget-heading\" data-id=\"fb55f5e\" data-element_type=\"widget\" data-widget_type=\"heading.default\">\n\t\t\t\t<div class=\"elementor-widget-container\">\n\t\t\t<h2 class=\"elementor-heading-title elementor-size-default\">Carport t\u00e1rol\u00f3val<\/h2>\t\t<\/div>\n\t\t\t\t<\/div>\n\t\t\t\t<div class=\"elementor-element elementor-element-3964657 elementor-widget elementor-widget-button\" data-id=\"3964657\" data-element_type=\"widget\" data-widget_type=\"button.default\">\n\t\t\t\t<div class=\"elementor-widget-container\">\n\t\t\t\t\t<div class=\"elementor-button-wrapper\">\n\t\t\t<a class=\"elementor-button elementor-button-link elementor-size-sm\" href=\"https:\/\/harte.sk\/hu\/carports\/\">\n\t\t\t\t\t\t<span class=\"elementor-button-content-wrapper\">\n\t\t\t\t\t\t<span class=\"elementor-button-text\">Tov\u00e1bbi inform\u00e1ci\u00f3<\/span>\n\t\t<\/span>\n\t\t\t\t\t<\/a>\n\t\t<\/div>\n\t\t\t\t<\/div>\n\t\t\t\t<\/div>\n\t\t\t\t\t<\/div>\n\t\t<\/div>\n\t\t\t\t<div class=\"elementor-column elementor-col-33 elementor-top-column elementor-element elementor-element-4587a1c ot-flex-column-vertical\" data-id=\"4587a1c\" data-element_type=\"column\">\n\t\t\t<div class=\"elementor-widget-wrap elementor-element-populated\">\n\t\t\t\t\t\t<div class=\"elementor-element elementor-element-eec53f2 elementor-widget elementor-widget-image\" data-id=\"eec53f2\" data-element_type=\"widget\" data-widget_type=\"image.default\">\n\t\t\t\t<div class=\"elementor-widget-container\">\n\t\t\t\t\t\t\t\t\t\t\t\t\t<img decoding=\"async\" src=\"https:\/\/harte.sk\/wp-content\/uploads\/elementor\/thumbs\/real-sky-2-r36s4l6y3rvp25c6rt90x9efon1ytsbddp0uaqaz70.jpg\" title=\"real-sky-2\" alt=\"real-sky-2\" loading=\"lazy\" \/>\t\t\t\t\t\t\t\t\t\t\t\t\t<\/div>\n\t\t\t\t<\/div>\n\t\t\t\t<div class=\"elementor-element elementor-element-e30c96e elementor-widget elementor-widget-heading\" data-id=\"e30c96e\" data-element_type=\"widget\" data-widget_type=\"heading.default\">\n\t\t\t\t<div class=\"elementor-widget-container\">\n\t\t\t<h2 class=\"elementor-heading-title elementor-size-default\">Carpot<\/h2>\t\t<\/div>\n\t\t\t\t<\/div>\n\t\t\t\t<div class=\"elementor-element elementor-element-4b17baf elementor-widget elementor-widget-button\" data-id=\"4b17baf\" data-element_type=\"widget\" data-widget_type=\"button.default\">\n\t\t\t\t<div class=\"elementor-widget-container\">\n\t\t\t\t\t<div class=\"elementor-button-wrapper\">\n\t\t\t<a class=\"elementor-button elementor-button-link elementor-size-sm\" href=\"https:\/\/harte.sk\/hu\/carport-simple\/\">\n\t\t\t\t\t\t<span class=\"elementor-button-content-wrapper\">\n\t\t\t\t\t\t<span class=\"elementor-button-text\">Tov\u00e1bbi inform\u00e1ci\u00f3<\/span>\n\t\t<\/span>\n\t\t\t\t\t<\/a>\n\t\t<\/div>\n\t\t\t\t<\/div>\n\t\t\t\t<\/div>\n\t\t\t\t\t<\/div>\n\t\t<\/div>\n\t\t\t\t<div class=\"elementor-column elementor-col-33 elementor-top-column elementor-element elementor-element-9f05bb8 ot-flex-column-vertical\" data-id=\"9f05bb8\" data-element_type=\"column\">\n\t\t\t<div class=\"elementor-widget-wrap\">\n\t\t\t\t\t\t\t<\/div>\n\t\t<\/div>\n\t\t\t\t\t<\/div>\n\t\t<\/section>\n\t\t\t\t<\/div>\n\t\t","protected":false},"excerpt":{"rendered":"<p>Term\u00e9keink Carport t\u00e1rol\u00f3val Tov\u00e1bbi inform\u00e1ci\u00f3 Carpot Tov\u00e1bbi inform\u00e1ci\u00f3<\/p>\n","protected":false},"author":14,"featured_media":0,"parent":7661,"menu_order":0,"comment_status":"closed","ping_status":"closed","template":"elementor_header_footer","meta":{"_mi_skip_tracking":false,"footnotes":""},"class_list":["post-8954","page","type-page","status-publish","hentry"],"yoast_head":"<!-- This site is optimized with the Yoast SEO plugin v20.5 - https:\/\/yoast.com\/wordpress\/plugins\/seo\/ -->\n<title>Carport - Harte.sk<\/title>\n<meta name=\"description\" content=\"A v\u00edzszintes alum\u00ednium pergol\u00e1k eleg\u00e1ns, modern kialak\u00edt\u00e1sukr\u00f3l \u00e9s be\u00e9p\u00edtett v\u00edzelvezet\u0151 rendszer\u00fckr\u0151l ismertek, ami a legkifinomultabb megold\u00e1sok k\u00f6z\u00e9 sorolja \u0151ket aut\u00f3be\u00e1ll\u00f3k sz\u00e1m\u00e1ra.\" \/>\n<meta name=\"robots\" content=\"index, follow, max-snippet:-1, max-image-preview:large, max-video-preview:-1\" \/>\n<link rel=\"canonical\" href=\"https:\/\/harte.sk\/hu\/termekeink\/carport\/\" \/>\n<meta property=\"og:locale\" content=\"hu_HU\" \/>\n<meta property=\"og:type\" content=\"article\" \/>\n<meta property=\"og:title\" content=\"Carport - Harte.sk\" \/>\n<meta property=\"og:description\" content=\"A v\u00edzszintes alum\u00ednium pergol\u00e1k eleg\u00e1ns, modern kialak\u00edt\u00e1sukr\u00f3l \u00e9s be\u00e9p\u00edtett v\u00edzelvezet\u0151 rendszer\u00fckr\u0151l ismertek, ami a legkifinomultabb megold\u00e1sok k\u00f6z\u00e9 sorolja \u0151ket aut\u00f3be\u00e1ll\u00f3k sz\u00e1m\u00e1ra.\" \/>\n<meta property=\"og:url\" content=\"https:\/\/harte.sk\/hu\/termekeink\/carport\/\" \/>\n<meta property=\"og:site_name\" content=\"Harte.sk\" \/>\n<meta property=\"article:modified_time\" content=\"2025-03-21T13:28:44+00:00\" \/>\n<meta property=\"og:image\" content=\"https:\/\/harte.sk\/wp-content\/uploads\/elementor\/thumbs\/13-2-lampa-nelkuli-r36rxzds2ou5gsxmcggewfete5m3qd3a4zyzvq3kx8.jpg\" \/>\n<meta name=\"twitter:card\" content=\"summary_large_image\" \/>\n<meta name=\"twitter:label1\" content=\"Becs\u00fclt olvas\u00e1si id\u0151\" \/>\n\t<meta name=\"twitter:data1\" content=\"1 perc\" \/>\n<script type=\"application\/ld+json\" class=\"yoast-schema-graph\">{\"@context\":\"https:\/\/schema.org\",\"@graph\":[{\"@type\":\"WebPage\",\"@id\":\"https:\/\/harte.sk\/hu\/termekeink\/carport\/\",\"url\":\"https:\/\/harte.sk\/hu\/termekeink\/carport\/\",\"name\":\"Carport - Harte.sk\",\"isPartOf\":{\"@id\":\"https:\/\/harte.sk\/hu\/#website\"},\"datePublished\":\"2025-01-13T10:19:04+00:00\",\"dateModified\":\"2025-03-21T13:28:44+00:00\",\"description\":\"A v\u00edzszintes alum\u00ednium pergol\u00e1k eleg\u00e1ns, modern kialak\u00edt\u00e1sukr\u00f3l \u00e9s be\u00e9p\u00edtett v\u00edzelvezet\u0151 rendszer\u00fckr\u0151l ismertek, ami a legkifinomultabb megold\u00e1sok k\u00f6z\u00e9 sorolja \u0151ket aut\u00f3be\u00e1ll\u00f3k sz\u00e1m\u00e1ra.\",\"breadcrumb\":{\"@id\":\"https:\/\/harte.sk\/hu\/termekeink\/carport\/#breadcrumb\"},\"inLanguage\":\"hu\",\"potentialAction\":[{\"@type\":\"ReadAction\",\"target\":[\"https:\/\/harte.sk\/hu\/termekeink\/carport\/\"]}]},{\"@type\":\"BreadcrumbList\",\"@id\":\"https:\/\/harte.sk\/hu\/termekeink\/carport\/#breadcrumb\",\"itemListElement\":[{\"@type\":\"ListItem\",\"position\":1,\"name\":\"Domovsk\u00e1 str\u00e1nka\",\"item\":\"https:\/\/harte.sk\/hu\/\"},{\"@type\":\"ListItem\",\"position\":2,\"name\":\"Term\u00e9keink\",\"item\":\"https:\/\/harte.sk\/hu\/produkty\/\"},{\"@type\":\"ListItem\",\"position\":3,\"name\":\"Carport\"}]},{\"@type\":\"WebSite\",\"@id\":\"https:\/\/harte.sk\/hu\/#website\",\"url\":\"https:\/\/harte.sk\/hu\/\",\"name\":\"Harte.sk\",\"description\":\"Len \u010fal\u0161ia WordPress str\u00e1nka\",\"publisher\":{\"@id\":\"https:\/\/harte.sk\/hu\/#organization\"},\"potentialAction\":[{\"@type\":\"SearchAction\",\"target\":{\"@type\":\"EntryPoint\",\"urlTemplate\":\"https:\/\/harte.sk\/hu\/?s={search_term_string}\"},\"query-input\":\"required name=search_term_string\"}],\"inLanguage\":\"hu\"},{\"@type\":\"Organization\",\"@id\":\"https:\/\/harte.sk\/hu\/#organization\",\"name\":\"Harte.sk\",\"url\":\"https:\/\/harte.sk\/hu\/\",\"logo\":{\"@type\":\"ImageObject\",\"inLanguage\":\"hu\",\"@id\":\"https:\/\/harte.sk\/hu\/#\/schema\/logo\/image\/\",\"url\":\"https:\/\/harte.sk\/wp-content\/uploads\/2020\/06\/harte-black.svg\",\"contentUrl\":\"https:\/\/harte.sk\/wp-content\/uploads\/2020\/06\/harte-black.svg\",\"width\":282,\"height\":103,\"caption\":\"Harte.sk\"},\"image\":{\"@id\":\"https:\/\/harte.sk\/hu\/#\/schema\/logo\/image\/\"}}]}<\/script>\n<!-- \/ Yoast SEO plugin. -->","yoast_head_json":{"title":"Carport - Harte.sk","description":"A v\u00edzszintes alum\u00ednium pergol\u00e1k eleg\u00e1ns, modern kialak\u00edt\u00e1sukr\u00f3l \u00e9s be\u00e9p\u00edtett v\u00edzelvezet\u0151 rendszer\u00fckr\u0151l ismertek, ami a legkifinomultabb megold\u00e1sok k\u00f6z\u00e9 sorolja \u0151ket aut\u00f3be\u00e1ll\u00f3k sz\u00e1m\u00e1ra.","robots":{"index":"index","follow":"follow","max-snippet":"max-snippet:-1","max-image-preview":"max-image-preview:large","max-video-preview":"max-video-preview:-1"},"canonical":"https:\/\/harte.sk\/hu\/termekeink\/carport\/","og_locale":"hu_HU","og_type":"article","og_title":"Carport - Harte.sk","og_description":"A v\u00edzszintes alum\u00ednium pergol\u00e1k eleg\u00e1ns, modern kialak\u00edt\u00e1sukr\u00f3l \u00e9s be\u00e9p\u00edtett v\u00edzelvezet\u0151 rendszer\u00fckr\u0151l ismertek, ami a legkifinomultabb megold\u00e1sok k\u00f6z\u00e9 sorolja \u0151ket aut\u00f3be\u00e1ll\u00f3k sz\u00e1m\u00e1ra.","og_url":"https:\/\/harte.sk\/hu\/termekeink\/carport\/","og_site_name":"Harte.sk","article_modified_time":"2025-03-21T13:28:44+00:00","og_image":[{"url":"https:\/\/harte.sk\/wp-content\/uploads\/elementor\/thumbs\/13-2-lampa-nelkuli-r36rxzds2ou5gsxmcggewfete5m3qd3a4zyzvq3kx8.jpg"}],"twitter_card":"summary_large_image","twitter_misc":{"Becs\u00fclt olvas\u00e1si id\u0151":"1 perc"},"schema":{"@context":"https:\/\/schema.org","@graph":[{"@type":"WebPage","@id":"https:\/\/harte.sk\/hu\/termekeink\/carport\/","url":"https:\/\/harte.sk\/hu\/termekeink\/carport\/","name":"Carport - Harte.sk","isPartOf":{"@id":"https:\/\/harte.sk\/hu\/#website"},"datePublished":"2025-01-13T10:19:04+00:00","dateModified":"2025-03-21T13:28:44+00:00","description":"A v\u00edzszintes alum\u00ednium pergol\u00e1k eleg\u00e1ns, modern kialak\u00edt\u00e1sukr\u00f3l \u00e9s be\u00e9p\u00edtett v\u00edzelvezet\u0151 rendszer\u00fckr\u0151l ismertek, ami a legkifinomultabb megold\u00e1sok k\u00f6z\u00e9 sorolja \u0151ket aut\u00f3be\u00e1ll\u00f3k sz\u00e1m\u00e1ra.","breadcrumb":{"@id":"https:\/\/harte.sk\/hu\/termekeink\/carport\/#breadcrumb"},"inLanguage":"hu","potentialAction":[{"@type":"ReadAction","target":["https:\/\/harte.sk\/hu\/termekeink\/carport\/"]}]},{"@type":"BreadcrumbList","@id":"https:\/\/harte.sk\/hu\/termekeink\/carport\/#breadcrumb","itemListElement":[{"@type":"ListItem","position":1,"name":"Domovsk\u00e1 str\u00e1nka","item":"https:\/\/harte.sk\/hu\/"},{"@type":"ListItem","position":2,"name":"Term\u00e9keink","item":"https:\/\/harte.sk\/hu\/produkty\/"},{"@type":"ListItem","position":3,"name":"Carport"}]},{"@type":"WebSite","@id":"https:\/\/harte.sk\/hu\/#website","url":"https:\/\/harte.sk\/hu\/","name":"Harte.sk","description":"Len \u010fal\u0161ia WordPress str\u00e1nka","publisher":{"@id":"https:\/\/harte.sk\/hu\/#organization"},"potentialAction":[{"@type":"SearchAction","target":{"@type":"EntryPoint","urlTemplate":"https:\/\/harte.sk\/hu\/?s={search_term_string}"},"query-input":"required name=search_term_string"}],"inLanguage":"hu"},{"@type":"Organization","@id":"https:\/\/harte.sk\/hu\/#organization","name":"Harte.sk","url":"https:\/\/harte.sk\/hu\/","logo":{"@type":"ImageObject","inLanguage":"hu","@id":"https:\/\/harte.sk\/hu\/#\/schema\/logo\/image\/","url":"https:\/\/harte.sk\/wp-content\/uploads\/2020\/06\/harte-black.svg","contentUrl":"https:\/\/harte.sk\/wp-content\/uploads\/2020\/06\/harte-black.svg","width":282,"height":103,"caption":"Harte.sk"},"image":{"@id":"https:\/\/harte.sk\/hu\/#\/schema\/logo\/image\/"}}]}},"_links":{"self":[{"href":"https:\/\/harte.sk\/hu\/wp-json\/wp\/v2\/pages\/8954","targetHints":{"allow":["GET"]}}],"collection":[{"href":"https:\/\/harte.sk\/hu\/wp-json\/wp\/v2\/pages"}],"about":[{"href":"https:\/\/harte.sk\/hu\/wp-json\/wp\/v2\/types\/page"}],"author":[{"embeddable":true,"href":"https:\/\/harte.sk\/hu\/wp-json\/wp\/v2\/users\/14"}],"replies":[{"embeddable":true,"href":"https:\/\/harte.sk\/hu\/wp-json\/wp\/v2\/comments?post=8954"}],"version-history":[{"count":13,"href":"https:\/\/harte.sk\/hu\/wp-json\/wp\/v2\/pages\/8954\/revisions"}],"predecessor-version":[{"id":9236,"href":"https:\/\/harte.sk\/hu\/wp-json\/wp\/v2\/pages\/8954\/revisions\/9236"}],"up":[{"embeddable":true,"href":"https:\/\/harte.sk\/hu\/wp-json\/wp\/v2\/pages\/7661"}],"wp:attachment":[{"href":"https:\/\/harte.sk\/hu\/wp-json\/wp\/v2\/media?parent=8954"}],"curies":[{"name":"wp","href":"https:\/\/api.w.org\/{rel}","templated":true}]}}